{"id":9081,"date":"2024-04-10T21:33:21","date_gmt":"2024-04-10T21:33:21","guid":{"rendered":"https:\/\/coredevx.com\/site\/?page_id=9081"},"modified":"2024-06-10T15:47:24","modified_gmt":"2024-06-10T15:47:24","slug":"amalia-pizarro","status":"publish","type":"page","link":"https:\/\/coredevx.com\/site\/equipo\/amalia-pizarro\/","title":{"rendered":"Amalia Pizarro"},"content":{"rendered":"\t\t<div data-elementor-type=\"wp-page\" data-elementor-id=\"9081\" class=\"elementor elementor-9081\" data-elementor-post-type=\"page\">\n\t\t\t\t\t\t<section class=\"elementor-section elementor-top-section elementor-element elementor-element-71242b1 elementor-section-content-top elementor-section-boxed elementor-section-height-default elementor-section-height-default\" data-id=\"71242b1\" data-element_type=\"section\" data-e-type=\"section\">\n\t\t\t\t\t\t<div class=\"elementor-container elementor-column-gap-wide\">\n\t\t\t\t\t<div class=\"elementor-column elementor-col-100 elementor-top-column elementor-element elementor-element-afb43ff\" data-id=\"afb43ff\" data-element_type=\"column\" data-e-type=\"column\">\n\t\t\t<div class=\"elementor-widget-wrap elementor-element-populated\">\n\t\t\t\t\t\t<section class=\"elementor-section elementor-inner-section elementor-element elementor-element-1a8dae3d elementor-reverse-mobile elementor-section-content-top elementor-section-boxed elementor-section-height-default elementor-section-height-default\" data-id=\"1a8dae3d\" data-element_type=\"section\" data-e-type=\"section\">\n\t\t\t\t\t\t<div class=\"elementor-container elementor-column-gap-wide\">\n\t\t\t\t\t<div class=\"elementor-column elementor-col-50 elementor-inner-column elementor-element elementor-element-609ea0ee\" data-id=\"609ea0ee\" data-element_type=\"column\" data-e-type=\"column\">\n\t\t\t<div class=\"elementor-widget-wrap elementor-element-populated\">\n\t\t\t\t\t\t<div class=\"elementor-element elementor-element-73d46c53 elementor-widget elementor-widget-emage_hover_effects\" data-id=\"73d46c53\" data-element_type=\"widget\" data-e-type=\"widget\" data-widget_type=\"emage_hover_effects.default\">\n\t\t\t\t<div class=\"elementor-widget-container\">\n\t\t\t\t\t\r\n\t\t\t<div class=\"imghvr-wrapper\">\r\n\t\t\t\t<div class=\"imghvr\">\r\n\t\t\t\t\t\t\t\t\t\t<div class=\"imghvr-overlay imghvr-anim-fade-in imghvr-anim-single\">\r\n\t\t\t\t\t\t<div><\/div>\r\n\t\t\t\t\t<\/div>\r\n\t\t\t\t\t\t\t\t\t\t<div class=\"imghvr-content-wrapper imghvr-content-center imghvr-anim-fade-in\">\r\n\t\t\t\t\t\t\t\t\t\t\t\t\t\t\t\t\t\t\t\t\t\t\t<\/div>\r\n\t\t\t\t\t<img fetchpriority=\"high\" decoding=\"async\" width=\"1200\" height=\"1200\" src=\"https:\/\/coredevx.com\/site\/wp-content\/uploads\/2024\/06\/Amalia-vv.png\" class=\"imghvr-anim-none  attachment-full size-full wp-image-12402\" alt=\"\" srcset=\"https:\/\/coredevx.com\/site\/wp-content\/uploads\/2024\/06\/Amalia-vv.png 1200w, https:\/\/coredevx.com\/site\/wp-content\/uploads\/2024\/06\/Amalia-vv-300x300.png 300w, https:\/\/coredevx.com\/site\/wp-content\/uploads\/2024\/06\/Amalia-vv-1024x1024.png 1024w, https:\/\/coredevx.com\/site\/wp-content\/uploads\/2024\/06\/Amalia-vv-150x150.png 150w, https:\/\/coredevx.com\/site\/wp-content\/uploads\/2024\/06\/Amalia-vv-768x768.png 768w, https:\/\/coredevx.com\/site\/wp-content\/uploads\/2024\/06\/Amalia-vv-650x650.png 650w\" sizes=\"(max-width: 1200px) 100vw, 1200px\" \/>\t\t\t\t<\/div>\r\n\t\t\t<\/div>\r\n\r\n\t\t\t\t\t\t\t<\/div>\n\t\t\t\t<\/div>\n\t\t\t\t\t<\/div>\n\t\t<\/div>\n\t\t\t\t<div class=\"elementor-column elementor-col-50 elementor-inner-column elementor-element elementor-element-4ea75198\" data-id=\"4ea75198\" data-element_type=\"column\" data-e-type=\"column\">\n\t\t\t<div class=\"elementor-widget-wrap elementor-element-populated\">\n\t\t\t\t\t\t<div class=\"elementor-element elementor-element-56e9b8de elementor-widget elementor-widget-heading\" data-id=\"56e9b8de\" data-element_type=\"widget\" data-e-type=\"widget\" data-widget_type=\"heading.default\">\n\t\t\t\t<div class=\"elementor-widget-container\">\n\t\t\t\t\t<h3 class=\"elementor-heading-title elementor-size-default\">Amalia Pizarro<\/h3>\t\t\t\t<\/div>\n\t\t\t\t<\/div>\n\t\t\t\t<div class=\"elementor-element elementor-element-adfd477 elementor-widget elementor-widget-heading\" data-id=\"adfd477\" data-element_type=\"widget\" data-e-type=\"widget\" data-widget_type=\"heading.default\">\n\t\t\t\t<div class=\"elementor-widget-container\">\n\t\t\t\t\t<h4 class=\"elementor-heading-title elementor-size-default\">Senior Associate Researcher<\/h4>\t\t\t\t<\/div>\n\t\t\t\t<\/div>\n\t\t\t\t<div class=\"elementor-element elementor-element-6af72c17 elementor-widget__width-initial elementor-widget elementor-widget-text-editor\" data-id=\"6af72c17\" data-element_type=\"widget\" data-e-type=\"widget\" data-widget_type=\"text-editor.default\">\n\t\t\t\t<div class=\"elementor-widget-container\">\n\t\t\t\t\t\t\t\t\t<p>Profesora Titular del Instituto de Matem\u00e1ticas de la Universidad de Valpara\u00edso, miembro del Comit\u00e9 Cient\u00edfico Sociedad de Matem\u00e1ticas de Chile.<\/p><p>Mis intereses de investigaci\u00f3n se encuentran en la Teor\u00eda de N\u00fameros y la Criptograf\u00eda. Fui seleccionada como una de las \u201cMujeres en Ciberseguridad 2021\u201d por Alianza Chilena de Ciberseguridad.<\/p><div>\u00a0<\/div>\t\t\t\t\t\t\t\t<\/div>\n\t\t\t\t<\/div>\n\t\t\t\t\t<\/div>\n\t\t<\/div>\n\t\t\t\t\t<\/div>\n\t\t<\/section>\n\t\t\t\t\t<\/div>\n\t\t<\/div>\n\t\t\t\t\t<\/div>\n\t\t<\/section>\n\t\t\t\t<\/div>\n\t\t","protected":false},"excerpt":{"rendered":"<p>Amalia Pizarro Senior Associate Researcher Profesora Titular del Instituto de Matem\u00e1ticas de la Universidad de Valpara\u00edso, miembro del Comit\u00e9 Cient\u00edfico Sociedad de [&hellip;]<\/p>\n","protected":false},"author":4,"featured_media":0,"parent":799,"menu_order":0,"comment_status":"closed","ping_status":"closed","template":"","meta":{"footnotes":""},"class_list":["post-9081","page","type-page","status-publish","hentry"],"yoast_head":"<!-- This site is optimized with the Yoast SEO Premium plugin v27.4 (Yoast SEO v27.4) - https:\/\/yoast.com\/product\/yoast-seo-premium-wordpress\/ -->\n<title>Amalia Pizarro - coreDevX<\/title>\n<meta name=\"robots\" content=\"index, follow, max-snippet:-1, max-image-preview:large, max-video-preview:-1\" \/>\n<link rel=\"canonical\" href=\"https:\/\/coredevx.com\/site\/equipo\/amalia-pizarro\/\" \/>\n<meta property=\"og:locale\" content=\"es_ES\" \/>\n<meta property=\"og:type\" content=\"article\" \/>\n<meta property=\"og:title\" content=\"Amalia Pizarro\" \/>\n<meta property=\"og:description\" content=\"Amalia Pizarro Senior Associate Researcher Profesora Titular del Instituto de Matem\u00e1ticas de la Universidad de Valpara\u00edso, miembro del Comit\u00e9 Cient\u00edfico Sociedad de [&hellip;]\" \/>\n<meta property=\"og:url\" content=\"https:\/\/coredevx.com\/site\/equipo\/amalia-pizarro\/\" \/>\n<meta property=\"og:site_name\" content=\"coreDevX\" \/>\n<meta property=\"article:publisher\" content=\"https:\/\/www.facebook.com\/coredevxspa\" \/>\n<meta property=\"article:modified_time\" content=\"2024-06-10T15:47:24+00:00\" \/>\n<meta property=\"og:image\" content=\"https:\/\/coredevx.com\/site\/wp-content\/uploads\/2024\/06\/Amalia-vv.png\" \/>\n<meta name=\"twitter:card\" content=\"summary_large_image\" \/>\n<meta name=\"twitter:site\" content=\"@coredevx\" \/>\n<meta name=\"twitter:label1\" content=\"Tiempo de lectura\" \/>\n\t<meta name=\"twitter:data1\" content=\"1 minuto\" \/>\n<script type=\"application\/ld+json\" class=\"yoast-schema-graph\">{\"@context\":\"https:\\\/\\\/schema.org\",\"@graph\":[{\"@type\":\"WebPage\",\"@id\":\"https:\\\/\\\/coredevx.com\\\/site\\\/equipo\\\/amalia-pizarro\\\/\",\"url\":\"https:\\\/\\\/coredevx.com\\\/site\\\/equipo\\\/amalia-pizarro\\\/\",\"name\":\"Amalia Pizarro - coreDevX\",\"isPartOf\":{\"@id\":\"https:\\\/\\\/coredevx.com\\\/site\\\/#website\"},\"primaryImageOfPage\":{\"@id\":\"https:\\\/\\\/coredevx.com\\\/site\\\/equipo\\\/amalia-pizarro\\\/#primaryimage\"},\"image\":{\"@id\":\"https:\\\/\\\/coredevx.com\\\/site\\\/equipo\\\/amalia-pizarro\\\/#primaryimage\"},\"thumbnailUrl\":\"https:\\\/\\\/coredevx.com\\\/site\\\/wp-content\\\/uploads\\\/2024\\\/06\\\/Amalia-vv.png\",\"datePublished\":\"2024-04-10T21:33:21+00:00\",\"dateModified\":\"2024-06-10T15:47:24+00:00\",\"breadcrumb\":{\"@id\":\"https:\\\/\\\/coredevx.com\\\/site\\\/equipo\\\/amalia-pizarro\\\/#breadcrumb\"},\"inLanguage\":\"es\",\"potentialAction\":[{\"@type\":\"ReadAction\",\"target\":[\"https:\\\/\\\/coredevx.com\\\/site\\\/equipo\\\/amalia-pizarro\\\/\"]}]},{\"@type\":\"ImageObject\",\"inLanguage\":\"es\",\"@id\":\"https:\\\/\\\/coredevx.com\\\/site\\\/equipo\\\/amalia-pizarro\\\/#primaryimage\",\"url\":\"https:\\\/\\\/coredevx.com\\\/site\\\/wp-content\\\/uploads\\\/2024\\\/06\\\/Amalia-vv.png\",\"contentUrl\":\"https:\\\/\\\/coredevx.com\\\/site\\\/wp-content\\\/uploads\\\/2024\\\/06\\\/Amalia-vv.png\",\"width\":1200,\"height\":1200},{\"@type\":\"BreadcrumbList\",\"@id\":\"https:\\\/\\\/coredevx.com\\\/site\\\/equipo\\\/amalia-pizarro\\\/#breadcrumb\",\"itemListElement\":[{\"@type\":\"ListItem\",\"position\":1,\"name\":\"Portada\",\"item\":\"https:\\\/\\\/coredevx.com\\\/site\\\/\"},{\"@type\":\"ListItem\",\"position\":2,\"name\":\"Equipo\",\"item\":\"https:\\\/\\\/coredevx.com\\\/site\\\/equipo\\\/\"},{\"@type\":\"ListItem\",\"position\":3,\"name\":\"Amalia Pizarro\"}]},{\"@type\":\"WebSite\",\"@id\":\"https:\\\/\\\/coredevx.com\\\/site\\\/#website\",\"url\":\"https:\\\/\\\/coredevx.com\\\/site\\\/\",\"name\":\"coreDevX\",\"description\":\"Consultora y Centro de Investigaci\u00f3n\",\"publisher\":{\"@id\":\"https:\\\/\\\/coredevx.com\\\/site\\\/#organization\"},\"potentialAction\":[{\"@type\":\"SearchAction\",\"target\":{\"@type\":\"EntryPoint\",\"urlTemplate\":\"https:\\\/\\\/coredevx.com\\\/site\\\/?s={search_term_string}\"},\"query-input\":{\"@type\":\"PropertyValueSpecification\",\"valueRequired\":true,\"valueName\":\"search_term_string\"}}],\"inLanguage\":\"es\"},{\"@type\":\"Organization\",\"@id\":\"https:\\\/\\\/coredevx.com\\\/site\\\/#organization\",\"name\":\"Consultora y Centro de Investigacion COREDEVX SpA\",\"alternateName\":\"COREDEVX\",\"url\":\"https:\\\/\\\/coredevx.com\\\/site\\\/\",\"logo\":{\"@type\":\"ImageObject\",\"inLanguage\":\"es\",\"@id\":\"https:\\\/\\\/coredevx.com\\\/site\\\/#\\\/schema\\\/logo\\\/image\\\/\",\"url\":\"https:\\\/\\\/coredevx.com\\\/site\\\/wp-content\\\/uploads\\\/2023\\\/05\\\/COREDEVX-logo.svg\",\"contentUrl\":\"https:\\\/\\\/coredevx.com\\\/site\\\/wp-content\\\/uploads\\\/2023\\\/05\\\/COREDEVX-logo.svg\",\"width\":\"1024\",\"height\":\"1024\",\"caption\":\"Consultora y Centro de Investigacion COREDEVX SpA\"},\"image\":{\"@id\":\"https:\\\/\\\/coredevx.com\\\/site\\\/#\\\/schema\\\/logo\\\/image\\\/\"},\"sameAs\":[\"https:\\\/\\\/www.facebook.com\\\/coredevxspa\",\"https:\\\/\\\/x.com\\\/coredevx\",\"https:\\\/\\\/www.instagram.com\\\/coredevx\\\/\",\"https:\\\/\\\/www.linkedin.com\\\/company\\\/consultora-&-centro-de-investigacin-coredevx-spa\\\/?trk=prof-following-company-logo\"]}]}<\/script>\n<!-- \/ Yoast SEO Premium plugin. -->","yoast_head_json":{"title":"Amalia Pizarro - coreDevX","robots":{"index":"index","follow":"follow","max-snippet":"max-snippet:-1","max-image-preview":"max-image-preview:large","max-video-preview":"max-video-preview:-1"},"canonical":"https:\/\/coredevx.com\/site\/equipo\/amalia-pizarro\/","og_locale":"es_ES","og_type":"article","og_title":"Amalia Pizarro","og_description":"Amalia Pizarro Senior Associate Researcher Profesora Titular del Instituto de Matem\u00e1ticas de la Universidad de Valpara\u00edso, miembro del Comit\u00e9 Cient\u00edfico Sociedad de [&hellip;]","og_url":"https:\/\/coredevx.com\/site\/equipo\/amalia-pizarro\/","og_site_name":"coreDevX","article_publisher":"https:\/\/www.facebook.com\/coredevxspa","article_modified_time":"2024-06-10T15:47:24+00:00","og_image":[{"url":"https:\/\/coredevx.com\/site\/wp-content\/uploads\/2024\/06\/Amalia-vv.png","type":"","width":"","height":""}],"twitter_card":"summary_large_image","twitter_site":"@coredevx","twitter_misc":{"Tiempo de lectura":"1 minuto"},"schema":{"@context":"https:\/\/schema.org","@graph":[{"@type":"WebPage","@id":"https:\/\/coredevx.com\/site\/equipo\/amalia-pizarro\/","url":"https:\/\/coredevx.com\/site\/equipo\/amalia-pizarro\/","name":"Amalia Pizarro - coreDevX","isPartOf":{"@id":"https:\/\/coredevx.com\/site\/#website"},"primaryImageOfPage":{"@id":"https:\/\/coredevx.com\/site\/equipo\/amalia-pizarro\/#primaryimage"},"image":{"@id":"https:\/\/coredevx.com\/site\/equipo\/amalia-pizarro\/#primaryimage"},"thumbnailUrl":"https:\/\/coredevx.com\/site\/wp-content\/uploads\/2024\/06\/Amalia-vv.png","datePublished":"2024-04-10T21:33:21+00:00","dateModified":"2024-06-10T15:47:24+00:00","breadcrumb":{"@id":"https:\/\/coredevx.com\/site\/equipo\/amalia-pizarro\/#breadcrumb"},"inLanguage":"es","potentialAction":[{"@type":"ReadAction","target":["https:\/\/coredevx.com\/site\/equipo\/amalia-pizarro\/"]}]},{"@type":"ImageObject","inLanguage":"es","@id":"https:\/\/coredevx.com\/site\/equipo\/amalia-pizarro\/#primaryimage","url":"https:\/\/coredevx.com\/site\/wp-content\/uploads\/2024\/06\/Amalia-vv.png","contentUrl":"https:\/\/coredevx.com\/site\/wp-content\/uploads\/2024\/06\/Amalia-vv.png","width":1200,"height":1200},{"@type":"BreadcrumbList","@id":"https:\/\/coredevx.com\/site\/equipo\/amalia-pizarro\/#breadcrumb","itemListElement":[{"@type":"ListItem","position":1,"name":"Portada","item":"https:\/\/coredevx.com\/site\/"},{"@type":"ListItem","position":2,"name":"Equipo","item":"https:\/\/coredevx.com\/site\/equipo\/"},{"@type":"ListItem","position":3,"name":"Amalia Pizarro"}]},{"@type":"WebSite","@id":"https:\/\/coredevx.com\/site\/#website","url":"https:\/\/coredevx.com\/site\/","name":"coreDevX","description":"Consultora y Centro de Investigaci\u00f3n","publisher":{"@id":"https:\/\/coredevx.com\/site\/#organization"},"potentialAction":[{"@type":"SearchAction","target":{"@type":"EntryPoint","urlTemplate":"https:\/\/coredevx.com\/site\/?s={search_term_string}"},"query-input":{"@type":"PropertyValueSpecification","valueRequired":true,"valueName":"search_term_string"}}],"inLanguage":"es"},{"@type":"Organization","@id":"https:\/\/coredevx.com\/site\/#organization","name":"Consultora y Centro de Investigacion COREDEVX SpA","alternateName":"COREDEVX","url":"https:\/\/coredevx.com\/site\/","logo":{"@type":"ImageObject","inLanguage":"es","@id":"https:\/\/coredevx.com\/site\/#\/schema\/logo\/image\/","url":"https:\/\/coredevx.com\/site\/wp-content\/uploads\/2023\/05\/COREDEVX-logo.svg","contentUrl":"https:\/\/coredevx.com\/site\/wp-content\/uploads\/2023\/05\/COREDEVX-logo.svg","width":"1024","height":"1024","caption":"Consultora y Centro de Investigacion COREDEVX SpA"},"image":{"@id":"https:\/\/coredevx.com\/site\/#\/schema\/logo\/image\/"},"sameAs":["https:\/\/www.facebook.com\/coredevxspa","https:\/\/x.com\/coredevx","https:\/\/www.instagram.com\/coredevx\/","https:\/\/www.linkedin.com\/company\/consultora-&-centro-de-investigacin-coredevx-spa\/?trk=prof-following-company-logo"]}]}},"_links":{"self":[{"href":"https:\/\/coredevx.com\/site\/wp-json\/wp\/v2\/pages\/9081","targetHints":{"allow":["GET"]}}],"collection":[{"href":"https:\/\/coredevx.com\/site\/wp-json\/wp\/v2\/pages"}],"about":[{"href":"https:\/\/coredevx.com\/site\/wp-json\/wp\/v2\/types\/page"}],"author":[{"embeddable":true,"href":"https:\/\/coredevx.com\/site\/wp-json\/wp\/v2\/users\/4"}],"replies":[{"embeddable":true,"href":"https:\/\/coredevx.com\/site\/wp-json\/wp\/v2\/comments?post=9081"}],"version-history":[{"count":5,"href":"https:\/\/coredevx.com\/site\/wp-json\/wp\/v2\/pages\/9081\/revisions"}],"predecessor-version":[{"id":12414,"href":"https:\/\/coredevx.com\/site\/wp-json\/wp\/v2\/pages\/9081\/revisions\/12414"}],"up":[{"embeddable":true,"href":"https:\/\/coredevx.com\/site\/wp-json\/wp\/v2\/pages\/799"}],"wp:attachment":[{"href":"https:\/\/coredevx.com\/site\/wp-json\/wp\/v2\/media?parent=9081"}],"curies":[{"name":"wp","href":"https:\/\/api.w.org\/{rel}","templated":true}]}}