{"id":6109,"date":"2023-06-27T19:18:13","date_gmt":"2023-06-27T19:18:13","guid":{"rendered":"https:\/\/coredevx.com\/site\/?page_id=6109"},"modified":"2026-02-17T13:18:15","modified_gmt":"2026-02-17T13:18:15","slug":"ignacio-melendez","status":"publish","type":"page","link":"https:\/\/coredevx.com\/site\/equipo\/ignacio-melendez\/","title":{"rendered":"Ignacio Melendez"},"content":{"rendered":"\t\t<div data-elementor-type=\"wp-page\" data-elementor-id=\"6109\" class=\"elementor elementor-6109\" data-elementor-post-type=\"page\">\n\t\t\t\t\t\t<section class=\"elementor-section elementor-top-section elementor-element elementor-element-71242b1 elementor-section-content-top elementor-section-boxed elementor-section-height-default elementor-section-height-default\" data-id=\"71242b1\" data-element_type=\"section\">\n\t\t\t\t\t\t<div class=\"elementor-container elementor-column-gap-wide\">\n\t\t\t\t\t<div class=\"elementor-column elementor-col-100 elementor-top-column elementor-element elementor-element-afb43ff\" data-id=\"afb43ff\" data-element_type=\"column\">\n\t\t\t<div class=\"elementor-widget-wrap elementor-element-populated\">\n\t\t\t\t\t\t<section class=\"elementor-section elementor-inner-section elementor-element elementor-element-1a8dae3d elementor-reverse-mobile elementor-section-content-top elementor-section-boxed elementor-section-height-default elementor-section-height-default\" data-id=\"1a8dae3d\" data-element_type=\"section\">\n\t\t\t\t\t\t<div class=\"elementor-container elementor-column-gap-wide\">\n\t\t\t\t\t<div class=\"elementor-column elementor-col-50 elementor-inner-column elementor-element elementor-element-609ea0ee\" data-id=\"609ea0ee\" data-element_type=\"column\">\n\t\t\t<div class=\"elementor-widget-wrap elementor-element-populated\">\n\t\t\t\t\t\t<div class=\"elementor-element elementor-element-73d46c53 elementor-widget elementor-widget-emage_hover_effects\" data-id=\"73d46c53\" data-element_type=\"widget\" data-widget_type=\"emage_hover_effects.default\">\n\t\t\t\t<div class=\"elementor-widget-container\">\n\t\t\t\t\t\r\n\t\t\t<div class=\"imghvr-wrapper\">\r\n\t\t\t\t<div class=\"imghvr\">\r\n\t\t\t\t\t\t\t\t\t\t<div class=\"imghvr-overlay imghvr-anim-fade-in imghvr-anim-single\">\r\n\t\t\t\t\t\t<div><\/div>\r\n\t\t\t\t\t<\/div>\r\n\t\t\t\t\t\t\t\t\t\t<div class=\"imghvr-content-wrapper imghvr-content-center imghvr-anim-fade-in\">\r\n\t\t\t\t\t\t\t\t\t\t\t\t\t\t\t\t\t\t\t\t\t\t\t<\/div>\r\n\t\t\t\t\t<img fetchpriority=\"high\" decoding=\"async\" width=\"1200\" height=\"1200\" src=\"https:\/\/coredevx.com\/site\/wp-content\/uploads\/2025\/09\/IgnacioM-verde-3.jpg\" class=\"imghvr-anim-none  attachment-full size-full wp-image-14363\" alt=\"\" srcset=\"https:\/\/coredevx.com\/site\/wp-content\/uploads\/2025\/09\/IgnacioM-verde-3.jpg 1200w, https:\/\/coredevx.com\/site\/wp-content\/uploads\/2025\/09\/IgnacioM-verde-3-300x300.jpg 300w, https:\/\/coredevx.com\/site\/wp-content\/uploads\/2025\/09\/IgnacioM-verde-3-1024x1024.jpg 1024w, https:\/\/coredevx.com\/site\/wp-content\/uploads\/2025\/09\/IgnacioM-verde-3-150x150.jpg 150w, https:\/\/coredevx.com\/site\/wp-content\/uploads\/2025\/09\/IgnacioM-verde-3-768x768.jpg 768w, https:\/\/coredevx.com\/site\/wp-content\/uploads\/2025\/09\/IgnacioM-verde-3-650x650.jpg 650w\" sizes=\"(max-width: 1200px) 100vw, 1200px\" \/>\t\t\t\t<\/div>\r\n\t\t\t<\/div>\r\n\r\n\t\t\t\t\t\t\t<\/div>\n\t\t\t\t<\/div>\n\t\t\t\t\t<\/div>\n\t\t<\/div>\n\t\t\t\t<div class=\"elementor-column elementor-col-50 elementor-inner-column elementor-element elementor-element-4ea75198\" data-id=\"4ea75198\" data-element_type=\"column\">\n\t\t\t<div class=\"elementor-widget-wrap elementor-element-populated\">\n\t\t\t\t\t\t<div class=\"elementor-element elementor-element-56e9b8de elementor-widget elementor-widget-heading\" data-id=\"56e9b8de\" data-element_type=\"widget\" data-widget_type=\"heading.default\">\n\t\t\t\t<div class=\"elementor-widget-container\">\n\t\t\t\t\t<h3 class=\"elementor-heading-title elementor-size-default\">Ignacio Mel\u00e9ndez<\/h3>\t\t\t\t<\/div>\n\t\t\t\t<\/div>\n\t\t\t\t<div class=\"elementor-element elementor-element-adfd477 elementor-widget elementor-widget-heading\" data-id=\"adfd477\" data-element_type=\"widget\" data-widget_type=\"heading.default\">\n\t\t\t\t<div class=\"elementor-widget-container\">\n\t\t\t\t\t<h4 class=\"elementor-heading-title elementor-size-default\">Chief Innovation Officer<\/h4>\t\t\t\t<\/div>\n\t\t\t\t<\/div>\n\t\t\t\t<div class=\"elementor-element elementor-element-6af72c17 elementor-widget__width-initial elementor-widget elementor-widget-text-editor\" data-id=\"6af72c17\" data-element_type=\"widget\" data-widget_type=\"text-editor.default\">\n\t\t\t\t<div class=\"elementor-widget-container\">\n\t\t\t\t\t\t\t\t\t<p>Cuando era adolescente tom\u00e9 un taller de programaci\u00f3n en mi colegio, sinceramente con el objetivo de jugar videojuegos. Sin embargo, al corto tiempo aprend\u00ed lo entretenido que es programar y el tremendo impacto que podr\u00eda generar una persona al desarrollar software con un noble y simple computador de escritorio.<\/p><p>Desde entonces, he estado inmerso profesionalmente en el mundo de la tecnolog\u00eda, la innovaci\u00f3n y el emprendimiento durante m\u00e1s de 15 a\u00f1os. He desempe\u00f1ado distintos roles, tanto t\u00e9cnicos como estrat\u00e9gicos, en el dise\u00f1o de productos digitales para varios sectores, como el financiero, educativo, industrial, entre otros.<\/p><p>Algo que disfruto mucho es aprender constantemente nuevas materias y a la vez compartir mis conocimientos. Esto lo he podido realizar como profesor universitario de Innovaci\u00f3n y Tecnolog\u00edas, donde busco aportar a las personas en el desarrollo de sus objetivos acad\u00e9micos o laborales. Tambi\u00e9n act\u00fao como mentor de emprendimientos y startups, d\u00e1ndoles consejos y apoyo para que puedan superar los desaf\u00edos que se presentan en este din\u00e1mico ambiente.<\/p><p>En los \u00faltimos a\u00f1os, he estado investigando c\u00f3mo la tecnolog\u00eda y los ecosistemas de innovaci\u00f3n pueden ayudar ejecutivamente a desarrollar negocios que cumplan \u00edntegramente con las desafiantes metas de la sostenibilidad. Creo que es un tema muy importante, no solo para ahora, sino tambi\u00e9n para el \u00e9xito de las pr\u00f3ximas generaciones.<\/p>\t\t\t\t\t\t\t\t<\/div>\n\t\t\t\t<\/div>\n\t\t\t\t\t<\/div>\n\t\t<\/div>\n\t\t\t\t\t<\/div>\n\t\t<\/section>\n\t\t\t\t\t<\/div>\n\t\t<\/div>\n\t\t\t\t\t<\/div>\n\t\t<\/section>\n\t\t\t\t<\/div>\n\t\t","protected":false},"excerpt":{"rendered":"<p>Ignacio Mel\u00e9ndez Chief Innovation Officer Cuando era adolescente tom\u00e9 un taller de programaci\u00f3n en mi colegio, sinceramente con el objetivo de jugar [&hellip;]<\/p>\n","protected":false},"author":4,"featured_media":0,"parent":799,"menu_order":0,"comment_status":"closed","ping_status":"closed","template":"","meta":{"footnotes":""},"class_list":["post-6109","page","type-page","status-publish","hentry"],"yoast_head":"<!-- This site is optimized with the Yoast SEO Premium plugin v26.6 (Yoast SEO v27.3) - https:\/\/yoast.com\/product\/yoast-seo-premium-wordpress\/ -->\n<title>Ignacio Melendez - coreDevX<\/title>\n<meta name=\"robots\" content=\"index, follow, max-snippet:-1, max-image-preview:large, max-video-preview:-1\" \/>\n<link rel=\"canonical\" href=\"https:\/\/coredevx.com\/site\/equipo\/ignacio-melendez\/\" \/>\n<meta property=\"og:locale\" content=\"es_ES\" \/>\n<meta property=\"og:type\" content=\"article\" \/>\n<meta property=\"og:title\" content=\"Ignacio Melendez\" \/>\n<meta property=\"og:description\" content=\"Ignacio Mel\u00e9ndez Chief Innovation Officer Cuando era adolescente tom\u00e9 un taller de programaci\u00f3n en mi colegio, sinceramente con el objetivo de jugar [&hellip;]\" \/>\n<meta property=\"og:url\" content=\"https:\/\/coredevx.com\/site\/equipo\/ignacio-melendez\/\" \/>\n<meta property=\"og:site_name\" content=\"coreDevX\" \/>\n<meta property=\"article:publisher\" content=\"https:\/\/www.facebook.com\/coredevxspa\" \/>\n<meta property=\"article:modified_time\" content=\"2026-02-17T13:18:15+00:00\" \/>\n<meta property=\"og:image\" content=\"https:\/\/coredevx.com\/site\/wp-content\/uploads\/2025\/09\/IgnacioM-verde-3.jpg\" \/>\n\t<meta property=\"og:image:width\" content=\"1200\" \/>\n\t<meta property=\"og:image:height\" content=\"1200\" \/>\n\t<meta property=\"og:image:type\" content=\"image\/jpeg\" \/>\n<meta name=\"twitter:card\" content=\"summary_large_image\" \/>\n<meta name=\"twitter:site\" content=\"@coredevx\" \/>\n<meta name=\"twitter:label1\" content=\"Tiempo de lectura\" \/>\n\t<meta name=\"twitter:data1\" content=\"2 minutos\" \/>\n<script type=\"application\/ld+json\" class=\"yoast-schema-graph\">{\"@context\":\"https:\\\/\\\/schema.org\",\"@graph\":[{\"@type\":\"WebPage\",\"@id\":\"https:\\\/\\\/coredevx.com\\\/site\\\/equipo\\\/ignacio-melendez\\\/\",\"url\":\"https:\\\/\\\/coredevx.com\\\/site\\\/equipo\\\/ignacio-melendez\\\/\",\"name\":\"Ignacio Melendez - coreDevX\",\"isPartOf\":{\"@id\":\"https:\\\/\\\/coredevx.com\\\/site\\\/#website\"},\"primaryImageOfPage\":{\"@id\":\"https:\\\/\\\/coredevx.com\\\/site\\\/equipo\\\/ignacio-melendez\\\/#primaryimage\"},\"image\":{\"@id\":\"https:\\\/\\\/coredevx.com\\\/site\\\/equipo\\\/ignacio-melendez\\\/#primaryimage\"},\"thumbnailUrl\":\"https:\\\/\\\/coredevx.com\\\/site\\\/wp-content\\\/uploads\\\/2025\\\/09\\\/IgnacioM-verde-3.jpg\",\"datePublished\":\"2023-06-27T19:18:13+00:00\",\"dateModified\":\"2026-02-17T13:18:15+00:00\",\"breadcrumb\":{\"@id\":\"https:\\\/\\\/coredevx.com\\\/site\\\/equipo\\\/ignacio-melendez\\\/#breadcrumb\"},\"inLanguage\":\"es\",\"potentialAction\":[{\"@type\":\"ReadAction\",\"target\":[\"https:\\\/\\\/coredevx.com\\\/site\\\/equipo\\\/ignacio-melendez\\\/\"]}]},{\"@type\":\"ImageObject\",\"inLanguage\":\"es\",\"@id\":\"https:\\\/\\\/coredevx.com\\\/site\\\/equipo\\\/ignacio-melendez\\\/#primaryimage\",\"url\":\"https:\\\/\\\/coredevx.com\\\/site\\\/wp-content\\\/uploads\\\/2025\\\/09\\\/IgnacioM-verde-3.jpg\",\"contentUrl\":\"https:\\\/\\\/coredevx.com\\\/site\\\/wp-content\\\/uploads\\\/2025\\\/09\\\/IgnacioM-verde-3.jpg\",\"width\":1200,\"height\":1200},{\"@type\":\"BreadcrumbList\",\"@id\":\"https:\\\/\\\/coredevx.com\\\/site\\\/equipo\\\/ignacio-melendez\\\/#breadcrumb\",\"itemListElement\":[{\"@type\":\"ListItem\",\"position\":1,\"name\":\"Portada\",\"item\":\"https:\\\/\\\/coredevx.com\\\/site\\\/\"},{\"@type\":\"ListItem\",\"position\":2,\"name\":\"Equipo\",\"item\":\"https:\\\/\\\/coredevx.com\\\/site\\\/equipo\\\/\"},{\"@type\":\"ListItem\",\"position\":3,\"name\":\"Ignacio Melendez\"}]},{\"@type\":\"WebSite\",\"@id\":\"https:\\\/\\\/coredevx.com\\\/site\\\/#website\",\"url\":\"https:\\\/\\\/coredevx.com\\\/site\\\/\",\"name\":\"coreDevX\",\"description\":\"Consultora y Centro de Investigaci\u00f3n\",\"publisher\":{\"@id\":\"https:\\\/\\\/coredevx.com\\\/site\\\/#organization\"},\"potentialAction\":[{\"@type\":\"SearchAction\",\"target\":{\"@type\":\"EntryPoint\",\"urlTemplate\":\"https:\\\/\\\/coredevx.com\\\/site\\\/?s={search_term_string}\"},\"query-input\":{\"@type\":\"PropertyValueSpecification\",\"valueRequired\":true,\"valueName\":\"search_term_string\"}}],\"inLanguage\":\"es\"},{\"@type\":\"Organization\",\"@id\":\"https:\\\/\\\/coredevx.com\\\/site\\\/#organization\",\"name\":\"Consultora y Centro de Investigacion COREDEVX SpA\",\"alternateName\":\"COREDEVX\",\"url\":\"https:\\\/\\\/coredevx.com\\\/site\\\/\",\"logo\":{\"@type\":\"ImageObject\",\"inLanguage\":\"es\",\"@id\":\"https:\\\/\\\/coredevx.com\\\/site\\\/#\\\/schema\\\/logo\\\/image\\\/\",\"url\":\"https:\\\/\\\/coredevx.com\\\/site\\\/wp-content\\\/uploads\\\/2023\\\/05\\\/COREDEVX-logo.svg\",\"contentUrl\":\"https:\\\/\\\/coredevx.com\\\/site\\\/wp-content\\\/uploads\\\/2023\\\/05\\\/COREDEVX-logo.svg\",\"width\":\"1024\",\"height\":\"1024\",\"caption\":\"Consultora y Centro de Investigacion COREDEVX SpA\"},\"image\":{\"@id\":\"https:\\\/\\\/coredevx.com\\\/site\\\/#\\\/schema\\\/logo\\\/image\\\/\"},\"sameAs\":[\"https:\\\/\\\/www.facebook.com\\\/coredevxspa\",\"https:\\\/\\\/x.com\\\/coredevx\",\"https:\\\/\\\/www.instagram.com\\\/coredevx\\\/\",\"https:\\\/\\\/www.linkedin.com\\\/company\\\/consultora-&-centro-de-investigacin-coredevx-spa\\\/?trk=prof-following-company-logo\"]}]}<\/script>\n<!-- \/ Yoast SEO Premium plugin. -->","yoast_head_json":{"title":"Ignacio Melendez - coreDevX","robots":{"index":"index","follow":"follow","max-snippet":"max-snippet:-1","max-image-preview":"max-image-preview:large","max-video-preview":"max-video-preview:-1"},"canonical":"https:\/\/coredevx.com\/site\/equipo\/ignacio-melendez\/","og_locale":"es_ES","og_type":"article","og_title":"Ignacio Melendez","og_description":"Ignacio Mel\u00e9ndez Chief Innovation Officer Cuando era adolescente tom\u00e9 un taller de programaci\u00f3n en mi colegio, sinceramente con el objetivo de jugar [&hellip;]","og_url":"https:\/\/coredevx.com\/site\/equipo\/ignacio-melendez\/","og_site_name":"coreDevX","article_publisher":"https:\/\/www.facebook.com\/coredevxspa","article_modified_time":"2026-02-17T13:18:15+00:00","og_image":[{"width":1200,"height":1200,"url":"https:\/\/coredevx.com\/site\/wp-content\/uploads\/2025\/09\/IgnacioM-verde-3.jpg","type":"image\/jpeg"}],"twitter_card":"summary_large_image","twitter_site":"@coredevx","twitter_misc":{"Tiempo de lectura":"2 minutos"},"schema":{"@context":"https:\/\/schema.org","@graph":[{"@type":"WebPage","@id":"https:\/\/coredevx.com\/site\/equipo\/ignacio-melendez\/","url":"https:\/\/coredevx.com\/site\/equipo\/ignacio-melendez\/","name":"Ignacio Melendez - coreDevX","isPartOf":{"@id":"https:\/\/coredevx.com\/site\/#website"},"primaryImageOfPage":{"@id":"https:\/\/coredevx.com\/site\/equipo\/ignacio-melendez\/#primaryimage"},"image":{"@id":"https:\/\/coredevx.com\/site\/equipo\/ignacio-melendez\/#primaryimage"},"thumbnailUrl":"https:\/\/coredevx.com\/site\/wp-content\/uploads\/2025\/09\/IgnacioM-verde-3.jpg","datePublished":"2023-06-27T19:18:13+00:00","dateModified":"2026-02-17T13:18:15+00:00","breadcrumb":{"@id":"https:\/\/coredevx.com\/site\/equipo\/ignacio-melendez\/#breadcrumb"},"inLanguage":"es","potentialAction":[{"@type":"ReadAction","target":["https:\/\/coredevx.com\/site\/equipo\/ignacio-melendez\/"]}]},{"@type":"ImageObject","inLanguage":"es","@id":"https:\/\/coredevx.com\/site\/equipo\/ignacio-melendez\/#primaryimage","url":"https:\/\/coredevx.com\/site\/wp-content\/uploads\/2025\/09\/IgnacioM-verde-3.jpg","contentUrl":"https:\/\/coredevx.com\/site\/wp-content\/uploads\/2025\/09\/IgnacioM-verde-3.jpg","width":1200,"height":1200},{"@type":"BreadcrumbList","@id":"https:\/\/coredevx.com\/site\/equipo\/ignacio-melendez\/#breadcrumb","itemListElement":[{"@type":"ListItem","position":1,"name":"Portada","item":"https:\/\/coredevx.com\/site\/"},{"@type":"ListItem","position":2,"name":"Equipo","item":"https:\/\/coredevx.com\/site\/equipo\/"},{"@type":"ListItem","position":3,"name":"Ignacio Melendez"}]},{"@type":"WebSite","@id":"https:\/\/coredevx.com\/site\/#website","url":"https:\/\/coredevx.com\/site\/","name":"coreDevX","description":"Consultora y Centro de Investigaci\u00f3n","publisher":{"@id":"https:\/\/coredevx.com\/site\/#organization"},"potentialAction":[{"@type":"SearchAction","target":{"@type":"EntryPoint","urlTemplate":"https:\/\/coredevx.com\/site\/?s={search_term_string}"},"query-input":{"@type":"PropertyValueSpecification","valueRequired":true,"valueName":"search_term_string"}}],"inLanguage":"es"},{"@type":"Organization","@id":"https:\/\/coredevx.com\/site\/#organization","name":"Consultora y Centro de Investigacion COREDEVX SpA","alternateName":"COREDEVX","url":"https:\/\/coredevx.com\/site\/","logo":{"@type":"ImageObject","inLanguage":"es","@id":"https:\/\/coredevx.com\/site\/#\/schema\/logo\/image\/","url":"https:\/\/coredevx.com\/site\/wp-content\/uploads\/2023\/05\/COREDEVX-logo.svg","contentUrl":"https:\/\/coredevx.com\/site\/wp-content\/uploads\/2023\/05\/COREDEVX-logo.svg","width":"1024","height":"1024","caption":"Consultora y Centro de Investigacion COREDEVX SpA"},"image":{"@id":"https:\/\/coredevx.com\/site\/#\/schema\/logo\/image\/"},"sameAs":["https:\/\/www.facebook.com\/coredevxspa","https:\/\/x.com\/coredevx","https:\/\/www.instagram.com\/coredevx\/","https:\/\/www.linkedin.com\/company\/consultora-&-centro-de-investigacin-coredevx-spa\/?trk=prof-following-company-logo"]}]}},"_links":{"self":[{"href":"https:\/\/coredevx.com\/site\/wp-json\/wp\/v2\/pages\/6109","targetHints":{"allow":["GET"]}}],"collection":[{"href":"https:\/\/coredevx.com\/site\/wp-json\/wp\/v2\/pages"}],"about":[{"href":"https:\/\/coredevx.com\/site\/wp-json\/wp\/v2\/types\/page"}],"author":[{"embeddable":true,"href":"https:\/\/coredevx.com\/site\/wp-json\/wp\/v2\/users\/4"}],"replies":[{"embeddable":true,"href":"https:\/\/coredevx.com\/site\/wp-json\/wp\/v2\/comments?post=6109"}],"version-history":[{"count":11,"href":"https:\/\/coredevx.com\/site\/wp-json\/wp\/v2\/pages\/6109\/revisions"}],"predecessor-version":[{"id":14676,"href":"https:\/\/coredevx.com\/site\/wp-json\/wp\/v2\/pages\/6109\/revisions\/14676"}],"up":[{"embeddable":true,"href":"https:\/\/coredevx.com\/site\/wp-json\/wp\/v2\/pages\/799"}],"wp:attachment":[{"href":"https:\/\/coredevx.com\/site\/wp-json\/wp\/v2\/media?parent=6109"}],"curies":[{"name":"wp","href":"https:\/\/api.w.org\/{rel}","templated":true}]}}