{"id":5950,"date":"2023-06-23T05:16:15","date_gmt":"2023-06-23T05:16:15","guid":{"rendered":"https:\/\/coredevx.com\/site\/?page_id=5950"},"modified":"2024-05-13T20:38:11","modified_gmt":"2024-05-13T20:38:11","slug":"ar-vr","status":"publish","type":"page","link":"https:\/\/coredevx.com\/site\/coredevx-labs\/ar-vr\/","title":{"rendered":"AR-VR"},"content":{"rendered":"\t\t<div data-elementor-type=\"wp-page\" data-elementor-id=\"5950\" class=\"elementor elementor-5950\" data-elementor-post-type=\"page\">\n\t\t\t\t<div class=\"elementor-element elementor-element-bc66146 e-flex e-con-boxed e-con e-parent\" data-id=\"bc66146\" data-element_type=\"container\" data-settings=\"{&quot;background_background&quot;:&quot;video&quot;,&quot;background_video_link&quot;:&quot;https:\\\/\\\/coredevx.com\\\/site\\\/wp-content\\\/uploads\\\/2023\\\/06\\\/Sequence-01_3.mp4&quot;,&quot;background_play_on_mobile&quot;:&quot;yes&quot;}\">\n\t\t\t\t\t<div class=\"e-con-inner\">\n\t\t<div class=\"elementor-background-video-container\" aria-hidden=\"true\">\n\t\t\t\t\t\t\t<video class=\"elementor-background-video-hosted\" autoplay muted playsinline loop><\/video>\n\t\t\t\t\t<\/div><div class=\"elementor-element elementor-element-b6f1ef0 e-con-full e-flex e-con e-child\" data-id=\"b6f1ef0\" data-element_type=\"container\">\n\t\t\t\t<div class=\"elementor-element elementor-element-e2d71dd elementor-widget__width-initial elementor-widget-mobile__width-inherit elementor-widget elementor-widget-heading\" data-id=\"e2d71dd\" data-element_type=\"widget\" data-widget_type=\"heading.default\">\n\t\t\t\t<div class=\"elementor-widget-container\">\n\t\t\t\t\t<h1 class=\"elementor-heading-title elementor-size-default\">AR-VR<\/h1>\t\t\t\t<\/div>\n\t\t\t\t<\/div>\n\t\t\t\t<div class=\"elementor-element elementor-element-33ba0fa elementor-widget__width-initial elementor-widget-mobile__width-inherit elementor-widget elementor-widget-text-editor\" data-id=\"33ba0fa\" data-element_type=\"widget\" data-widget_type=\"text-editor.default\">\n\t\t\t\t<div class=\"elementor-widget-container\">\n\t\t\t\t\t\t\t\t\t<p>La <strong>realidad aumentada<\/strong> y la <strong>realidad virtual<\/strong> est\u00e1n habilitando la era de la <strong>computaci\u00f3n espacial<\/strong>. La pr\u00f3xima frontera de <strong>experiencia de usuario<\/strong>.<\/p>\t\t\t\t\t\t\t\t<\/div>\n\t\t\t\t<\/div>\n\t\t\t\t<\/div>\n\t\t\t\t\t<\/div>\n\t\t\t\t<\/div>\n\t\t\t\t<section class=\"elementor-section elementor-top-section elementor-element elementor-element-5ca37b3 elementor-section-boxed elementor-section-height-default elementor-section-height-default\" data-id=\"5ca37b3\" data-element_type=\"section\">\n\t\t\t\t\t\t<div class=\"elementor-container elementor-column-gap-default\">\n\t\t\t\t\t<div class=\"elementor-column elementor-col-100 elementor-top-column elementor-element elementor-element-6e5757c\" data-id=\"6e5757c\" data-element_type=\"column\">\n\t\t\t<div class=\"elementor-widget-wrap elementor-element-populated\">\n\t\t\t\t\t\t<section class=\"elementor-section elementor-inner-section elementor-element elementor-element-0246cf5 elementor-section-boxed elementor-section-height-default elementor-section-height-default\" data-id=\"0246cf5\" data-element_type=\"section\">\n\t\t\t\t\t\t<div class=\"elementor-container elementor-column-gap-default\">\n\t\t\t\t\t<div class=\"elementor-column elementor-col-100 elementor-inner-column elementor-element elementor-element-6bf2c34\" data-id=\"6bf2c34\" data-element_type=\"column\">\n\t\t\t<div class=\"elementor-widget-wrap elementor-element-populated\">\n\t\t\t\t\t\t<div class=\"elementor-element elementor-element-a571d74 elementor-widget__width-initial elementor-widget-mobile__width-inherit elementor-widget elementor-widget-heading\" data-id=\"a571d74\" data-element_type=\"widget\" data-widget_type=\"heading.default\">\n\t\t\t\t<div class=\"elementor-widget-container\">\n\t\t\t\t\t<h3 class=\"elementor-heading-title elementor-size-default\">Trabajamos con los <b>principales dispositivos de AR y VR del mercado<\/b>, ofreciendo experiencias \u00fanicas.<\/h3>\t\t\t\t<\/div>\n\t\t\t\t<\/div>\n\t\t\t\t<div class=\"elementor-element elementor-element-c409fe3 elementor-widget elementor-widget-text-editor\" data-id=\"c409fe3\" data-element_type=\"widget\" data-widget_type=\"text-editor.default\">\n\t\t\t\t<div class=\"elementor-widget-container\">\n\t\t\t\t\t\t\t\t\t<p>Explore los fascinantes mundos de la inmersi\u00f3n virtual y la realidad aumentada.<\/p>\t\t\t\t\t\t\t\t<\/div>\n\t\t\t\t<\/div>\n\t\t\t\t\t<\/div>\n\t\t<\/div>\n\t\t\t\t\t<\/div>\n\t\t<\/section>\n\t\t\t\t<div class=\"elementor-element elementor-element-f77e6db elementor-widget elementor-widget-spacer\" data-id=\"f77e6db\" data-element_type=\"widget\" data-widget_type=\"spacer.default\">\n\t\t\t\t<div class=\"elementor-widget-container\">\n\t\t\t\t\t\t\t<div class=\"elementor-spacer\">\n\t\t\t<div class=\"elementor-spacer-inner\"><\/div>\n\t\t<\/div>\n\t\t\t\t\t\t<\/div>\n\t\t\t\t<\/div>\n\t\t\t\t<section class=\"elementor-section elementor-inner-section elementor-element elementor-element-acbef0f elementor-section-content-middle elementor-section-boxed elementor-section-height-default elementor-section-height-default\" data-id=\"acbef0f\" data-element_type=\"section\">\n\t\t\t\t\t\t<div class=\"elementor-container elementor-column-gap-default\">\n\t\t\t\t\t<div class=\"elementor-column elementor-col-50 elementor-inner-column elementor-element elementor-element-e86f32a\" data-id=\"e86f32a\" data-element_type=\"column\">\n\t\t\t<div class=\"elementor-widget-wrap elementor-element-populated\">\n\t\t\t\t\t\t<div class=\"elementor-element elementor-element-dd73957 elementor-widget__width-initial elementor-widget elementor-widget-image\" data-id=\"dd73957\" data-element_type=\"widget\" data-widget_type=\"image.default\">\n\t\t\t\t<div class=\"elementor-widget-container\">\n\t\t\t\t\t\t\t\t\t\t\t\t\t\t\t<img fetchpriority=\"high\" decoding=\"async\" width=\"640\" height=\"960\" src=\"https:\/\/coredevx.com\/site\/wp-content\/uploads\/2023\/06\/maxim-tolchinskiy-v3z79Wzs9kA-unsplash.jpeg\" class=\"attachment-large size-large wp-image-5954\" alt=\"\" srcset=\"https:\/\/coredevx.com\/site\/wp-content\/uploads\/2023\/06\/maxim-tolchinskiy-v3z79Wzs9kA-unsplash.jpeg 640w, https:\/\/coredevx.com\/site\/wp-content\/uploads\/2023\/06\/maxim-tolchinskiy-v3z79Wzs9kA-unsplash-200x300.jpeg 200w, https:\/\/coredevx.com\/site\/wp-content\/uploads\/2023\/06\/maxim-tolchinskiy-v3z79Wzs9kA-unsplash-433x650.jpeg 433w\" sizes=\"(max-width: 640px) 100vw, 640px\" \/>\t\t\t\t\t\t\t\t\t\t\t\t\t\t\t<\/div>\n\t\t\t\t<\/div>\n\t\t\t\t\t<\/div>\n\t\t<\/div>\n\t\t\t\t<div class=\"elementor-column elementor-col-50 elementor-inner-column elementor-element elementor-element-60a0b4c\" data-id=\"60a0b4c\" data-element_type=\"column\">\n\t\t\t<div class=\"elementor-widget-wrap elementor-element-populated\">\n\t\t\t\t\t\t<div class=\"elementor-element elementor-element-b77201b elementor-widget elementor-widget-heading\" data-id=\"b77201b\" data-element_type=\"widget\" data-widget_type=\"heading.default\">\n\t\t\t\t<div class=\"elementor-widget-container\">\n\t\t\t\t\t<h3 class=\"elementor-heading-title elementor-size-default\"><b>Destrabe el potencial de su organizaci\u00f3n con tecnolog\u00edas de realidad aumentada y virtual.<\/b><\/h3>\t\t\t\t<\/div>\n\t\t\t\t<\/div>\n\t\t\t\t\t<\/div>\n\t\t<\/div>\n\t\t\t\t\t<\/div>\n\t\t<\/section>\n\t\t\t\t\t<\/div>\n\t\t<\/div>\n\t\t\t\t\t<\/div>\n\t\t<\/section>\n\t\t\t\t<section class=\"elementor-section elementor-top-section elementor-element elementor-element-c60b682 elementor-section-content-middle elementor-section-boxed elementor-section-height-default elementor-section-height-default\" data-id=\"c60b682\" data-element_type=\"section\">\n\t\t\t\t\t\t<div class=\"elementor-container elementor-column-gap-wide\">\n\t\t\t\t\t<div class=\"elementor-column elementor-col-100 elementor-top-column elementor-element elementor-element-d51083e\" data-id=\"d51083e\" data-element_type=\"column\">\n\t\t\t<div class=\"elementor-widget-wrap elementor-element-populated\">\n\t\t\t\t\t\t<section class=\"elementor-section elementor-inner-section elementor-element elementor-element-22b6978 elementor-section-content-middle elementor-section-boxed elementor-section-height-default elementor-section-height-default\" data-id=\"22b6978\" data-element_type=\"section\">\n\t\t\t\t\t\t<div class=\"elementor-container elementor-column-gap-default\">\n\t\t\t\t\t<div class=\"elementor-column elementor-col-50 elementor-inner-column elementor-element elementor-element-1a38980\" data-id=\"1a38980\" data-element_type=\"column\">\n\t\t\t<div class=\"elementor-widget-wrap elementor-element-populated\">\n\t\t\t\t\t\t<div class=\"elementor-element elementor-element-5abe719 elementor-widget elementor-widget-heading\" data-id=\"5abe719\" data-element_type=\"widget\" data-widget_type=\"heading.default\">\n\t\t\t\t<div class=\"elementor-widget-container\">\n\t\t\t\t\t<h3 class=\"elementor-heading-title elementor-size-default\"><b>Nuevos mundos inmersivos<\/b><\/h3>\t\t\t\t<\/div>\n\t\t\t\t<\/div>\n\t\t\t\t<div class=\"elementor-element elementor-element-253b25d elementor-widget__width-initial elementor-widget-mobile__width-initial elementor-widget elementor-widget-text-editor\" data-id=\"253b25d\" data-element_type=\"widget\" data-widget_type=\"text-editor.default\">\n\t\t\t\t<div class=\"elementor-widget-container\">\n\t\t\t\t\t\t\t\t\t<p>La realidad virtual permite interactuar en nuevos espacios sin l\u00edmites, interconectando y permitiendo interactuar a personas y lugares diversos bajo una misma mirada. Explore las fronteras de interacci\u00f3n humana remota con desarrollos a medida provistos por coreDevX en el Metaverso.<\/p>\t\t\t\t\t\t\t\t<\/div>\n\t\t\t\t<\/div>\n\t\t\t\t\t<\/div>\n\t\t<\/div>\n\t\t\t\t<div class=\"elementor-column elementor-col-50 elementor-inner-column elementor-element elementor-element-00221e4\" data-id=\"00221e4\" data-element_type=\"column\">\n\t\t\t<div class=\"elementor-widget-wrap elementor-element-populated\">\n\t\t\t\t\t\t<div class=\"elementor-element elementor-element-97d26e7 elementor-widget__width-initial elementor-widget elementor-widget-image\" data-id=\"97d26e7\" data-element_type=\"widget\" data-widget_type=\"image.default\">\n\t\t\t\t<div class=\"elementor-widget-container\">\n\t\t\t\t\t\t\t\t\t\t\t\t\t\t\t<img decoding=\"async\" width=\"884\" height=\"1024\" src=\"https:\/\/coredevx.com\/site\/wp-content\/uploads\/2023\/06\/Captura-de-pantalla-2023-06-24-a-las-17.32.25-884x1024.jpg\" class=\"attachment-large size-large wp-image-6014\" alt=\"\" srcset=\"https:\/\/coredevx.com\/site\/wp-content\/uploads\/2023\/06\/Captura-de-pantalla-2023-06-24-a-las-17.32.25-884x1024.jpg 884w, https:\/\/coredevx.com\/site\/wp-content\/uploads\/2023\/06\/Captura-de-pantalla-2023-06-24-a-las-17.32.25-259x300.jpg 259w, https:\/\/coredevx.com\/site\/wp-content\/uploads\/2023\/06\/Captura-de-pantalla-2023-06-24-a-las-17.32.25-768x889.jpg 768w, https:\/\/coredevx.com\/site\/wp-content\/uploads\/2023\/06\/Captura-de-pantalla-2023-06-24-a-las-17.32.25-1327x1536.jpg 1327w, https:\/\/coredevx.com\/site\/wp-content\/uploads\/2023\/06\/Captura-de-pantalla-2023-06-24-a-las-17.32.25-1769x2048.jpg 1769w, https:\/\/coredevx.com\/site\/wp-content\/uploads\/2023\/06\/Captura-de-pantalla-2023-06-24-a-las-17.32.25-561x650.jpg 561w, https:\/\/coredevx.com\/site\/wp-content\/uploads\/2023\/06\/Captura-de-pantalla-2023-06-24-a-las-17.32.25.jpg 1838w\" sizes=\"(max-width: 884px) 100vw, 884px\" \/>\t\t\t\t\t\t\t\t\t\t\t\t\t\t\t<\/div>\n\t\t\t\t<\/div>\n\t\t\t\t\t<\/div>\n\t\t<\/div>\n\t\t\t\t\t<\/div>\n\t\t<\/section>\n\t\t\t\t\t<\/div>\n\t\t<\/div>\n\t\t\t\t\t<\/div>\n\t\t<\/section>\n\t\t\t\t<section class=\"elementor-section elementor-top-section elementor-element elementor-element-7673e93 elementor-section-content-middle elementor-section-boxed elementor-section-height-default elementor-section-height-default\" data-id=\"7673e93\" data-element_type=\"section\">\n\t\t\t\t\t\t<div class=\"elementor-container elementor-column-gap-wide\">\n\t\t\t\t\t<div class=\"elementor-column elementor-col-50 elementor-top-column elementor-element elementor-element-534872e\" data-id=\"534872e\" data-element_type=\"column\">\n\t\t\t<div class=\"elementor-widget-wrap elementor-element-populated\">\n\t\t\t\t\t\t<div class=\"elementor-element elementor-element-059156d elementor-widget elementor-widget-image\" data-id=\"059156d\" data-element_type=\"widget\" data-widget_type=\"image.default\">\n\t\t\t\t<div class=\"elementor-widget-container\">\n\t\t\t\t\t\t\t\t\t\t\t\t\t\t\t<img decoding=\"async\" width=\"1000\" height=\"631\" src=\"https:\/\/coredevx.com\/site\/wp-content\/uploads\/2023\/06\/Captura-de-pantalla-2023-06-24-a-las-17.30.07-1024x646.png\" class=\"attachment-large size-large wp-image-6012\" alt=\"\" srcset=\"https:\/\/coredevx.com\/site\/wp-content\/uploads\/2023\/06\/Captura-de-pantalla-2023-06-24-a-las-17.30.07-1024x646.png 1024w, https:\/\/coredevx.com\/site\/wp-content\/uploads\/2023\/06\/Captura-de-pantalla-2023-06-24-a-las-17.30.07-300x189.png 300w, https:\/\/coredevx.com\/site\/wp-content\/uploads\/2023\/06\/Captura-de-pantalla-2023-06-24-a-las-17.30.07-768x484.png 768w, https:\/\/coredevx.com\/site\/wp-content\/uploads\/2023\/06\/Captura-de-pantalla-2023-06-24-a-las-17.30.07-1536x968.png 1536w, https:\/\/coredevx.com\/site\/wp-content\/uploads\/2023\/06\/Captura-de-pantalla-2023-06-24-a-las-17.30.07-650x410.png 650w, https:\/\/coredevx.com\/site\/wp-content\/uploads\/2023\/06\/Captura-de-pantalla-2023-06-24-a-las-17.30.07.png 1602w\" sizes=\"(max-width: 1000px) 100vw, 1000px\" \/>\t\t\t\t\t\t\t\t\t\t\t\t\t\t\t<\/div>\n\t\t\t\t<\/div>\n\t\t\t\t\t<\/div>\n\t\t<\/div>\n\t\t\t\t<div class=\"elementor-column elementor-col-50 elementor-top-column elementor-element elementor-element-6a7a675\" data-id=\"6a7a675\" data-element_type=\"column\">\n\t\t\t<div class=\"elementor-widget-wrap elementor-element-populated\">\n\t\t\t\t\t\t<div class=\"elementor-element elementor-element-063008a elementor-widget elementor-widget-heading\" data-id=\"063008a\" data-element_type=\"widget\" data-widget_type=\"heading.default\">\n\t\t\t\t<div class=\"elementor-widget-container\">\n\t\t\t\t\t<h3 class=\"elementor-heading-title elementor-size-default\"><b>Una nueva realidad aumentada<\/b><\/h3>\t\t\t\t<\/div>\n\t\t\t\t<\/div>\n\t\t\t\t<div class=\"elementor-element elementor-element-7f8a42b elementor-widget__width-initial elementor-widget-mobile__width-initial elementor-widget elementor-widget-text-editor\" data-id=\"7f8a42b\" data-element_type=\"widget\" data-widget_type=\"text-editor.default\">\n\t\t\t\t<div class=\"elementor-widget-container\">\n\t\t\t\t\t\t\t\t\t<p>La realidad aumentada combina lo mejor del mundo virtual con la interacci\u00f3n humana en espacios reales. Proveyendo interfaces ricas en informaci\u00f3n en tiempo real para la toma de decisiones informadas, monitorizaci\u00f3n efectiva con data online e infinitas posibilidades de despliegue de data justo al frente de sus colaboradores.<\/p>\t\t\t\t\t\t\t\t<\/div>\n\t\t\t\t<\/div>\n\t\t\t\t\t<\/div>\n\t\t<\/div>\n\t\t\t\t\t<\/div>\n\t\t<\/section>\n\t\t\t\t<\/div>\n\t\t","protected":false},"excerpt":{"rendered":"<p>AR-VR La realidad aumentada y la realidad virtual est\u00e1n habilitando la era de la computaci\u00f3n espacial. La pr\u00f3xima frontera de experiencia de [&hellip;]<\/p>\n","protected":false},"author":4,"featured_media":0,"parent":1476,"menu_order":0,"comment_status":"closed","ping_status":"closed","template":"","meta":{"footnotes":""},"class_list":["post-5950","page","type-page","status-publish","hentry"],"yoast_head":"<!-- This site is optimized with the Yoast SEO Premium plugin v26.6 (Yoast SEO v27.3) - https:\/\/yoast.com\/product\/yoast-seo-premium-wordpress\/ -->\n<title>AR-VR - coreDevX<\/title>\n<meta name=\"robots\" content=\"index, follow, max-snippet:-1, max-image-preview:large, max-video-preview:-1\" \/>\n<link rel=\"canonical\" href=\"https:\/\/coredevx.com\/site\/coredevx-labs\/ar-vr\/\" \/>\n<meta property=\"og:locale\" content=\"es_ES\" \/>\n<meta property=\"og:type\" content=\"article\" \/>\n<meta property=\"og:title\" content=\"AR-VR\" \/>\n<meta property=\"og:description\" content=\"AR-VR La realidad aumentada y la realidad virtual est\u00e1n habilitando la era de la computaci\u00f3n espacial. La pr\u00f3xima frontera de experiencia de [&hellip;]\" \/>\n<meta property=\"og:url\" content=\"https:\/\/coredevx.com\/site\/coredevx-labs\/ar-vr\/\" \/>\n<meta property=\"og:site_name\" content=\"coreDevX\" \/>\n<meta property=\"article:publisher\" content=\"https:\/\/www.facebook.com\/coredevxspa\" \/>\n<meta property=\"article:modified_time\" content=\"2024-05-13T20:38:11+00:00\" \/>\n<meta property=\"og:image\" content=\"https:\/\/coredevx.com\/site\/wp-content\/uploads\/2023\/06\/maxim-tolchinskiy-v3z79Wzs9kA-unsplash.jpeg\" \/>\n<meta name=\"twitter:card\" content=\"summary_large_image\" \/>\n<meta name=\"twitter:site\" content=\"@coredevx\" \/>\n<meta name=\"twitter:label1\" content=\"Tiempo de lectura\" \/>\n\t<meta name=\"twitter:data1\" content=\"2 minutos\" \/>\n<script type=\"application\/ld+json\" class=\"yoast-schema-graph\">{\"@context\":\"https:\\\/\\\/schema.org\",\"@graph\":[{\"@type\":\"WebPage\",\"@id\":\"https:\\\/\\\/coredevx.com\\\/site\\\/coredevx-labs\\\/ar-vr\\\/\",\"url\":\"https:\\\/\\\/coredevx.com\\\/site\\\/coredevx-labs\\\/ar-vr\\\/\",\"name\":\"AR-VR - coreDevX\",\"isPartOf\":{\"@id\":\"https:\\\/\\\/coredevx.com\\\/site\\\/#website\"},\"primaryImageOfPage\":{\"@id\":\"https:\\\/\\\/coredevx.com\\\/site\\\/coredevx-labs\\\/ar-vr\\\/#primaryimage\"},\"image\":{\"@id\":\"https:\\\/\\\/coredevx.com\\\/site\\\/coredevx-labs\\\/ar-vr\\\/#primaryimage\"},\"thumbnailUrl\":\"https:\\\/\\\/coredevx.com\\\/site\\\/wp-content\\\/uploads\\\/2023\\\/06\\\/maxim-tolchinskiy-v3z79Wzs9kA-unsplash.jpeg\",\"datePublished\":\"2023-06-23T05:16:15+00:00\",\"dateModified\":\"2024-05-13T20:38:11+00:00\",\"breadcrumb\":{\"@id\":\"https:\\\/\\\/coredevx.com\\\/site\\\/coredevx-labs\\\/ar-vr\\\/#breadcrumb\"},\"inLanguage\":\"es\",\"potentialAction\":[{\"@type\":\"ReadAction\",\"target\":[\"https:\\\/\\\/coredevx.com\\\/site\\\/coredevx-labs\\\/ar-vr\\\/\"]}]},{\"@type\":\"ImageObject\",\"inLanguage\":\"es\",\"@id\":\"https:\\\/\\\/coredevx.com\\\/site\\\/coredevx-labs\\\/ar-vr\\\/#primaryimage\",\"url\":\"https:\\\/\\\/coredevx.com\\\/site\\\/wp-content\\\/uploads\\\/2023\\\/06\\\/maxim-tolchinskiy-v3z79Wzs9kA-unsplash.jpeg\",\"contentUrl\":\"https:\\\/\\\/coredevx.com\\\/site\\\/wp-content\\\/uploads\\\/2023\\\/06\\\/maxim-tolchinskiy-v3z79Wzs9kA-unsplash.jpeg\",\"width\":640,\"height\":960},{\"@type\":\"BreadcrumbList\",\"@id\":\"https:\\\/\\\/coredevx.com\\\/site\\\/coredevx-labs\\\/ar-vr\\\/#breadcrumb\",\"itemListElement\":[{\"@type\":\"ListItem\",\"position\":1,\"name\":\"Portada\",\"item\":\"https:\\\/\\\/coredevx.com\\\/site\\\/\"},{\"@type\":\"ListItem\",\"position\":2,\"name\":\"Coredevx LABS\",\"item\":\"https:\\\/\\\/coredevx.com\\\/site\\\/coredevx-labs\\\/\"},{\"@type\":\"ListItem\",\"position\":3,\"name\":\"AR-VR\"}]},{\"@type\":\"WebSite\",\"@id\":\"https:\\\/\\\/coredevx.com\\\/site\\\/#website\",\"url\":\"https:\\\/\\\/coredevx.com\\\/site\\\/\",\"name\":\"coreDevX\",\"description\":\"Consultora y Centro de Investigaci\u00f3n\",\"publisher\":{\"@id\":\"https:\\\/\\\/coredevx.com\\\/site\\\/#organization\"},\"potentialAction\":[{\"@type\":\"SearchAction\",\"target\":{\"@type\":\"EntryPoint\",\"urlTemplate\":\"https:\\\/\\\/coredevx.com\\\/site\\\/?s={search_term_string}\"},\"query-input\":{\"@type\":\"PropertyValueSpecification\",\"valueRequired\":true,\"valueName\":\"search_term_string\"}}],\"inLanguage\":\"es\"},{\"@type\":\"Organization\",\"@id\":\"https:\\\/\\\/coredevx.com\\\/site\\\/#organization\",\"name\":\"Consultora y Centro de Investigacion COREDEVX SpA\",\"alternateName\":\"COREDEVX\",\"url\":\"https:\\\/\\\/coredevx.com\\\/site\\\/\",\"logo\":{\"@type\":\"ImageObject\",\"inLanguage\":\"es\",\"@id\":\"https:\\\/\\\/coredevx.com\\\/site\\\/#\\\/schema\\\/logo\\\/image\\\/\",\"url\":\"https:\\\/\\\/coredevx.com\\\/site\\\/wp-content\\\/uploads\\\/2023\\\/05\\\/COREDEVX-logo.svg\",\"contentUrl\":\"https:\\\/\\\/coredevx.com\\\/site\\\/wp-content\\\/uploads\\\/2023\\\/05\\\/COREDEVX-logo.svg\",\"width\":\"1024\",\"height\":\"1024\",\"caption\":\"Consultora y Centro de Investigacion COREDEVX SpA\"},\"image\":{\"@id\":\"https:\\\/\\\/coredevx.com\\\/site\\\/#\\\/schema\\\/logo\\\/image\\\/\"},\"sameAs\":[\"https:\\\/\\\/www.facebook.com\\\/coredevxspa\",\"https:\\\/\\\/x.com\\\/coredevx\",\"https:\\\/\\\/www.instagram.com\\\/coredevx\\\/\",\"https:\\\/\\\/www.linkedin.com\\\/company\\\/consultora-&-centro-de-investigacin-coredevx-spa\\\/?trk=prof-following-company-logo\"]}]}<\/script>\n<!-- \/ Yoast SEO Premium plugin. -->","yoast_head_json":{"title":"AR-VR - coreDevX","robots":{"index":"index","follow":"follow","max-snippet":"max-snippet:-1","max-image-preview":"max-image-preview:large","max-video-preview":"max-video-preview:-1"},"canonical":"https:\/\/coredevx.com\/site\/coredevx-labs\/ar-vr\/","og_locale":"es_ES","og_type":"article","og_title":"AR-VR","og_description":"AR-VR La realidad aumentada y la realidad virtual est\u00e1n habilitando la era de la computaci\u00f3n espacial. La pr\u00f3xima frontera de experiencia de [&hellip;]","og_url":"https:\/\/coredevx.com\/site\/coredevx-labs\/ar-vr\/","og_site_name":"coreDevX","article_publisher":"https:\/\/www.facebook.com\/coredevxspa","article_modified_time":"2024-05-13T20:38:11+00:00","og_image":[{"url":"https:\/\/coredevx.com\/site\/wp-content\/uploads\/2023\/06\/maxim-tolchinskiy-v3z79Wzs9kA-unsplash.jpeg","type":"","width":"","height":""}],"twitter_card":"summary_large_image","twitter_site":"@coredevx","twitter_misc":{"Tiempo de lectura":"2 minutos"},"schema":{"@context":"https:\/\/schema.org","@graph":[{"@type":"WebPage","@id":"https:\/\/coredevx.com\/site\/coredevx-labs\/ar-vr\/","url":"https:\/\/coredevx.com\/site\/coredevx-labs\/ar-vr\/","name":"AR-VR - coreDevX","isPartOf":{"@id":"https:\/\/coredevx.com\/site\/#website"},"primaryImageOfPage":{"@id":"https:\/\/coredevx.com\/site\/coredevx-labs\/ar-vr\/#primaryimage"},"image":{"@id":"https:\/\/coredevx.com\/site\/coredevx-labs\/ar-vr\/#primaryimage"},"thumbnailUrl":"https:\/\/coredevx.com\/site\/wp-content\/uploads\/2023\/06\/maxim-tolchinskiy-v3z79Wzs9kA-unsplash.jpeg","datePublished":"2023-06-23T05:16:15+00:00","dateModified":"2024-05-13T20:38:11+00:00","breadcrumb":{"@id":"https:\/\/coredevx.com\/site\/coredevx-labs\/ar-vr\/#breadcrumb"},"inLanguage":"es","potentialAction":[{"@type":"ReadAction","target":["https:\/\/coredevx.com\/site\/coredevx-labs\/ar-vr\/"]}]},{"@type":"ImageObject","inLanguage":"es","@id":"https:\/\/coredevx.com\/site\/coredevx-labs\/ar-vr\/#primaryimage","url":"https:\/\/coredevx.com\/site\/wp-content\/uploads\/2023\/06\/maxim-tolchinskiy-v3z79Wzs9kA-unsplash.jpeg","contentUrl":"https:\/\/coredevx.com\/site\/wp-content\/uploads\/2023\/06\/maxim-tolchinskiy-v3z79Wzs9kA-unsplash.jpeg","width":640,"height":960},{"@type":"BreadcrumbList","@id":"https:\/\/coredevx.com\/site\/coredevx-labs\/ar-vr\/#breadcrumb","itemListElement":[{"@type":"ListItem","position":1,"name":"Portada","item":"https:\/\/coredevx.com\/site\/"},{"@type":"ListItem","position":2,"name":"Coredevx LABS","item":"https:\/\/coredevx.com\/site\/coredevx-labs\/"},{"@type":"ListItem","position":3,"name":"AR-VR"}]},{"@type":"WebSite","@id":"https:\/\/coredevx.com\/site\/#website","url":"https:\/\/coredevx.com\/site\/","name":"coreDevX","description":"Consultora y Centro de Investigaci\u00f3n","publisher":{"@id":"https:\/\/coredevx.com\/site\/#organization"},"potentialAction":[{"@type":"SearchAction","target":{"@type":"EntryPoint","urlTemplate":"https:\/\/coredevx.com\/site\/?s={search_term_string}"},"query-input":{"@type":"PropertyValueSpecification","valueRequired":true,"valueName":"search_term_string"}}],"inLanguage":"es"},{"@type":"Organization","@id":"https:\/\/coredevx.com\/site\/#organization","name":"Consultora y Centro de Investigacion COREDEVX SpA","alternateName":"COREDEVX","url":"https:\/\/coredevx.com\/site\/","logo":{"@type":"ImageObject","inLanguage":"es","@id":"https:\/\/coredevx.com\/site\/#\/schema\/logo\/image\/","url":"https:\/\/coredevx.com\/site\/wp-content\/uploads\/2023\/05\/COREDEVX-logo.svg","contentUrl":"https:\/\/coredevx.com\/site\/wp-content\/uploads\/2023\/05\/COREDEVX-logo.svg","width":"1024","height":"1024","caption":"Consultora y Centro de Investigacion COREDEVX SpA"},"image":{"@id":"https:\/\/coredevx.com\/site\/#\/schema\/logo\/image\/"},"sameAs":["https:\/\/www.facebook.com\/coredevxspa","https:\/\/x.com\/coredevx","https:\/\/www.instagram.com\/coredevx\/","https:\/\/www.linkedin.com\/company\/consultora-&-centro-de-investigacin-coredevx-spa\/?trk=prof-following-company-logo"]}]}},"_links":{"self":[{"href":"https:\/\/coredevx.com\/site\/wp-json\/wp\/v2\/pages\/5950","targetHints":{"allow":["GET"]}}],"collection":[{"href":"https:\/\/coredevx.com\/site\/wp-json\/wp\/v2\/pages"}],"about":[{"href":"https:\/\/coredevx.com\/site\/wp-json\/wp\/v2\/types\/page"}],"author":[{"embeddable":true,"href":"https:\/\/coredevx.com\/site\/wp-json\/wp\/v2\/users\/4"}],"replies":[{"embeddable":true,"href":"https:\/\/coredevx.com\/site\/wp-json\/wp\/v2\/comments?post=5950"}],"version-history":[{"count":5,"href":"https:\/\/coredevx.com\/site\/wp-json\/wp\/v2\/pages\/5950\/revisions"}],"predecessor-version":[{"id":12077,"href":"https:\/\/coredevx.com\/site\/wp-json\/wp\/v2\/pages\/5950\/revisions\/12077"}],"up":[{"embeddable":true,"href":"https:\/\/coredevx.com\/site\/wp-json\/wp\/v2\/pages\/1476"}],"wp:attachment":[{"href":"https:\/\/coredevx.com\/site\/wp-json\/wp\/v2\/media?parent=5950"}],"curies":[{"name":"wp","href":"https:\/\/api.w.org\/{rel}","templated":true}]}}