{"id":4119,"date":"2023-05-29T22:18:29","date_gmt":"2023-05-29T22:18:29","guid":{"rendered":"https:\/\/coredevx.com\/site\/?page_id=4119"},"modified":"2025-09-09T14:54:34","modified_gmt":"2025-09-09T14:54:34","slug":"javiera-canales","status":"publish","type":"page","link":"https:\/\/coredevx.com\/site\/equipo\/javiera-canales\/","title":{"rendered":"Javiera Canales"},"content":{"rendered":"\t\t<div data-elementor-type=\"wp-page\" data-elementor-id=\"4119\" class=\"elementor elementor-4119\" data-elementor-post-type=\"page\">\n\t\t\t\t\t\t<section class=\"elementor-section elementor-top-section elementor-element elementor-element-71242b1 elementor-section-content-top elementor-section-boxed elementor-section-height-default elementor-section-height-default\" data-id=\"71242b1\" data-element_type=\"section\">\n\t\t\t\t\t\t<div class=\"elementor-container elementor-column-gap-wide\">\n\t\t\t\t\t<div class=\"elementor-column elementor-col-100 elementor-top-column elementor-element elementor-element-afb43ff\" data-id=\"afb43ff\" data-element_type=\"column\">\n\t\t\t<div class=\"elementor-widget-wrap elementor-element-populated\">\n\t\t\t\t\t\t<section class=\"elementor-section elementor-inner-section elementor-element elementor-element-1a8dae3d elementor-reverse-mobile elementor-section-content-top elementor-section-boxed elementor-section-height-default elementor-section-height-default\" data-id=\"1a8dae3d\" data-element_type=\"section\">\n\t\t\t\t\t\t<div class=\"elementor-container elementor-column-gap-wide\">\n\t\t\t\t\t<div class=\"elementor-column elementor-col-50 elementor-inner-column elementor-element elementor-element-609ea0ee\" data-id=\"609ea0ee\" data-element_type=\"column\">\n\t\t\t<div class=\"elementor-widget-wrap elementor-element-populated\">\n\t\t\t\t\t\t<div class=\"elementor-element elementor-element-73d46c53 elementor-widget elementor-widget-emage_hover_effects\" data-id=\"73d46c53\" data-element_type=\"widget\" data-widget_type=\"emage_hover_effects.default\">\n\t\t\t\t<div class=\"elementor-widget-container\">\n\t\t\t\t\t\r\n\t\t\t<div class=\"imghvr-wrapper\">\r\n\t\t\t\t<div class=\"imghvr\">\r\n\t\t\t\t\t\t\t\t\t\t<div class=\"imghvr-overlay imghvr-anim-fade-in imghvr-anim-single\">\r\n\t\t\t\t\t\t<div><\/div>\r\n\t\t\t\t\t<\/div>\r\n\t\t\t\t\t\t\t\t\t\t<div class=\"imghvr-content-wrapper imghvr-content-center imghvr-anim-fade-in\">\r\n\t\t\t\t\t\t\t\t\t\t\t\t\t\t\t\t\t\t\t\t\t\t\t<\/div>\r\n\t\t\t\t\t<img fetchpriority=\"high\" decoding=\"async\" width=\"1200\" height=\"1200\" src=\"https:\/\/coredevx.com\/site\/wp-content\/uploads\/2025\/09\/JavieraC-verde.jpg\" class=\"imghvr-anim-none  attachment-full size-full wp-image-14350\" alt=\"\" srcset=\"https:\/\/coredevx.com\/site\/wp-content\/uploads\/2025\/09\/JavieraC-verde.jpg 1200w, https:\/\/coredevx.com\/site\/wp-content\/uploads\/2025\/09\/JavieraC-verde-300x300.jpg 300w, https:\/\/coredevx.com\/site\/wp-content\/uploads\/2025\/09\/JavieraC-verde-1024x1024.jpg 1024w, https:\/\/coredevx.com\/site\/wp-content\/uploads\/2025\/09\/JavieraC-verde-150x150.jpg 150w, https:\/\/coredevx.com\/site\/wp-content\/uploads\/2025\/09\/JavieraC-verde-768x768.jpg 768w, https:\/\/coredevx.com\/site\/wp-content\/uploads\/2025\/09\/JavieraC-verde-650x650.jpg 650w\" sizes=\"(max-width: 1200px) 100vw, 1200px\" \/>\t\t\t\t<\/div>\r\n\t\t\t<\/div>\r\n\r\n\t\t\t\t\t\t\t<\/div>\n\t\t\t\t<\/div>\n\t\t\t\t\t<\/div>\n\t\t<\/div>\n\t\t\t\t<div class=\"elementor-column elementor-col-50 elementor-inner-column elementor-element elementor-element-4ea75198\" data-id=\"4ea75198\" data-element_type=\"column\">\n\t\t\t<div class=\"elementor-widget-wrap elementor-element-populated\">\n\t\t\t\t\t\t<div class=\"elementor-element elementor-element-56e9b8de elementor-widget elementor-widget-heading\" data-id=\"56e9b8de\" data-element_type=\"widget\" data-widget_type=\"heading.default\">\n\t\t\t\t<div class=\"elementor-widget-container\">\n\t\t\t\t\t<h3 class=\"elementor-heading-title elementor-size-default\">Javiera Canales<\/h3>\t\t\t\t<\/div>\n\t\t\t\t<\/div>\n\t\t\t\t<div class=\"elementor-element elementor-element-adfd477 elementor-widget elementor-widget-heading\" data-id=\"adfd477\" data-element_type=\"widget\" data-widget_type=\"heading.default\">\n\t\t\t\t<div class=\"elementor-widget-container\">\n\t\t\t\t\t<h4 class=\"elementor-heading-title elementor-size-default\">Senior Data Consultant\/Data Scientist &amp; Quantum Algorithms Researcher<\/h4>\t\t\t\t<\/div>\n\t\t\t\t<\/div>\n\t\t\t\t<div class=\"elementor-element elementor-element-6af72c17 elementor-widget__width-initial elementor-widget elementor-widget-text-editor\" data-id=\"6af72c17\" data-element_type=\"widget\" data-widget_type=\"text-editor.default\">\n\t\t\t\t<div class=\"elementor-widget-container\">\n\t\t\t\t\t\t\t\t\t<p data-syno-attrs=\"{&quot;textMarks&quot;:[{&quot;_&quot;:&quot;font_size&quot;,&quot;value&quot;:&quot;12pt&quot;},{&quot;_&quot;:&quot;font_family&quot;,&quot;value&quot;:&quot;Helvetica Neue&quot;},{&quot;_&quot;:&quot;em&quot;,&quot;value&quot;:false},{&quot;_&quot;:&quot;strong&quot;,&quot;value&quot;:false},{&quot;_&quot;:&quot;superscript&quot;,&quot;value&quot;:false},{&quot;_&quot;:&quot;subscript&quot;,&quot;value&quot;:false}]}\"><span data-syno-text=\"true\">Me apasiona data science y analytics y considero clave poder conectar el mundo t\u00e9cnico con el negocio. A lo largo de mi carrera, me he especializado en realizar esta conexi\u00f3n t\u00e9cnico-funcional, lo que me empuja siempre a aprender nuevos negocios y nuevas tecnolog\u00edas. Todo esto me ha permitido, adem\u00e1s, colaborar con equipos de diversas \u00e1reas en distintos negocios, desde seguridad social hasta miner\u00eda. <\/span><span data-syno-inline=\"true\"><br \/><\/span><span data-syno-inline=\"true\"><br \/><\/span><span data-syno-text=\"true\">Hoy estoy dedicada a la investigaci\u00f3n, principalmente enfocada en buscar ventajas cu\u00e1nticas a modelos predictivos y de clasificaci\u00f3n mediante el uso de Quantum Machine Learning, aprovechando los equipos de computaci\u00f3n cu\u00e1ntica que CoreDevX pone a mi disposici\u00f3n (tanto simuladores como quantum computing en si). En el \u00e1mbito de la ciberseguridad, he dedicado buena parte del \u00faltimo tiempo a investigar los diversos algoritmos de distribuci\u00f3n de claves con QKD.<\/span><span data-syno-inline=\"true\"><br \/><\/span><span data-syno-inline=\"true\"><br \/><\/span><span data-syno-text=\"true\">Me gusta mucho lo que hago, y considero clave el equilibrio entre la vida laboral y la vida personal. Una de las cosas que me encanta de CoreDevX es que realmente hay una preocupaci\u00f3n de todos como personas, adem\u00e1s de que siempre hay espacio para aprender cosas nuevas.<\/span><span data-syno-inline=\"true\"><br \/><\/span><span data-syno-inline=\"true\"><br \/><\/span><span data-syno-text=\"true\">En lo personal, disfruto mucho de estar con mi familia, y tengo una debilidad por los animales: Tengo gallinas, pavos, codornices, perros, gatos y qui\u00e9n sabe con qu\u00e9 vamos a terminar. <\/span><\/p>\t\t\t\t\t\t\t\t<\/div>\n\t\t\t\t<\/div>\n\t\t\t\t\t<\/div>\n\t\t<\/div>\n\t\t\t\t\t<\/div>\n\t\t<\/section>\n\t\t\t\t\t<\/div>\n\t\t<\/div>\n\t\t\t\t\t<\/div>\n\t\t<\/section>\n\t\t\t\t<\/div>\n\t\t","protected":false},"excerpt":{"rendered":"<p>Javiera Canales Senior Data Consultant\/Data Scientist &amp; Quantum Algorithms Researcher Me apasiona data science y analytics y considero clave poder conectar el [&hellip;]<\/p>\n","protected":false},"author":4,"featured_media":0,"parent":799,"menu_order":0,"comment_status":"closed","ping_status":"closed","template":"","meta":{"footnotes":""},"class_list":["post-4119","page","type-page","status-publish","hentry"],"yoast_head":"<!-- This site is optimized with the Yoast SEO Premium plugin v26.6 (Yoast SEO v27.3) - https:\/\/yoast.com\/product\/yoast-seo-premium-wordpress\/ -->\n<title>Javiera Canales - coreDevX<\/title>\n<meta name=\"robots\" content=\"index, follow, max-snippet:-1, max-image-preview:large, max-video-preview:-1\" \/>\n<link rel=\"canonical\" href=\"https:\/\/coredevx.com\/site\/equipo\/javiera-canales\/\" \/>\n<meta property=\"og:locale\" content=\"es_ES\" \/>\n<meta property=\"og:type\" content=\"article\" \/>\n<meta property=\"og:title\" content=\"Javiera Canales\" \/>\n<meta property=\"og:description\" content=\"Javiera Canales Senior Data Consultant\/Data Scientist &amp; Quantum Algorithms Researcher Me apasiona data science y analytics y considero clave poder conectar el [&hellip;]\" \/>\n<meta property=\"og:url\" content=\"https:\/\/coredevx.com\/site\/equipo\/javiera-canales\/\" \/>\n<meta property=\"og:site_name\" content=\"coreDevX\" \/>\n<meta property=\"article:publisher\" content=\"https:\/\/www.facebook.com\/coredevxspa\" \/>\n<meta property=\"article:modified_time\" content=\"2025-09-09T14:54:34+00:00\" \/>\n<meta property=\"og:image\" content=\"https:\/\/coredevx.com\/site\/wp-content\/uploads\/2025\/09\/JavieraC-verde.jpg\" \/>\n\t<meta property=\"og:image:width\" content=\"1200\" \/>\n\t<meta property=\"og:image:height\" content=\"1200\" \/>\n\t<meta property=\"og:image:type\" content=\"image\/jpeg\" \/>\n<meta name=\"twitter:card\" content=\"summary_large_image\" \/>\n<meta name=\"twitter:site\" content=\"@coredevx\" \/>\n<meta name=\"twitter:label1\" content=\"Tiempo de lectura\" \/>\n\t<meta name=\"twitter:data1\" content=\"2 minutos\" \/>\n<script type=\"application\/ld+json\" class=\"yoast-schema-graph\">{\"@context\":\"https:\\\/\\\/schema.org\",\"@graph\":[{\"@type\":\"WebPage\",\"@id\":\"https:\\\/\\\/coredevx.com\\\/site\\\/equipo\\\/javiera-canales\\\/\",\"url\":\"https:\\\/\\\/coredevx.com\\\/site\\\/equipo\\\/javiera-canales\\\/\",\"name\":\"Javiera Canales - coreDevX\",\"isPartOf\":{\"@id\":\"https:\\\/\\\/coredevx.com\\\/site\\\/#website\"},\"primaryImageOfPage\":{\"@id\":\"https:\\\/\\\/coredevx.com\\\/site\\\/equipo\\\/javiera-canales\\\/#primaryimage\"},\"image\":{\"@id\":\"https:\\\/\\\/coredevx.com\\\/site\\\/equipo\\\/javiera-canales\\\/#primaryimage\"},\"thumbnailUrl\":\"https:\\\/\\\/coredevx.com\\\/site\\\/wp-content\\\/uploads\\\/2025\\\/09\\\/JavieraC-verde.jpg\",\"datePublished\":\"2023-05-29T22:18:29+00:00\",\"dateModified\":\"2025-09-09T14:54:34+00:00\",\"breadcrumb\":{\"@id\":\"https:\\\/\\\/coredevx.com\\\/site\\\/equipo\\\/javiera-canales\\\/#breadcrumb\"},\"inLanguage\":\"es\",\"potentialAction\":[{\"@type\":\"ReadAction\",\"target\":[\"https:\\\/\\\/coredevx.com\\\/site\\\/equipo\\\/javiera-canales\\\/\"]}]},{\"@type\":\"ImageObject\",\"inLanguage\":\"es\",\"@id\":\"https:\\\/\\\/coredevx.com\\\/site\\\/equipo\\\/javiera-canales\\\/#primaryimage\",\"url\":\"https:\\\/\\\/coredevx.com\\\/site\\\/wp-content\\\/uploads\\\/2025\\\/09\\\/JavieraC-verde.jpg\",\"contentUrl\":\"https:\\\/\\\/coredevx.com\\\/site\\\/wp-content\\\/uploads\\\/2025\\\/09\\\/JavieraC-verde.jpg\",\"width\":1200,\"height\":1200},{\"@type\":\"BreadcrumbList\",\"@id\":\"https:\\\/\\\/coredevx.com\\\/site\\\/equipo\\\/javiera-canales\\\/#breadcrumb\",\"itemListElement\":[{\"@type\":\"ListItem\",\"position\":1,\"name\":\"Portada\",\"item\":\"https:\\\/\\\/coredevx.com\\\/site\\\/\"},{\"@type\":\"ListItem\",\"position\":2,\"name\":\"Equipo\",\"item\":\"https:\\\/\\\/coredevx.com\\\/site\\\/equipo\\\/\"},{\"@type\":\"ListItem\",\"position\":3,\"name\":\"Javiera Canales\"}]},{\"@type\":\"WebSite\",\"@id\":\"https:\\\/\\\/coredevx.com\\\/site\\\/#website\",\"url\":\"https:\\\/\\\/coredevx.com\\\/site\\\/\",\"name\":\"coreDevX\",\"description\":\"Consultora y Centro de Investigaci\u00f3n\",\"publisher\":{\"@id\":\"https:\\\/\\\/coredevx.com\\\/site\\\/#organization\"},\"potentialAction\":[{\"@type\":\"SearchAction\",\"target\":{\"@type\":\"EntryPoint\",\"urlTemplate\":\"https:\\\/\\\/coredevx.com\\\/site\\\/?s={search_term_string}\"},\"query-input\":{\"@type\":\"PropertyValueSpecification\",\"valueRequired\":true,\"valueName\":\"search_term_string\"}}],\"inLanguage\":\"es\"},{\"@type\":\"Organization\",\"@id\":\"https:\\\/\\\/coredevx.com\\\/site\\\/#organization\",\"name\":\"Consultora y Centro de Investigacion COREDEVX SpA\",\"alternateName\":\"COREDEVX\",\"url\":\"https:\\\/\\\/coredevx.com\\\/site\\\/\",\"logo\":{\"@type\":\"ImageObject\",\"inLanguage\":\"es\",\"@id\":\"https:\\\/\\\/coredevx.com\\\/site\\\/#\\\/schema\\\/logo\\\/image\\\/\",\"url\":\"https:\\\/\\\/coredevx.com\\\/site\\\/wp-content\\\/uploads\\\/2023\\\/05\\\/COREDEVX-logo.svg\",\"contentUrl\":\"https:\\\/\\\/coredevx.com\\\/site\\\/wp-content\\\/uploads\\\/2023\\\/05\\\/COREDEVX-logo.svg\",\"width\":\"1024\",\"height\":\"1024\",\"caption\":\"Consultora y Centro de Investigacion COREDEVX SpA\"},\"image\":{\"@id\":\"https:\\\/\\\/coredevx.com\\\/site\\\/#\\\/schema\\\/logo\\\/image\\\/\"},\"sameAs\":[\"https:\\\/\\\/www.facebook.com\\\/coredevxspa\",\"https:\\\/\\\/x.com\\\/coredevx\",\"https:\\\/\\\/www.instagram.com\\\/coredevx\\\/\",\"https:\\\/\\\/www.linkedin.com\\\/company\\\/consultora-&-centro-de-investigacin-coredevx-spa\\\/?trk=prof-following-company-logo\"]}]}<\/script>\n<!-- \/ Yoast SEO Premium plugin. -->","yoast_head_json":{"title":"Javiera Canales - coreDevX","robots":{"index":"index","follow":"follow","max-snippet":"max-snippet:-1","max-image-preview":"max-image-preview:large","max-video-preview":"max-video-preview:-1"},"canonical":"https:\/\/coredevx.com\/site\/equipo\/javiera-canales\/","og_locale":"es_ES","og_type":"article","og_title":"Javiera Canales","og_description":"Javiera Canales Senior Data Consultant\/Data Scientist &amp; Quantum Algorithms Researcher Me apasiona data science y analytics y considero clave poder conectar el [&hellip;]","og_url":"https:\/\/coredevx.com\/site\/equipo\/javiera-canales\/","og_site_name":"coreDevX","article_publisher":"https:\/\/www.facebook.com\/coredevxspa","article_modified_time":"2025-09-09T14:54:34+00:00","og_image":[{"width":1200,"height":1200,"url":"https:\/\/coredevx.com\/site\/wp-content\/uploads\/2025\/09\/JavieraC-verde.jpg","type":"image\/jpeg"}],"twitter_card":"summary_large_image","twitter_site":"@coredevx","twitter_misc":{"Tiempo de lectura":"2 minutos"},"schema":{"@context":"https:\/\/schema.org","@graph":[{"@type":"WebPage","@id":"https:\/\/coredevx.com\/site\/equipo\/javiera-canales\/","url":"https:\/\/coredevx.com\/site\/equipo\/javiera-canales\/","name":"Javiera Canales - coreDevX","isPartOf":{"@id":"https:\/\/coredevx.com\/site\/#website"},"primaryImageOfPage":{"@id":"https:\/\/coredevx.com\/site\/equipo\/javiera-canales\/#primaryimage"},"image":{"@id":"https:\/\/coredevx.com\/site\/equipo\/javiera-canales\/#primaryimage"},"thumbnailUrl":"https:\/\/coredevx.com\/site\/wp-content\/uploads\/2025\/09\/JavieraC-verde.jpg","datePublished":"2023-05-29T22:18:29+00:00","dateModified":"2025-09-09T14:54:34+00:00","breadcrumb":{"@id":"https:\/\/coredevx.com\/site\/equipo\/javiera-canales\/#breadcrumb"},"inLanguage":"es","potentialAction":[{"@type":"ReadAction","target":["https:\/\/coredevx.com\/site\/equipo\/javiera-canales\/"]}]},{"@type":"ImageObject","inLanguage":"es","@id":"https:\/\/coredevx.com\/site\/equipo\/javiera-canales\/#primaryimage","url":"https:\/\/coredevx.com\/site\/wp-content\/uploads\/2025\/09\/JavieraC-verde.jpg","contentUrl":"https:\/\/coredevx.com\/site\/wp-content\/uploads\/2025\/09\/JavieraC-verde.jpg","width":1200,"height":1200},{"@type":"BreadcrumbList","@id":"https:\/\/coredevx.com\/site\/equipo\/javiera-canales\/#breadcrumb","itemListElement":[{"@type":"ListItem","position":1,"name":"Portada","item":"https:\/\/coredevx.com\/site\/"},{"@type":"ListItem","position":2,"name":"Equipo","item":"https:\/\/coredevx.com\/site\/equipo\/"},{"@type":"ListItem","position":3,"name":"Javiera Canales"}]},{"@type":"WebSite","@id":"https:\/\/coredevx.com\/site\/#website","url":"https:\/\/coredevx.com\/site\/","name":"coreDevX","description":"Consultora y Centro de Investigaci\u00f3n","publisher":{"@id":"https:\/\/coredevx.com\/site\/#organization"},"potentialAction":[{"@type":"SearchAction","target":{"@type":"EntryPoint","urlTemplate":"https:\/\/coredevx.com\/site\/?s={search_term_string}"},"query-input":{"@type":"PropertyValueSpecification","valueRequired":true,"valueName":"search_term_string"}}],"inLanguage":"es"},{"@type":"Organization","@id":"https:\/\/coredevx.com\/site\/#organization","name":"Consultora y Centro de Investigacion COREDEVX SpA","alternateName":"COREDEVX","url":"https:\/\/coredevx.com\/site\/","logo":{"@type":"ImageObject","inLanguage":"es","@id":"https:\/\/coredevx.com\/site\/#\/schema\/logo\/image\/","url":"https:\/\/coredevx.com\/site\/wp-content\/uploads\/2023\/05\/COREDEVX-logo.svg","contentUrl":"https:\/\/coredevx.com\/site\/wp-content\/uploads\/2023\/05\/COREDEVX-logo.svg","width":"1024","height":"1024","caption":"Consultora y Centro de Investigacion COREDEVX SpA"},"image":{"@id":"https:\/\/coredevx.com\/site\/#\/schema\/logo\/image\/"},"sameAs":["https:\/\/www.facebook.com\/coredevxspa","https:\/\/x.com\/coredevx","https:\/\/www.instagram.com\/coredevx\/","https:\/\/www.linkedin.com\/company\/consultora-&-centro-de-investigacin-coredevx-spa\/?trk=prof-following-company-logo"]}]}},"_links":{"self":[{"href":"https:\/\/coredevx.com\/site\/wp-json\/wp\/v2\/pages\/4119","targetHints":{"allow":["GET"]}}],"collection":[{"href":"https:\/\/coredevx.com\/site\/wp-json\/wp\/v2\/pages"}],"about":[{"href":"https:\/\/coredevx.com\/site\/wp-json\/wp\/v2\/types\/page"}],"author":[{"embeddable":true,"href":"https:\/\/coredevx.com\/site\/wp-json\/wp\/v2\/users\/4"}],"replies":[{"embeddable":true,"href":"https:\/\/coredevx.com\/site\/wp-json\/wp\/v2\/comments?post=4119"}],"version-history":[{"count":11,"href":"https:\/\/coredevx.com\/site\/wp-json\/wp\/v2\/pages\/4119\/revisions"}],"predecessor-version":[{"id":14357,"href":"https:\/\/coredevx.com\/site\/wp-json\/wp\/v2\/pages\/4119\/revisions\/14357"}],"up":[{"embeddable":true,"href":"https:\/\/coredevx.com\/site\/wp-json\/wp\/v2\/pages\/799"}],"wp:attachment":[{"href":"https:\/\/coredevx.com\/site\/wp-json\/wp\/v2\/media?parent=4119"}],"curies":[{"name":"wp","href":"https:\/\/api.w.org\/{rel}","templated":true}]}}