{"id":4023,"date":"2023-05-29T21:54:56","date_gmt":"2023-05-29T21:54:56","guid":{"rendered":"https:\/\/coredevx.com\/site\/?page_id=4023"},"modified":"2023-07-27T20:43:13","modified_gmt":"2023-07-27T20:43:13","slug":"victor-toledo","status":"publish","type":"page","link":"https:\/\/coredevx.com\/site\/equipo\/victor-toledo\/","title":{"rendered":"Victor Toledo"},"content":{"rendered":"\t\t<div data-elementor-type=\"wp-page\" data-elementor-id=\"4023\" class=\"elementor elementor-4023\" data-elementor-post-type=\"page\">\n\t\t\t\t\t\t<section class=\"elementor-section elementor-top-section elementor-element elementor-element-71242b1 elementor-section-content-top elementor-section-boxed elementor-section-height-default elementor-section-height-default\" data-id=\"71242b1\" data-element_type=\"section\" data-e-type=\"section\">\n\t\t\t\t\t\t<div class=\"elementor-container elementor-column-gap-wide\">\n\t\t\t\t\t<div class=\"elementor-column elementor-col-100 elementor-top-column elementor-element elementor-element-afb43ff\" data-id=\"afb43ff\" data-element_type=\"column\" data-e-type=\"column\">\n\t\t\t<div class=\"elementor-widget-wrap elementor-element-populated\">\n\t\t\t\t\t\t<section class=\"elementor-section elementor-inner-section elementor-element elementor-element-1a8dae3d elementor-reverse-mobile elementor-section-content-top elementor-section-boxed elementor-section-height-default elementor-section-height-default\" data-id=\"1a8dae3d\" data-element_type=\"section\" data-e-type=\"section\">\n\t\t\t\t\t\t<div class=\"elementor-container elementor-column-gap-wide\">\n\t\t\t\t\t<div class=\"elementor-column elementor-col-50 elementor-inner-column elementor-element elementor-element-609ea0ee\" data-id=\"609ea0ee\" data-element_type=\"column\" data-e-type=\"column\">\n\t\t\t<div class=\"elementor-widget-wrap elementor-element-populated\">\n\t\t\t\t\t\t<div class=\"elementor-element elementor-element-73d46c53 elementor-widget elementor-widget-emage_hover_effects\" data-id=\"73d46c53\" data-element_type=\"widget\" data-e-type=\"widget\" data-widget_type=\"emage_hover_effects.default\">\n\t\t\t\t<div class=\"elementor-widget-container\">\n\t\t\t\t\t\r\n\t\t\t<div class=\"imghvr-wrapper\">\r\n\t\t\t\t<div class=\"imghvr\">\r\n\t\t\t\t\t\t\t\t\t\t<div class=\"imghvr-overlay imghvr-anim-fade-in imghvr-anim-single\">\r\n\t\t\t\t\t\t<div><\/div>\r\n\t\t\t\t\t<\/div>\r\n\t\t\t\t\t\t\t\t\t\t<div class=\"imghvr-content-wrapper imghvr-content-center imghvr-anim-fade-in\">\r\n\t\t\t\t\t\t\t\t\t\t\t\t\t\t\t\t\t\t\t\t\t\t\t<\/div>\r\n\t\t\t\t\t<img fetchpriority=\"high\" decoding=\"async\" width=\"580\" height=\"607\" src=\"https:\/\/coredevx.com\/site\/wp-content\/uploads\/2023\/05\/victor-coredevx-1.jpg\" class=\"imghvr-anim-none  attachment-full size-full wp-image-3723\" alt=\"\" srcset=\"https:\/\/coredevx.com\/site\/wp-content\/uploads\/2023\/05\/victor-coredevx-1.jpg 580w, https:\/\/coredevx.com\/site\/wp-content\/uploads\/2023\/05\/victor-coredevx-1-287x300.jpg 287w\" sizes=\"(max-width: 580px) 100vw, 580px\" \/>\t\t\t\t<\/div>\r\n\t\t\t<\/div>\r\n\r\n\t\t\t\t\t\t\t<\/div>\n\t\t\t\t<\/div>\n\t\t\t\t\t<\/div>\n\t\t<\/div>\n\t\t\t\t<div class=\"elementor-column elementor-col-50 elementor-inner-column elementor-element elementor-element-4ea75198\" data-id=\"4ea75198\" data-element_type=\"column\" data-e-type=\"column\">\n\t\t\t<div class=\"elementor-widget-wrap elementor-element-populated\">\n\t\t\t\t\t\t<div class=\"elementor-element elementor-element-56e9b8de elementor-widget elementor-widget-heading\" data-id=\"56e9b8de\" data-element_type=\"widget\" data-e-type=\"widget\" data-widget_type=\"heading.default\">\n\t\t\t\t<div class=\"elementor-widget-container\">\n\t\t\t\t\t<h3 class=\"elementor-heading-title elementor-size-default\">Victor Toledo<\/h3>\t\t\t\t<\/div>\n\t\t\t\t<\/div>\n\t\t\t\t<div class=\"elementor-element elementor-element-adfd477 elementor-widget elementor-widget-heading\" data-id=\"adfd477\" data-element_type=\"widget\" data-e-type=\"widget\" data-widget_type=\"heading.default\">\n\t\t\t\t<div class=\"elementor-widget-container\">\n\t\t\t\t\t<h4 class=\"elementor-heading-title elementor-size-default\">Chief Executive Officer &amp; Co-Founder<\/h4>\t\t\t\t<\/div>\n\t\t\t\t<\/div>\n\t\t\t\t<div class=\"elementor-element elementor-element-6af72c17 elementor-widget__width-initial elementor-widget elementor-widget-text-editor\" data-id=\"6af72c17\" data-element_type=\"widget\" data-e-type=\"widget\" data-widget_type=\"text-editor.default\">\n\t\t\t\t<div class=\"elementor-widget-container\">\n\t\t\t\t\t\t\t\t\t<p><span style=\"font-size: inherit; background-color: rgba(255, 255, 255, 0); font-family: var(--uicore-typography--p-f,'Inter'); font-style: var(--uicore-typography--p-st,'normal'); font-weight: var(--uicore-typography--p-w,'600'); letter-spacing: var(--uicore-typography--p-ls,'-0.027em'); text-transform: var(--uicore-typography--p-t,'none');\">Responsable del an\u00e1lisis, dise\u00f1o, programaci\u00f3n, construcci\u00f3n y entrega de soluciones para satisfacer las expectativas de nuestros clientes y crear nuevas oportunidades de negocio basadas en tecnolog\u00edas de \u00faltima generaci\u00f3n y apoyadas por la investigaci\u00f3n interna en CoreDevX.\u00a0<\/span><\/p><p>Proporciono las herramientas t\u00e9cnicas, metodol\u00f3gicas y de investigaci\u00f3n para mejorar las pr\u00e1cticas actuales de CoreDevX y, por tanto, construir soluciones mejoradas que beneficien a nuestros clientes actuales y futuros.\u00a0<\/p><p>Nuestros m\u00e9todos se centran principalmente (aunque no exclusivamente) en el uso de modelos estad\u00edsticos, matem\u00e1ticos y predictivos para formular las preguntas adecuadas y encontrar las respuestas correctas.<\/p>\t\t\t\t\t\t\t\t<\/div>\n\t\t\t\t<\/div>\n\t\t\t\t\t<\/div>\n\t\t<\/div>\n\t\t\t\t\t<\/div>\n\t\t<\/section>\n\t\t\t\t\t<\/div>\n\t\t<\/div>\n\t\t\t\t\t<\/div>\n\t\t<\/section>\n\t\t\t\t<\/div>\n\t\t","protected":false},"excerpt":{"rendered":"<p>Victor Toledo Chief Executive Officer &amp; Co-Founder Responsable del an\u00e1lisis, dise\u00f1o, programaci\u00f3n, construcci\u00f3n y entrega de soluciones para satisfacer las expectativas de [&hellip;]<\/p>\n","protected":false},"author":4,"featured_media":0,"parent":799,"menu_order":0,"comment_status":"closed","ping_status":"closed","template":"","meta":{"footnotes":""},"class_list":["post-4023","page","type-page","status-publish","hentry"],"yoast_head":"<!-- This site is optimized with the Yoast SEO Premium plugin v27.4 (Yoast SEO v27.4) - https:\/\/yoast.com\/product\/yoast-seo-premium-wordpress\/ -->\n<title>Victor Toledo - coreDevX<\/title>\n<meta name=\"robots\" content=\"index, follow, max-snippet:-1, max-image-preview:large, max-video-preview:-1\" \/>\n<link rel=\"canonical\" href=\"https:\/\/coredevx.com\/site\/equipo\/victor-toledo\/\" \/>\n<meta property=\"og:locale\" content=\"es_ES\" \/>\n<meta property=\"og:type\" content=\"article\" \/>\n<meta property=\"og:title\" content=\"Victor Toledo\" \/>\n<meta property=\"og:description\" content=\"Victor Toledo Chief Executive Officer &amp; Co-Founder Responsable del an\u00e1lisis, dise\u00f1o, programaci\u00f3n, construcci\u00f3n y entrega de soluciones para satisfacer las expectativas de [&hellip;]\" \/>\n<meta property=\"og:url\" content=\"https:\/\/coredevx.com\/site\/equipo\/victor-toledo\/\" \/>\n<meta property=\"og:site_name\" content=\"coreDevX\" \/>\n<meta property=\"article:publisher\" content=\"https:\/\/www.facebook.com\/coredevxspa\" \/>\n<meta property=\"article:modified_time\" content=\"2023-07-27T20:43:13+00:00\" \/>\n<meta property=\"og:image\" content=\"https:\/\/coredevx.com\/site\/wp-content\/uploads\/2023\/05\/victor-coredevx-1.jpg\" \/>\n<meta name=\"twitter:card\" content=\"summary_large_image\" \/>\n<meta name=\"twitter:site\" content=\"@coredevx\" \/>\n<meta name=\"twitter:label1\" content=\"Tiempo de lectura\" \/>\n\t<meta name=\"twitter:data1\" content=\"1 minuto\" \/>\n<script type=\"application\/ld+json\" class=\"yoast-schema-graph\">{\"@context\":\"https:\\\/\\\/schema.org\",\"@graph\":[{\"@type\":\"WebPage\",\"@id\":\"https:\\\/\\\/coredevx.com\\\/site\\\/equipo\\\/victor-toledo\\\/\",\"url\":\"https:\\\/\\\/coredevx.com\\\/site\\\/equipo\\\/victor-toledo\\\/\",\"name\":\"Victor Toledo - coreDevX\",\"isPartOf\":{\"@id\":\"https:\\\/\\\/coredevx.com\\\/site\\\/#website\"},\"primaryImageOfPage\":{\"@id\":\"https:\\\/\\\/coredevx.com\\\/site\\\/equipo\\\/victor-toledo\\\/#primaryimage\"},\"image\":{\"@id\":\"https:\\\/\\\/coredevx.com\\\/site\\\/equipo\\\/victor-toledo\\\/#primaryimage\"},\"thumbnailUrl\":\"https:\\\/\\\/coredevx.com\\\/site\\\/wp-content\\\/uploads\\\/2023\\\/05\\\/victor-coredevx-1.jpg\",\"datePublished\":\"2023-05-29T21:54:56+00:00\",\"dateModified\":\"2023-07-27T20:43:13+00:00\",\"breadcrumb\":{\"@id\":\"https:\\\/\\\/coredevx.com\\\/site\\\/equipo\\\/victor-toledo\\\/#breadcrumb\"},\"inLanguage\":\"es\",\"potentialAction\":[{\"@type\":\"ReadAction\",\"target\":[\"https:\\\/\\\/coredevx.com\\\/site\\\/equipo\\\/victor-toledo\\\/\"]}]},{\"@type\":\"ImageObject\",\"inLanguage\":\"es\",\"@id\":\"https:\\\/\\\/coredevx.com\\\/site\\\/equipo\\\/victor-toledo\\\/#primaryimage\",\"url\":\"https:\\\/\\\/coredevx.com\\\/site\\\/wp-content\\\/uploads\\\/2023\\\/05\\\/victor-coredevx-1.jpg\",\"contentUrl\":\"https:\\\/\\\/coredevx.com\\\/site\\\/wp-content\\\/uploads\\\/2023\\\/05\\\/victor-coredevx-1.jpg\",\"width\":580,\"height\":607},{\"@type\":\"BreadcrumbList\",\"@id\":\"https:\\\/\\\/coredevx.com\\\/site\\\/equipo\\\/victor-toledo\\\/#breadcrumb\",\"itemListElement\":[{\"@type\":\"ListItem\",\"position\":1,\"name\":\"Portada\",\"item\":\"https:\\\/\\\/coredevx.com\\\/site\\\/\"},{\"@type\":\"ListItem\",\"position\":2,\"name\":\"Equipo\",\"item\":\"https:\\\/\\\/coredevx.com\\\/site\\\/equipo\\\/\"},{\"@type\":\"ListItem\",\"position\":3,\"name\":\"Victor Toledo\"}]},{\"@type\":\"WebSite\",\"@id\":\"https:\\\/\\\/coredevx.com\\\/site\\\/#website\",\"url\":\"https:\\\/\\\/coredevx.com\\\/site\\\/\",\"name\":\"coreDevX\",\"description\":\"Consultora y Centro de Investigaci\u00f3n\",\"publisher\":{\"@id\":\"https:\\\/\\\/coredevx.com\\\/site\\\/#organization\"},\"potentialAction\":[{\"@type\":\"SearchAction\",\"target\":{\"@type\":\"EntryPoint\",\"urlTemplate\":\"https:\\\/\\\/coredevx.com\\\/site\\\/?s={search_term_string}\"},\"query-input\":{\"@type\":\"PropertyValueSpecification\",\"valueRequired\":true,\"valueName\":\"search_term_string\"}}],\"inLanguage\":\"es\"},{\"@type\":\"Organization\",\"@id\":\"https:\\\/\\\/coredevx.com\\\/site\\\/#organization\",\"name\":\"Consultora y Centro de Investigacion COREDEVX SpA\",\"alternateName\":\"COREDEVX\",\"url\":\"https:\\\/\\\/coredevx.com\\\/site\\\/\",\"logo\":{\"@type\":\"ImageObject\",\"inLanguage\":\"es\",\"@id\":\"https:\\\/\\\/coredevx.com\\\/site\\\/#\\\/schema\\\/logo\\\/image\\\/\",\"url\":\"https:\\\/\\\/coredevx.com\\\/site\\\/wp-content\\\/uploads\\\/2023\\\/05\\\/COREDEVX-logo.svg\",\"contentUrl\":\"https:\\\/\\\/coredevx.com\\\/site\\\/wp-content\\\/uploads\\\/2023\\\/05\\\/COREDEVX-logo.svg\",\"width\":\"1024\",\"height\":\"1024\",\"caption\":\"Consultora y Centro de Investigacion COREDEVX SpA\"},\"image\":{\"@id\":\"https:\\\/\\\/coredevx.com\\\/site\\\/#\\\/schema\\\/logo\\\/image\\\/\"},\"sameAs\":[\"https:\\\/\\\/www.facebook.com\\\/coredevxspa\",\"https:\\\/\\\/x.com\\\/coredevx\",\"https:\\\/\\\/www.instagram.com\\\/coredevx\\\/\",\"https:\\\/\\\/www.linkedin.com\\\/company\\\/consultora-&-centro-de-investigacin-coredevx-spa\\\/?trk=prof-following-company-logo\"]}]}<\/script>\n<!-- \/ Yoast SEO Premium plugin. -->","yoast_head_json":{"title":"Victor Toledo - coreDevX","robots":{"index":"index","follow":"follow","max-snippet":"max-snippet:-1","max-image-preview":"max-image-preview:large","max-video-preview":"max-video-preview:-1"},"canonical":"https:\/\/coredevx.com\/site\/equipo\/victor-toledo\/","og_locale":"es_ES","og_type":"article","og_title":"Victor Toledo","og_description":"Victor Toledo Chief Executive Officer &amp; Co-Founder Responsable del an\u00e1lisis, dise\u00f1o, programaci\u00f3n, construcci\u00f3n y entrega de soluciones para satisfacer las expectativas de [&hellip;]","og_url":"https:\/\/coredevx.com\/site\/equipo\/victor-toledo\/","og_site_name":"coreDevX","article_publisher":"https:\/\/www.facebook.com\/coredevxspa","article_modified_time":"2023-07-27T20:43:13+00:00","og_image":[{"url":"https:\/\/coredevx.com\/site\/wp-content\/uploads\/2023\/05\/victor-coredevx-1.jpg","type":"","width":"","height":""}],"twitter_card":"summary_large_image","twitter_site":"@coredevx","twitter_misc":{"Tiempo de lectura":"1 minuto"},"schema":{"@context":"https:\/\/schema.org","@graph":[{"@type":"WebPage","@id":"https:\/\/coredevx.com\/site\/equipo\/victor-toledo\/","url":"https:\/\/coredevx.com\/site\/equipo\/victor-toledo\/","name":"Victor Toledo - coreDevX","isPartOf":{"@id":"https:\/\/coredevx.com\/site\/#website"},"primaryImageOfPage":{"@id":"https:\/\/coredevx.com\/site\/equipo\/victor-toledo\/#primaryimage"},"image":{"@id":"https:\/\/coredevx.com\/site\/equipo\/victor-toledo\/#primaryimage"},"thumbnailUrl":"https:\/\/coredevx.com\/site\/wp-content\/uploads\/2023\/05\/victor-coredevx-1.jpg","datePublished":"2023-05-29T21:54:56+00:00","dateModified":"2023-07-27T20:43:13+00:00","breadcrumb":{"@id":"https:\/\/coredevx.com\/site\/equipo\/victor-toledo\/#breadcrumb"},"inLanguage":"es","potentialAction":[{"@type":"ReadAction","target":["https:\/\/coredevx.com\/site\/equipo\/victor-toledo\/"]}]},{"@type":"ImageObject","inLanguage":"es","@id":"https:\/\/coredevx.com\/site\/equipo\/victor-toledo\/#primaryimage","url":"https:\/\/coredevx.com\/site\/wp-content\/uploads\/2023\/05\/victor-coredevx-1.jpg","contentUrl":"https:\/\/coredevx.com\/site\/wp-content\/uploads\/2023\/05\/victor-coredevx-1.jpg","width":580,"height":607},{"@type":"BreadcrumbList","@id":"https:\/\/coredevx.com\/site\/equipo\/victor-toledo\/#breadcrumb","itemListElement":[{"@type":"ListItem","position":1,"name":"Portada","item":"https:\/\/coredevx.com\/site\/"},{"@type":"ListItem","position":2,"name":"Equipo","item":"https:\/\/coredevx.com\/site\/equipo\/"},{"@type":"ListItem","position":3,"name":"Victor Toledo"}]},{"@type":"WebSite","@id":"https:\/\/coredevx.com\/site\/#website","url":"https:\/\/coredevx.com\/site\/","name":"coreDevX","description":"Consultora y Centro de Investigaci\u00f3n","publisher":{"@id":"https:\/\/coredevx.com\/site\/#organization"},"potentialAction":[{"@type":"SearchAction","target":{"@type":"EntryPoint","urlTemplate":"https:\/\/coredevx.com\/site\/?s={search_term_string}"},"query-input":{"@type":"PropertyValueSpecification","valueRequired":true,"valueName":"search_term_string"}}],"inLanguage":"es"},{"@type":"Organization","@id":"https:\/\/coredevx.com\/site\/#organization","name":"Consultora y Centro de Investigacion COREDEVX SpA","alternateName":"COREDEVX","url":"https:\/\/coredevx.com\/site\/","logo":{"@type":"ImageObject","inLanguage":"es","@id":"https:\/\/coredevx.com\/site\/#\/schema\/logo\/image\/","url":"https:\/\/coredevx.com\/site\/wp-content\/uploads\/2023\/05\/COREDEVX-logo.svg","contentUrl":"https:\/\/coredevx.com\/site\/wp-content\/uploads\/2023\/05\/COREDEVX-logo.svg","width":"1024","height":"1024","caption":"Consultora y Centro de Investigacion COREDEVX SpA"},"image":{"@id":"https:\/\/coredevx.com\/site\/#\/schema\/logo\/image\/"},"sameAs":["https:\/\/www.facebook.com\/coredevxspa","https:\/\/x.com\/coredevx","https:\/\/www.instagram.com\/coredevx\/","https:\/\/www.linkedin.com\/company\/consultora-&-centro-de-investigacin-coredevx-spa\/?trk=prof-following-company-logo"]}]}},"_links":{"self":[{"href":"https:\/\/coredevx.com\/site\/wp-json\/wp\/v2\/pages\/4023","targetHints":{"allow":["GET"]}}],"collection":[{"href":"https:\/\/coredevx.com\/site\/wp-json\/wp\/v2\/pages"}],"about":[{"href":"https:\/\/coredevx.com\/site\/wp-json\/wp\/v2\/types\/page"}],"author":[{"embeddable":true,"href":"https:\/\/coredevx.com\/site\/wp-json\/wp\/v2\/users\/4"}],"replies":[{"embeddable":true,"href":"https:\/\/coredevx.com\/site\/wp-json\/wp\/v2\/comments?post=4023"}],"version-history":[{"count":5,"href":"https:\/\/coredevx.com\/site\/wp-json\/wp\/v2\/pages\/4023\/revisions"}],"predecessor-version":[{"id":7235,"href":"https:\/\/coredevx.com\/site\/wp-json\/wp\/v2\/pages\/4023\/revisions\/7235"}],"up":[{"embeddable":true,"href":"https:\/\/coredevx.com\/site\/wp-json\/wp\/v2\/pages\/799"}],"wp:attachment":[{"href":"https:\/\/coredevx.com\/site\/wp-json\/wp\/v2\/media?parent=4023"}],"curies":[{"name":"wp","href":"https:\/\/api.w.org\/{rel}","templated":true}]}}