{"id":4007,"date":"2023-05-29T21:48:12","date_gmt":"2023-05-29T21:48:12","guid":{"rendered":"https:\/\/coredevx.com\/site\/?page_id=4007"},"modified":"2023-07-27T20:42:03","modified_gmt":"2023-07-27T20:42:03","slug":"javier-urrutia","status":"publish","type":"page","link":"https:\/\/coredevx.com\/site\/equipo\/javier-urrutia\/","title":{"rendered":"Javier Urrutia"},"content":{"rendered":"\t\t<div data-elementor-type=\"wp-page\" data-elementor-id=\"4007\" class=\"elementor elementor-4007\" data-elementor-post-type=\"page\">\n\t\t\t\t\t\t<section class=\"elementor-section elementor-top-section elementor-element elementor-element-71242b1 elementor-section-content-top elementor-section-boxed elementor-section-height-default elementor-section-height-default\" data-id=\"71242b1\" data-element_type=\"section\">\n\t\t\t\t\t\t<div class=\"elementor-container elementor-column-gap-wide\">\n\t\t\t\t\t<div class=\"elementor-column elementor-col-100 elementor-top-column elementor-element elementor-element-afb43ff\" data-id=\"afb43ff\" data-element_type=\"column\">\n\t\t\t<div class=\"elementor-widget-wrap elementor-element-populated\">\n\t\t\t\t\t\t<section class=\"elementor-section elementor-inner-section elementor-element elementor-element-1a8dae3d elementor-reverse-mobile elementor-section-content-top elementor-section-boxed elementor-section-height-default elementor-section-height-default\" data-id=\"1a8dae3d\" data-element_type=\"section\">\n\t\t\t\t\t\t<div class=\"elementor-container elementor-column-gap-wide\">\n\t\t\t\t\t<div class=\"elementor-column elementor-col-50 elementor-inner-column elementor-element elementor-element-609ea0ee\" data-id=\"609ea0ee\" data-element_type=\"column\">\n\t\t\t<div class=\"elementor-widget-wrap elementor-element-populated\">\n\t\t\t\t\t\t<div class=\"elementor-element elementor-element-73d46c53 elementor-widget elementor-widget-emage_hover_effects\" data-id=\"73d46c53\" data-element_type=\"widget\" data-widget_type=\"emage_hover_effects.default\">\n\t\t\t\t<div class=\"elementor-widget-container\">\n\t\t\t\t\t\r\n\t\t\t<div class=\"imghvr-wrapper\">\r\n\t\t\t\t<div class=\"imghvr\">\r\n\t\t\t\t\t\t\t\t\t\t<div class=\"imghvr-overlay imghvr-anim-fade-in imghvr-anim-single\">\r\n\t\t\t\t\t\t<div><\/div>\r\n\t\t\t\t\t<\/div>\r\n\t\t\t\t\t\t\t\t\t\t<div class=\"imghvr-content-wrapper imghvr-content-center imghvr-anim-fade-in\">\r\n\t\t\t\t\t\t\t\t\t\t\t\t\t\t\t\t\t\t\t\t\t\t\t<\/div>\r\n\t\t\t\t\t<img fetchpriority=\"high\" decoding=\"async\" width=\"580\" height=\"607\" src=\"https:\/\/coredevx.com\/site\/wp-content\/uploads\/2023\/05\/javier-coredevx-1.jpg\" class=\"imghvr-anim-none  attachment-full size-full wp-image-3721\" alt=\"\" srcset=\"https:\/\/coredevx.com\/site\/wp-content\/uploads\/2023\/05\/javier-coredevx-1.jpg 580w, https:\/\/coredevx.com\/site\/wp-content\/uploads\/2023\/05\/javier-coredevx-1-287x300.jpg 287w\" sizes=\"(max-width: 580px) 100vw, 580px\" \/>\t\t\t\t<\/div>\r\n\t\t\t<\/div>\r\n\r\n\t\t\t\t\t\t\t<\/div>\n\t\t\t\t<\/div>\n\t\t\t\t\t<\/div>\n\t\t<\/div>\n\t\t\t\t<div class=\"elementor-column elementor-col-50 elementor-inner-column elementor-element elementor-element-4ea75198\" data-id=\"4ea75198\" data-element_type=\"column\">\n\t\t\t<div class=\"elementor-widget-wrap elementor-element-populated\">\n\t\t\t\t\t\t<div class=\"elementor-element elementor-element-56e9b8de elementor-widget elementor-widget-heading\" data-id=\"56e9b8de\" data-element_type=\"widget\" data-widget_type=\"heading.default\">\n\t\t\t\t<div class=\"elementor-widget-container\">\n\t\t\t\t\t<h3 class=\"elementor-heading-title elementor-size-default\">Javier Urrutia<\/h3>\t\t\t\t<\/div>\n\t\t\t\t<\/div>\n\t\t\t\t<div class=\"elementor-element elementor-element-adfd477 elementor-widget elementor-widget-heading\" data-id=\"adfd477\" data-element_type=\"widget\" data-widget_type=\"heading.default\">\n\t\t\t\t<div class=\"elementor-widget-container\">\n\t\t\t\t\t<h4 class=\"elementor-heading-title elementor-size-default\">Chief Executive Officer &amp; Founder<\/h4>\t\t\t\t<\/div>\n\t\t\t\t<\/div>\n\t\t\t\t<div class=\"elementor-element elementor-element-6af72c17 elementor-widget__width-initial elementor-widget elementor-widget-text-editor\" data-id=\"6af72c17\" data-element_type=\"widget\" data-widget_type=\"text-editor.default\">\n\t\t\t\t<div class=\"elementor-widget-container\">\n\t\t\t\t\t\t\t\t\t<p>Me considero un entusiasta desarrollador e investigador permanente en los procesos de creaci\u00f3n de software. Cansado de algunas din\u00e1micas improductivas e incorrectas en el mundo de las tecnolog\u00edas de la informaci\u00f3n. Tome la decisi\u00f3n junto a varios colegas de crear un referente local para el estudio continuo de estos temas.<\/p><p>Nos concentramos en asesorar a m\u00faltiples empresas y directorios en el camino de entender la naturaleza del software, su evoluci\u00f3n continua, sus complejidades, relaciones de governance y en el desarrollo \u00e1gil y moderno de \u00e1reas tecnol\u00f3gicas. Particularmente en los \u00e1mbitos de la gesti\u00f3n y la t\u00e9cnica para el dise\u00f1o y construcci\u00f3n de software moderno y \u00fatil. Conformando para ello una comunidad de estudio e investigaci\u00f3n permanente.<\/p><p>Soy de profesi\u00f3n Ingeniero Civil en Inform\u00e1tica de la Universidad Austral de Chile. Durante mi carrera he desempe\u00f1ado roles como Asesor de Estrategias Tecnol\u00f3gicas, CTO, Gerente de \u00c1reas IT, Gerente de Desarrollos, en la administraci\u00f3n de proyectos inform\u00e1ticos complejos y en la gesti\u00f3n de equipos de consultores. He participado en proyectos para las principales empresas del pa\u00eds tanto en Chile como en Argentina, Brasil y M\u00e9xico por m\u00e1s de 15 a\u00f1os.<\/p><p>Como director de una consultora &amp; centro de investigaci\u00f3n privado, creo firmemente en que tanto la academia y la empresa\u00a0 privada tienen un espacio en comun para la de creaci\u00f3n con prop\u00f3sito de nuevos negocios. <br \/><br \/>Me encanta investigar y aprender continuamente, por ello cuento con una &#8220;Maestr\u00eda en Innovaci\u00f3n&#8221; (C) de la escuela de negocios de la Universidad Adolfo Ib\u00e1\u00f1ez y actualmente me encuentro cursando una &#8220;Maestr\u00eda en Filosof\u00eda Aplicada&#8221; de Facultad de Filosof\u00eda y Humanidades en la Universidad de los Andes.<\/p>\t\t\t\t\t\t\t\t<\/div>\n\t\t\t\t<\/div>\n\t\t\t\t\t<\/div>\n\t\t<\/div>\n\t\t\t\t\t<\/div>\n\t\t<\/section>\n\t\t\t\t\t<\/div>\n\t\t<\/div>\n\t\t\t\t\t<\/div>\n\t\t<\/section>\n\t\t\t\t<\/div>\n\t\t","protected":false},"excerpt":{"rendered":"<p>Javier Urrutia Chief Executive Officer &amp; Founder Me considero un entusiasta desarrollador e investigador permanente en los procesos de creaci\u00f3n de software. [&hellip;]<\/p>\n","protected":false},"author":4,"featured_media":0,"parent":799,"menu_order":0,"comment_status":"closed","ping_status":"closed","template":"","meta":{"footnotes":""},"class_list":["post-4007","page","type-page","status-publish","hentry"],"yoast_head":"<!-- This site is optimized with the Yoast SEO Premium plugin v26.6 (Yoast SEO v27.3) - https:\/\/yoast.com\/product\/yoast-seo-premium-wordpress\/ -->\n<title>Javier Urrutia - coreDevX<\/title>\n<meta name=\"robots\" content=\"index, follow, max-snippet:-1, max-image-preview:large, max-video-preview:-1\" \/>\n<link rel=\"canonical\" href=\"https:\/\/coredevx.com\/site\/equipo\/javier-urrutia\/\" \/>\n<meta property=\"og:locale\" content=\"es_ES\" \/>\n<meta property=\"og:type\" content=\"article\" \/>\n<meta property=\"og:title\" content=\"Javier Urrutia\" \/>\n<meta property=\"og:description\" content=\"Javier Urrutia Chief Executive Officer &amp; Founder Me considero un entusiasta desarrollador e investigador permanente en los procesos de creaci\u00f3n de software. [&hellip;]\" \/>\n<meta property=\"og:url\" content=\"https:\/\/coredevx.com\/site\/equipo\/javier-urrutia\/\" \/>\n<meta property=\"og:site_name\" content=\"coreDevX\" \/>\n<meta property=\"article:publisher\" content=\"https:\/\/www.facebook.com\/coredevxspa\" \/>\n<meta property=\"article:modified_time\" content=\"2023-07-27T20:42:03+00:00\" \/>\n<meta property=\"og:image\" content=\"https:\/\/coredevx.com\/site\/wp-content\/uploads\/2023\/05\/javier-coredevx-1.jpg\" \/>\n<meta name=\"twitter:card\" content=\"summary_large_image\" \/>\n<meta name=\"twitter:site\" content=\"@coredevx\" \/>\n<meta name=\"twitter:label1\" content=\"Tiempo de lectura\" \/>\n\t<meta name=\"twitter:data1\" content=\"2 minutos\" \/>\n<script type=\"application\/ld+json\" class=\"yoast-schema-graph\">{\"@context\":\"https:\\\/\\\/schema.org\",\"@graph\":[{\"@type\":\"WebPage\",\"@id\":\"https:\\\/\\\/coredevx.com\\\/site\\\/equipo\\\/javier-urrutia\\\/\",\"url\":\"https:\\\/\\\/coredevx.com\\\/site\\\/equipo\\\/javier-urrutia\\\/\",\"name\":\"Javier Urrutia - coreDevX\",\"isPartOf\":{\"@id\":\"https:\\\/\\\/coredevx.com\\\/site\\\/#website\"},\"primaryImageOfPage\":{\"@id\":\"https:\\\/\\\/coredevx.com\\\/site\\\/equipo\\\/javier-urrutia\\\/#primaryimage\"},\"image\":{\"@id\":\"https:\\\/\\\/coredevx.com\\\/site\\\/equipo\\\/javier-urrutia\\\/#primaryimage\"},\"thumbnailUrl\":\"https:\\\/\\\/coredevx.com\\\/site\\\/wp-content\\\/uploads\\\/2023\\\/05\\\/javier-coredevx-1.jpg\",\"datePublished\":\"2023-05-29T21:48:12+00:00\",\"dateModified\":\"2023-07-27T20:42:03+00:00\",\"breadcrumb\":{\"@id\":\"https:\\\/\\\/coredevx.com\\\/site\\\/equipo\\\/javier-urrutia\\\/#breadcrumb\"},\"inLanguage\":\"es\",\"potentialAction\":[{\"@type\":\"ReadAction\",\"target\":[\"https:\\\/\\\/coredevx.com\\\/site\\\/equipo\\\/javier-urrutia\\\/\"]}]},{\"@type\":\"ImageObject\",\"inLanguage\":\"es\",\"@id\":\"https:\\\/\\\/coredevx.com\\\/site\\\/equipo\\\/javier-urrutia\\\/#primaryimage\",\"url\":\"https:\\\/\\\/coredevx.com\\\/site\\\/wp-content\\\/uploads\\\/2023\\\/05\\\/javier-coredevx-1.jpg\",\"contentUrl\":\"https:\\\/\\\/coredevx.com\\\/site\\\/wp-content\\\/uploads\\\/2023\\\/05\\\/javier-coredevx-1.jpg\",\"width\":580,\"height\":607},{\"@type\":\"BreadcrumbList\",\"@id\":\"https:\\\/\\\/coredevx.com\\\/site\\\/equipo\\\/javier-urrutia\\\/#breadcrumb\",\"itemListElement\":[{\"@type\":\"ListItem\",\"position\":1,\"name\":\"Portada\",\"item\":\"https:\\\/\\\/coredevx.com\\\/site\\\/\"},{\"@type\":\"ListItem\",\"position\":2,\"name\":\"Equipo\",\"item\":\"https:\\\/\\\/coredevx.com\\\/site\\\/equipo\\\/\"},{\"@type\":\"ListItem\",\"position\":3,\"name\":\"Javier Urrutia\"}]},{\"@type\":\"WebSite\",\"@id\":\"https:\\\/\\\/coredevx.com\\\/site\\\/#website\",\"url\":\"https:\\\/\\\/coredevx.com\\\/site\\\/\",\"name\":\"coreDevX\",\"description\":\"Consultora y Centro de Investigaci\u00f3n\",\"publisher\":{\"@id\":\"https:\\\/\\\/coredevx.com\\\/site\\\/#organization\"},\"potentialAction\":[{\"@type\":\"SearchAction\",\"target\":{\"@type\":\"EntryPoint\",\"urlTemplate\":\"https:\\\/\\\/coredevx.com\\\/site\\\/?s={search_term_string}\"},\"query-input\":{\"@type\":\"PropertyValueSpecification\",\"valueRequired\":true,\"valueName\":\"search_term_string\"}}],\"inLanguage\":\"es\"},{\"@type\":\"Organization\",\"@id\":\"https:\\\/\\\/coredevx.com\\\/site\\\/#organization\",\"name\":\"Consultora y Centro de Investigacion COREDEVX SpA\",\"alternateName\":\"COREDEVX\",\"url\":\"https:\\\/\\\/coredevx.com\\\/site\\\/\",\"logo\":{\"@type\":\"ImageObject\",\"inLanguage\":\"es\",\"@id\":\"https:\\\/\\\/coredevx.com\\\/site\\\/#\\\/schema\\\/logo\\\/image\\\/\",\"url\":\"https:\\\/\\\/coredevx.com\\\/site\\\/wp-content\\\/uploads\\\/2023\\\/05\\\/COREDEVX-logo.svg\",\"contentUrl\":\"https:\\\/\\\/coredevx.com\\\/site\\\/wp-content\\\/uploads\\\/2023\\\/05\\\/COREDEVX-logo.svg\",\"width\":\"1024\",\"height\":\"1024\",\"caption\":\"Consultora y Centro de Investigacion COREDEVX SpA\"},\"image\":{\"@id\":\"https:\\\/\\\/coredevx.com\\\/site\\\/#\\\/schema\\\/logo\\\/image\\\/\"},\"sameAs\":[\"https:\\\/\\\/www.facebook.com\\\/coredevxspa\",\"https:\\\/\\\/x.com\\\/coredevx\",\"https:\\\/\\\/www.instagram.com\\\/coredevx\\\/\",\"https:\\\/\\\/www.linkedin.com\\\/company\\\/consultora-&-centro-de-investigacin-coredevx-spa\\\/?trk=prof-following-company-logo\"]}]}<\/script>\n<!-- \/ Yoast SEO Premium plugin. -->","yoast_head_json":{"title":"Javier Urrutia - coreDevX","robots":{"index":"index","follow":"follow","max-snippet":"max-snippet:-1","max-image-preview":"max-image-preview:large","max-video-preview":"max-video-preview:-1"},"canonical":"https:\/\/coredevx.com\/site\/equipo\/javier-urrutia\/","og_locale":"es_ES","og_type":"article","og_title":"Javier Urrutia","og_description":"Javier Urrutia Chief Executive Officer &amp; Founder Me considero un entusiasta desarrollador e investigador permanente en los procesos de creaci\u00f3n de software. [&hellip;]","og_url":"https:\/\/coredevx.com\/site\/equipo\/javier-urrutia\/","og_site_name":"coreDevX","article_publisher":"https:\/\/www.facebook.com\/coredevxspa","article_modified_time":"2023-07-27T20:42:03+00:00","og_image":[{"url":"https:\/\/coredevx.com\/site\/wp-content\/uploads\/2023\/05\/javier-coredevx-1.jpg","type":"","width":"","height":""}],"twitter_card":"summary_large_image","twitter_site":"@coredevx","twitter_misc":{"Tiempo de lectura":"2 minutos"},"schema":{"@context":"https:\/\/schema.org","@graph":[{"@type":"WebPage","@id":"https:\/\/coredevx.com\/site\/equipo\/javier-urrutia\/","url":"https:\/\/coredevx.com\/site\/equipo\/javier-urrutia\/","name":"Javier Urrutia - coreDevX","isPartOf":{"@id":"https:\/\/coredevx.com\/site\/#website"},"primaryImageOfPage":{"@id":"https:\/\/coredevx.com\/site\/equipo\/javier-urrutia\/#primaryimage"},"image":{"@id":"https:\/\/coredevx.com\/site\/equipo\/javier-urrutia\/#primaryimage"},"thumbnailUrl":"https:\/\/coredevx.com\/site\/wp-content\/uploads\/2023\/05\/javier-coredevx-1.jpg","datePublished":"2023-05-29T21:48:12+00:00","dateModified":"2023-07-27T20:42:03+00:00","breadcrumb":{"@id":"https:\/\/coredevx.com\/site\/equipo\/javier-urrutia\/#breadcrumb"},"inLanguage":"es","potentialAction":[{"@type":"ReadAction","target":["https:\/\/coredevx.com\/site\/equipo\/javier-urrutia\/"]}]},{"@type":"ImageObject","inLanguage":"es","@id":"https:\/\/coredevx.com\/site\/equipo\/javier-urrutia\/#primaryimage","url":"https:\/\/coredevx.com\/site\/wp-content\/uploads\/2023\/05\/javier-coredevx-1.jpg","contentUrl":"https:\/\/coredevx.com\/site\/wp-content\/uploads\/2023\/05\/javier-coredevx-1.jpg","width":580,"height":607},{"@type":"BreadcrumbList","@id":"https:\/\/coredevx.com\/site\/equipo\/javier-urrutia\/#breadcrumb","itemListElement":[{"@type":"ListItem","position":1,"name":"Portada","item":"https:\/\/coredevx.com\/site\/"},{"@type":"ListItem","position":2,"name":"Equipo","item":"https:\/\/coredevx.com\/site\/equipo\/"},{"@type":"ListItem","position":3,"name":"Javier Urrutia"}]},{"@type":"WebSite","@id":"https:\/\/coredevx.com\/site\/#website","url":"https:\/\/coredevx.com\/site\/","name":"coreDevX","description":"Consultora y Centro de Investigaci\u00f3n","publisher":{"@id":"https:\/\/coredevx.com\/site\/#organization"},"potentialAction":[{"@type":"SearchAction","target":{"@type":"EntryPoint","urlTemplate":"https:\/\/coredevx.com\/site\/?s={search_term_string}"},"query-input":{"@type":"PropertyValueSpecification","valueRequired":true,"valueName":"search_term_string"}}],"inLanguage":"es"},{"@type":"Organization","@id":"https:\/\/coredevx.com\/site\/#organization","name":"Consultora y Centro de Investigacion COREDEVX SpA","alternateName":"COREDEVX","url":"https:\/\/coredevx.com\/site\/","logo":{"@type":"ImageObject","inLanguage":"es","@id":"https:\/\/coredevx.com\/site\/#\/schema\/logo\/image\/","url":"https:\/\/coredevx.com\/site\/wp-content\/uploads\/2023\/05\/COREDEVX-logo.svg","contentUrl":"https:\/\/coredevx.com\/site\/wp-content\/uploads\/2023\/05\/COREDEVX-logo.svg","width":"1024","height":"1024","caption":"Consultora y Centro de Investigacion COREDEVX SpA"},"image":{"@id":"https:\/\/coredevx.com\/site\/#\/schema\/logo\/image\/"},"sameAs":["https:\/\/www.facebook.com\/coredevxspa","https:\/\/x.com\/coredevx","https:\/\/www.instagram.com\/coredevx\/","https:\/\/www.linkedin.com\/company\/consultora-&-centro-de-investigacin-coredevx-spa\/?trk=prof-following-company-logo"]}]}},"_links":{"self":[{"href":"https:\/\/coredevx.com\/site\/wp-json\/wp\/v2\/pages\/4007","targetHints":{"allow":["GET"]}}],"collection":[{"href":"https:\/\/coredevx.com\/site\/wp-json\/wp\/v2\/pages"}],"about":[{"href":"https:\/\/coredevx.com\/site\/wp-json\/wp\/v2\/types\/page"}],"author":[{"embeddable":true,"href":"https:\/\/coredevx.com\/site\/wp-json\/wp\/v2\/users\/4"}],"replies":[{"embeddable":true,"href":"https:\/\/coredevx.com\/site\/wp-json\/wp\/v2\/comments?post=4007"}],"version-history":[{"count":5,"href":"https:\/\/coredevx.com\/site\/wp-json\/wp\/v2\/pages\/4007\/revisions"}],"predecessor-version":[{"id":7232,"href":"https:\/\/coredevx.com\/site\/wp-json\/wp\/v2\/pages\/4007\/revisions\/7232"}],"up":[{"embeddable":true,"href":"https:\/\/coredevx.com\/site\/wp-json\/wp\/v2\/pages\/799"}],"wp:attachment":[{"href":"https:\/\/coredevx.com\/site\/wp-json\/wp\/v2\/media?parent=4007"}],"curies":[{"name":"wp","href":"https:\/\/api.w.org\/{rel}","templated":true}]}}