{"id":1559,"date":"2023-05-09T16:59:19","date_gmt":"2023-05-09T16:59:19","guid":{"rendered":"https:\/\/coredevx.com\/site\/?page_id=1559"},"modified":"2024-05-09T20:57:33","modified_gmt":"2024-05-09T20:57:33","slug":"insights","status":"publish","type":"page","link":"https:\/\/coredevx.com\/site\/insights\/","title":{"rendered":"INSIGHTS"},"content":{"rendered":"\t\t<div data-elementor-type=\"wp-page\" data-elementor-id=\"1559\" class=\"elementor elementor-1559\" data-elementor-post-type=\"page\">\n\t\t\t\t\t\t<div class=\"elementor-section elementor-top-section elementor-element elementor-element-5f024b67 elementor-section-boxed elementor-section-height-default elementor-section-height-default\" data-id=\"5f024b67\" data-element_type=\"section\" data-settings=\"{&quot;background_background&quot;:&quot;slideshow&quot;,&quot;section_parallax_on&quot;:&quot;yes&quot;,&quot;background_slideshow_gallery&quot;:[{&quot;id&quot;:4847,&quot;url&quot;:&quot;https:\\\/\\\/coredevx.com\\\/site\\\/wp-content\\\/uploads\\\/2023\\\/05\\\/COREDEVX-head-x.jpg&quot;},{&quot;id&quot;:4848,&quot;url&quot;:&quot;https:\\\/\\\/coredevx.com\\\/site\\\/wp-content\\\/uploads\\\/2023\\\/05\\\/COREDEVX-head-x-1.jpg&quot;}],&quot;background_slideshow_slide_duration&quot;:50000,&quot;background_slideshow_ken_burns&quot;:&quot;yes&quot;,&quot;background_slideshow_loop&quot;:&quot;yes&quot;,&quot;background_slideshow_slide_transition&quot;:&quot;fade&quot;,&quot;background_slideshow_transition_duration&quot;:500,&quot;background_slideshow_ken_burns_zoom_direction&quot;:&quot;in&quot;}\">\n\t\t\t\t\t\t\t<div class=\"elementor-background-overlay\"><\/div>\n\t\t\t\t\t\t\t<div class=\"elementor-container elementor-column-gap-default\">\n\t\t\t\t\t<div class=\"elementor-column elementor-col-100 elementor-top-column elementor-element elementor-element-e4db380\" data-id=\"e4db380\" data-element_type=\"column\">\n\t\t\t<div class=\"elementor-widget-wrap elementor-element-populated\">\n\t\t\t\t\t\t<div class=\"elementor-element elementor-element-2c52f5b2 elementor-widget elementor-widget-highlighted-text\" data-id=\"2c52f5b2\" data-element_type=\"widget\" data-widget_type=\"highlighted-text.default\">\n\t\t\t\t<div class=\"elementor-widget-container\">\n\t\t\t\t\t\t\t<h1 class=\"ui-e--highlighted-text\" >\r\n        <span class=\"ui-e-headline-text\">INSIGHTS<\/span>        <\/h1>\r\n        \t\t\t\t<\/div>\n\t\t\t\t<\/div>\n\t\t\t\t<div class=\"elementor-element elementor-element-3313e0e elementor-widget__width-initial elementor-widget-mobile__width-inherit elementor-widget elementor-widget-text-editor\" data-id=\"3313e0e\" data-element_type=\"widget\" data-widget_type=\"text-editor.default\">\n\t\t\t\t<div class=\"elementor-widget-container\">\n\t\t\t\t\t\t\t\t\t<p>Descubre el poder de una comunidad interconectada en constante crecimiento. Fusionamos calidad de vida y tecnolog\u00eda, innovando para un futuro mejor.<\/p>\t\t\t\t\t\t\t\t<\/div>\n\t\t\t\t<\/div>\n\t\t\t\t\t<\/div>\n\t\t<\/div>\n\t\t\t\t\t<\/div>\n\t\t<\/div>\n\t\t\t\t<section class=\"elementor-section elementor-top-section elementor-element elementor-element-6a6a537 elementor-section-full_width elementor-reverse-tablet elementor-reverse-mobile elementor-section-height-default elementor-section-height-default\" data-id=\"6a6a537\" data-element_type=\"section\">\n\t\t\t\t\t\t<div class=\"elementor-container elementor-column-gap-default\">\n\t\t\t\t\t<div class=\"elementor-column elementor-col-50 elementor-top-column elementor-element elementor-element-4539bfb ep-parallax-effects-yes\" data-id=\"4539bfb\" data-element_type=\"column\" data-settings=\"{&quot;background_background&quot;:&quot;classic&quot;,&quot;ep_parallax_effects_show&quot;:&quot;yes&quot;,&quot;ep_parallax_effects_y&quot;:&quot;yes&quot;,&quot;ep_parallax_effects_y_start&quot;:{&quot;unit&quot;:&quot;px&quot;,&quot;size&quot;:50,&quot;sizes&quot;:[]},&quot;ep_parallax_effects_y_end&quot;:{&quot;unit&quot;:&quot;px&quot;,&quot;size&quot;:0,&quot;sizes&quot;:[]},&quot;ep_parallax_effects_rotate_start&quot;:{&quot;unit&quot;:&quot;px&quot;,&quot;size&quot;:&quot;&quot;,&quot;sizes&quot;:[]},&quot;ep_parallax_effects_rotate_end&quot;:{&quot;unit&quot;:&quot;px&quot;,&quot;size&quot;:&quot;&quot;,&quot;sizes&quot;:[]},&quot;ep_parallax_effects_scale_start&quot;:{&quot;unit&quot;:&quot;px&quot;,&quot;size&quot;:1,&quot;sizes&quot;:[]},&quot;ep_parallax_effects_scale_end&quot;:{&quot;unit&quot;:&quot;px&quot;,&quot;size&quot;:1,&quot;sizes&quot;:[]},&quot;ep_parallax_effects_hue_value&quot;:{&quot;unit&quot;:&quot;px&quot;,&quot;size&quot;:&quot;&quot;,&quot;sizes&quot;:[]},&quot;ep_parallax_effects_sepia_value&quot;:{&quot;unit&quot;:&quot;px&quot;,&quot;size&quot;:1,&quot;sizes&quot;:[]},&quot;ep_parallax_effects_easing_value&quot;:{&quot;unit&quot;:&quot;px&quot;,&quot;size&quot;:1,&quot;sizes&quot;:[]},&quot;ep_parallax_effects_target&quot;:&quot;self&quot;}\">\n\t\t\t<div class=\"elementor-widget-wrap elementor-element-populated\">\n\t\t\t\t\t<div class=\"elementor-background-overlay\"><\/div>\n\t\t\t\t\t\t<div class=\"elementor-element elementor-element-8087d55 elementor-widget elementor-widget-spacer\" data-id=\"8087d55\" data-element_type=\"widget\" data-widget_type=\"spacer.default\">\n\t\t\t\t<div class=\"elementor-widget-container\">\n\t\t\t\t\t\t\t<div class=\"elementor-spacer\">\n\t\t\t<div class=\"elementor-spacer-inner\"><\/div>\n\t\t<\/div>\n\t\t\t\t\t\t<\/div>\n\t\t\t\t<\/div>\n\t\t\t\t\t<\/div>\n\t\t<\/div>\n\t\t\t\t<div class=\"elementor-column elementor-col-50 elementor-top-column elementor-element elementor-element-6f2a775\" data-id=\"6f2a775\" data-element_type=\"column\" data-settings=\"{&quot;background_background&quot;:&quot;classic&quot;}\">\n\t\t\t<div class=\"elementor-widget-wrap elementor-element-populated\">\n\t\t\t\t\t\t<div class=\"elementor-element elementor-element-3c237ba elementor-widget elementor-widget-heading\" data-id=\"3c237ba\" data-element_type=\"widget\" data-widget_type=\"heading.default\">\n\t\t\t\t<div class=\"elementor-widget-container\">\n\t\t\t\t\t<h3 class=\"elementor-heading-title elementor-size-default\">Estilo de Vida<\/h3>\t\t\t\t<\/div>\n\t\t\t\t<\/div>\n\t\t\t\t<div class=\"elementor-element elementor-element-f772c54 elementor-widget__width-initial elementor-widget-tablet__width-inherit elementor-widget-mobile__width-inherit elementor-widget elementor-widget-text-editor\" data-id=\"f772c54\" data-element_type=\"widget\" data-widget_type=\"text-editor.default\">\n\t\t\t\t<div class=\"elementor-widget-container\">\n\t\t\t\t\t\t\t\t\t<p>Hemos creado un estilo de vida centrado en la innovaci\u00f3n, talento y el crecimiento personal. Nos importa la tranquilidad de nuestros colaboradores, por lo que nos aseguramos de ofrecer un ambiente creativo y relajado donde puedan hacer su mejor trabajo.<\/p>\t\t\t\t\t\t\t\t<\/div>\n\t\t\t\t<\/div>\n\t\t\t\t<div class=\"elementor-element elementor-element-aee2ff4 elementor-align-left elementor-mobile-align-center elementor-widget elementor-widget-button\" data-id=\"aee2ff4\" data-element_type=\"widget\" data-widget_type=\"button.default\">\n\t\t\t\t<div class=\"elementor-widget-container\">\n\t\t\t\t\t\t\t\t\t<div class=\"elementor-button-wrapper\">\n\t\t\t\t\t<a class=\"elementor-button elementor-button-link elementor-size-md\" href=\"https:\/\/coredevx.com\/site\/estilo-de-vida\/\">\n\t\t\t\t\t\t<span class=\"elementor-button-content-wrapper\">\n\t\t\t\t\t\t\t\t\t<span class=\"elementor-button-text\">Ver m\u00e1s<\/span>\n\t\t\t\t\t<\/span>\n\t\t\t\t\t<\/a>\n\t\t\t\t<\/div>\n\t\t\t\t\t\t\t\t<\/div>\n\t\t\t\t<\/div>\n\t\t\t\t\t<\/div>\n\t\t<\/div>\n\t\t\t\t\t<\/div>\n\t\t<\/section>\n\t\t\t\t<section class=\"elementor-section elementor-top-section elementor-element elementor-element-984cc6d elementor-section-full_width elementor-section-height-default elementor-section-height-default\" data-id=\"984cc6d\" data-element_type=\"section\">\n\t\t\t\t\t\t<div class=\"elementor-container elementor-column-gap-default\">\n\t\t\t\t\t<div class=\"elementor-column elementor-col-50 elementor-top-column elementor-element elementor-element-5c37237\" data-id=\"5c37237\" data-element_type=\"column\" data-settings=\"{&quot;background_background&quot;:&quot;classic&quot;}\">\n\t\t\t<div class=\"elementor-widget-wrap elementor-element-populated\">\n\t\t\t\t\t\t<div class=\"elementor-element elementor-element-bd615c9 elementor-widget elementor-widget-heading\" data-id=\"bd615c9\" data-element_type=\"widget\" data-widget_type=\"heading.default\">\n\t\t\t\t<div class=\"elementor-widget-container\">\n\t\t\t\t\t<h3 class=\"elementor-heading-title elementor-size-default\">Lado B<\/h3>\t\t\t\t<\/div>\n\t\t\t\t<\/div>\n\t\t\t\t<div class=\"elementor-element elementor-element-c083864 elementor-widget__width-initial elementor-widget-tablet__width-inherit elementor-widget-mobile__width-inherit elementor-widget elementor-widget-text-editor\" data-id=\"c083864\" data-element_type=\"widget\" data-widget_type=\"text-editor.default\">\n\t\t\t\t<div class=\"elementor-widget-container\">\n\t\t\t\t\t\t\t\t\t<p>Nuestra comunidad es el coraz\u00f3n de nuestra empresa y la base de nuestro enfoque distintivo. Es lo que nos hace \u00fanicos y nos diferencia de otras empresas. En nuestra organizaci\u00f3n, creemos que cada miembro del equipo es esencial para el \u00e9xito, y fomentamos una cultura de colaboraci\u00f3n e innovaci\u00f3n a escala humana.<\/p>\t\t\t\t\t\t\t\t<\/div>\n\t\t\t\t<\/div>\n\t\t\t\t<div class=\"elementor-element elementor-element-d4a5970 elementor-align-right elementor-mobile-align-center elementor-widget elementor-widget-button\" data-id=\"d4a5970\" data-element_type=\"widget\" data-widget_type=\"button.default\">\n\t\t\t\t<div class=\"elementor-widget-container\">\n\t\t\t\t\t\t\t\t\t<div class=\"elementor-button-wrapper\">\n\t\t\t\t\t<a class=\"elementor-button elementor-button-link elementor-size-md\" href=\"https:\/\/coredevx.com\/site\/lado-b\/\">\n\t\t\t\t\t\t<span class=\"elementor-button-content-wrapper\">\n\t\t\t\t\t\t\t\t\t<span class=\"elementor-button-text\">Ver m\u00e1s<\/span>\n\t\t\t\t\t<\/span>\n\t\t\t\t\t<\/a>\n\t\t\t\t<\/div>\n\t\t\t\t\t\t\t\t<\/div>\n\t\t\t\t<\/div>\n\t\t\t\t\t<\/div>\n\t\t<\/div>\n\t\t\t\t<div class=\"elementor-column elementor-col-50 elementor-top-column elementor-element elementor-element-4f12efa\" data-id=\"4f12efa\" data-element_type=\"column\" data-settings=\"{&quot;background_background&quot;:&quot;classic&quot;}\">\n\t\t\t<div class=\"elementor-widget-wrap elementor-element-populated\">\n\t\t\t\t\t<div class=\"elementor-background-overlay\"><\/div>\n\t\t\t\t\t\t<div class=\"elementor-element elementor-element-ae6eb0f elementor-widget elementor-widget-spacer\" data-id=\"ae6eb0f\" data-element_type=\"widget\" data-widget_type=\"spacer.default\">\n\t\t\t\t<div class=\"elementor-widget-container\">\n\t\t\t\t\t\t\t<div class=\"elementor-spacer\">\n\t\t\t<div class=\"elementor-spacer-inner\"><\/div>\n\t\t<\/div>\n\t\t\t\t\t\t<\/div>\n\t\t\t\t<\/div>\n\t\t\t\t\t<\/div>\n\t\t<\/div>\n\t\t\t\t\t<\/div>\n\t\t<\/section>\n\t\t\t\t<section class=\"elementor-section elementor-top-section elementor-element elementor-element-8381ac1 elementor-section-full_width elementor-reverse-tablet elementor-reverse-mobile elementor-section-height-default elementor-section-height-default\" data-id=\"8381ac1\" data-element_type=\"section\">\n\t\t\t\t\t\t<div class=\"elementor-container elementor-column-gap-default\">\n\t\t\t\t\t<div class=\"elementor-column elementor-col-50 elementor-top-column elementor-element elementor-element-20b8f247\" data-id=\"20b8f247\" data-element_type=\"column\" data-settings=\"{&quot;background_background&quot;:&quot;classic&quot;}\">\n\t\t\t<div class=\"elementor-widget-wrap elementor-element-populated\">\n\t\t\t\t\t<div class=\"elementor-background-overlay\"><\/div>\n\t\t\t\t\t\t<div class=\"elementor-element elementor-element-191f8b28 elementor-widget elementor-widget-spacer\" data-id=\"191f8b28\" data-element_type=\"widget\" data-widget_type=\"spacer.default\">\n\t\t\t\t<div class=\"elementor-widget-container\">\n\t\t\t\t\t\t\t<div class=\"elementor-spacer\">\n\t\t\t<div class=\"elementor-spacer-inner\"><\/div>\n\t\t<\/div>\n\t\t\t\t\t\t<\/div>\n\t\t\t\t<\/div>\n\t\t\t\t\t<\/div>\n\t\t<\/div>\n\t\t\t\t<div class=\"elementor-column elementor-col-50 elementor-top-column elementor-element elementor-element-4e995042\" data-id=\"4e995042\" data-element_type=\"column\" data-settings=\"{&quot;background_background&quot;:&quot;classic&quot;}\">\n\t\t\t<div class=\"elementor-widget-wrap elementor-element-populated\">\n\t\t\t\t\t\t<div class=\"elementor-element elementor-element-4ceae5c8 elementor-widget elementor-widget-heading\" data-id=\"4ceae5c8\" data-element_type=\"widget\" data-widget_type=\"heading.default\">\n\t\t\t\t<div class=\"elementor-widget-container\">\n\t\t\t\t\t<h3 class=\"elementor-heading-title elementor-size-default\"><span style=\");););text-align: right;background-color: var( --e-global-color-uicore_light )\">Industrias<\/span><\/h3>\t\t\t\t<\/div>\n\t\t\t\t<\/div>\n\t\t\t\t<div class=\"elementor-element elementor-element-5e6f56a4 elementor-widget__width-initial elementor-widget-tablet__width-inherit elementor-widget-mobile__width-inherit elementor-widget elementor-widget-text-editor\" data-id=\"5e6f56a4\" data-element_type=\"widget\" data-widget_type=\"text-editor.default\">\n\t\t\t\t<div class=\"elementor-widget-container\">\n\t\t\t\t\t\t\t\t\t<p>En nuestros casi 10 a\u00f1os de existencia hemos potenciado distintas industrias claves y estrat\u00e9gicas del pa\u00eds, tales como Fintech, Salud, Trasporte, Mineria y Fondos de Inversi\u00f3n. Desplegando conocimiento y modernizando de areas TI e Infraestructura de operaciones en grades empresas.<\/p>\t\t\t\t\t\t\t\t<\/div>\n\t\t\t\t<\/div>\n\t\t\t\t<div class=\"elementor-element elementor-element-3e3152ee elementor-align-left elementor-mobile-align-center elementor-widget elementor-widget-button\" data-id=\"3e3152ee\" data-element_type=\"widget\" data-widget_type=\"button.default\">\n\t\t\t\t<div class=\"elementor-widget-container\">\n\t\t\t\t\t\t\t\t\t<div class=\"elementor-button-wrapper\">\n\t\t\t\t\t<a class=\"elementor-button elementor-button-link elementor-size-md\" href=\"https:\/\/coredevx.com\/site\/industrias\/\">\n\t\t\t\t\t\t<span class=\"elementor-button-content-wrapper\">\n\t\t\t\t\t\t\t\t\t<span class=\"elementor-button-text\">Ver m\u00e1s<\/span>\n\t\t\t\t\t<\/span>\n\t\t\t\t\t<\/a>\n\t\t\t\t<\/div>\n\t\t\t\t\t\t\t\t<\/div>\n\t\t\t\t<\/div>\n\t\t\t\t\t<\/div>\n\t\t<\/div>\n\t\t\t\t\t<\/div>\n\t\t<\/section>\n\t\t\t\t<section class=\"elementor-section elementor-top-section elementor-element elementor-element-6022774 elementor-section-full_width elementor-section-height-default elementor-section-height-default\" data-id=\"6022774\" data-element_type=\"section\">\n\t\t\t\t\t\t<div class=\"elementor-container elementor-column-gap-default\">\n\t\t\t\t\t<div class=\"elementor-column elementor-col-50 elementor-top-column elementor-element elementor-element-4dfc138\" data-id=\"4dfc138\" data-element_type=\"column\" data-settings=\"{&quot;background_background&quot;:&quot;classic&quot;}\">\n\t\t\t<div class=\"elementor-widget-wrap elementor-element-populated\">\n\t\t\t\t\t\t<div class=\"elementor-element elementor-element-4ca71ac elementor-widget elementor-widget-heading\" data-id=\"4ca71ac\" data-element_type=\"widget\" data-widget_type=\"heading.default\">\n\t\t\t\t<div class=\"elementor-widget-container\">\n\t\t\t\t\t<h3 class=\"elementor-heading-title elementor-size-default\"><span style=\");););background-color: var( --e-global-color-uicore_light )\">coreDevX Labs<\/span><span style=\"););font-weight: 500;text-align: start;background-color: var( --e-global-color-uicore_light )\"><\/span><\/h3>\t\t\t\t<\/div>\n\t\t\t\t<\/div>\n\t\t\t\t<div class=\"elementor-element elementor-element-52b8f4a elementor-widget__width-initial elementor-widget-tablet__width-inherit elementor-widget-mobile__width-inherit elementor-widget elementor-widget-text-editor\" data-id=\"52b8f4a\" data-element_type=\"widget\" data-widget_type=\"text-editor.default\">\n\t\t\t\t<div class=\"elementor-widget-container\">\n\t\t\t\t\t\t\t\t\t<p>Nos enfocamos en la exploraci\u00f3n de nuevas tendencias y desarrollos de tecnolog\u00edas innovadoras en \u00e1reas espec\u00edficas.\u00a0Desde nuestras oficinas internacionales de captura de tendencias TI globales en San Francisco, Berlin y Tel Aviv importamos &amp; habilitamos dichas tecnologias de forma local.\u00a0<\/p>\t\t\t\t\t\t\t\t<\/div>\n\t\t\t\t<\/div>\n\t\t\t\t<div class=\"elementor-element elementor-element-f36b35d elementor-align-right elementor-mobile-align-center elementor-widget elementor-widget-button\" data-id=\"f36b35d\" data-element_type=\"widget\" data-widget_type=\"button.default\">\n\t\t\t\t<div class=\"elementor-widget-container\">\n\t\t\t\t\t\t\t\t\t<div class=\"elementor-button-wrapper\">\n\t\t\t\t\t<a class=\"elementor-button elementor-button-link elementor-size-md\" href=\"https:\/\/coredevx.com\/site\/coredevx-labs\/\">\n\t\t\t\t\t\t<span class=\"elementor-button-content-wrapper\">\n\t\t\t\t\t\t\t\t\t<span class=\"elementor-button-text\">Ver m\u00e1s<\/span>\n\t\t\t\t\t<\/span>\n\t\t\t\t\t<\/a>\n\t\t\t\t<\/div>\n\t\t\t\t\t\t\t\t<\/div>\n\t\t\t\t<\/div>\n\t\t\t\t\t<\/div>\n\t\t<\/div>\n\t\t\t\t<div class=\"elementor-column elementor-col-50 elementor-top-column elementor-element elementor-element-d2cdf4e\" data-id=\"d2cdf4e\" data-element_type=\"column\" data-settings=\"{&quot;background_background&quot;:&quot;classic&quot;}\">\n\t\t\t<div class=\"elementor-widget-wrap elementor-element-populated\">\n\t\t\t\t\t<div class=\"elementor-background-overlay\"><\/div>\n\t\t\t\t\t\t<div class=\"elementor-element elementor-element-16dd686 elementor-widget elementor-widget-spacer\" data-id=\"16dd686\" data-element_type=\"widget\" data-widget_type=\"spacer.default\">\n\t\t\t\t<div class=\"elementor-widget-container\">\n\t\t\t\t\t\t\t<div class=\"elementor-spacer\">\n\t\t\t<div class=\"elementor-spacer-inner\"><\/div>\n\t\t<\/div>\n\t\t\t\t\t\t<\/div>\n\t\t\t\t<\/div>\n\t\t\t\t\t<\/div>\n\t\t<\/div>\n\t\t\t\t\t<\/div>\n\t\t<\/section>\n\t\t\t\t<\/div>\n\t\t","protected":false},"excerpt":{"rendered":"<p>INSIGHTS Descubre el poder de una comunidad interconectada en constante crecimiento. Fusionamos calidad de vida y tecnolog\u00eda, innovando para un futuro mejor. [&hellip;]<\/p>\n","protected":false},"author":4,"featured_media":0,"parent":0,"menu_order":0,"comment_status":"closed","ping_status":"closed","template":"","meta":{"footnotes":""},"class_list":["post-1559","page","type-page","status-publish","hentry"],"yoast_head":"<!-- This site is optimized with the Yoast SEO Premium plugin v26.6 (Yoast SEO v27.3) - https:\/\/yoast.com\/product\/yoast-seo-premium-wordpress\/ -->\n<title>INSIGHTS - coreDevX<\/title>\n<meta name=\"robots\" content=\"index, follow, max-snippet:-1, max-image-preview:large, max-video-preview:-1\" \/>\n<link rel=\"canonical\" href=\"https:\/\/coredevx.com\/site\/insights\/\" \/>\n<meta property=\"og:locale\" content=\"es_ES\" \/>\n<meta property=\"og:type\" content=\"article\" \/>\n<meta property=\"og:title\" content=\"INSIGHTS\" \/>\n<meta property=\"og:description\" content=\"INSIGHTS Descubre el poder de una comunidad interconectada en constante crecimiento. Fusionamos calidad de vida y tecnolog\u00eda, innovando para un futuro mejor. [&hellip;]\" \/>\n<meta property=\"og:url\" content=\"https:\/\/coredevx.com\/site\/insights\/\" \/>\n<meta property=\"og:site_name\" content=\"coreDevX\" \/>\n<meta property=\"article:publisher\" content=\"https:\/\/www.facebook.com\/coredevxspa\" \/>\n<meta property=\"article:modified_time\" content=\"2024-05-09T20:57:33+00:00\" \/>\n<meta name=\"twitter:card\" content=\"summary_large_image\" \/>\n<meta name=\"twitter:site\" content=\"@coredevx\" \/>\n<meta name=\"twitter:label1\" content=\"Tiempo de lectura\" \/>\n\t<meta name=\"twitter:data1\" content=\"1 minuto\" \/>\n<script type=\"application\/ld+json\" class=\"yoast-schema-graph\">{\"@context\":\"https:\\\/\\\/schema.org\",\"@graph\":[{\"@type\":\"WebPage\",\"@id\":\"https:\\\/\\\/coredevx.com\\\/site\\\/insights\\\/\",\"url\":\"https:\\\/\\\/coredevx.com\\\/site\\\/insights\\\/\",\"name\":\"INSIGHTS - coreDevX\",\"isPartOf\":{\"@id\":\"https:\\\/\\\/coredevx.com\\\/site\\\/#website\"},\"datePublished\":\"2023-05-09T16:59:19+00:00\",\"dateModified\":\"2024-05-09T20:57:33+00:00\",\"breadcrumb\":{\"@id\":\"https:\\\/\\\/coredevx.com\\\/site\\\/insights\\\/#breadcrumb\"},\"inLanguage\":\"es\",\"potentialAction\":[{\"@type\":\"ReadAction\",\"target\":[\"https:\\\/\\\/coredevx.com\\\/site\\\/insights\\\/\"]}]},{\"@type\":\"BreadcrumbList\",\"@id\":\"https:\\\/\\\/coredevx.com\\\/site\\\/insights\\\/#breadcrumb\",\"itemListElement\":[{\"@type\":\"ListItem\",\"position\":1,\"name\":\"Portada\",\"item\":\"https:\\\/\\\/coredevx.com\\\/site\\\/\"},{\"@type\":\"ListItem\",\"position\":2,\"name\":\"INSIGHTS\"}]},{\"@type\":\"WebSite\",\"@id\":\"https:\\\/\\\/coredevx.com\\\/site\\\/#website\",\"url\":\"https:\\\/\\\/coredevx.com\\\/site\\\/\",\"name\":\"coreDevX\",\"description\":\"Consultora y Centro de Investigaci\u00f3n\",\"publisher\":{\"@id\":\"https:\\\/\\\/coredevx.com\\\/site\\\/#organization\"},\"potentialAction\":[{\"@type\":\"SearchAction\",\"target\":{\"@type\":\"EntryPoint\",\"urlTemplate\":\"https:\\\/\\\/coredevx.com\\\/site\\\/?s={search_term_string}\"},\"query-input\":{\"@type\":\"PropertyValueSpecification\",\"valueRequired\":true,\"valueName\":\"search_term_string\"}}],\"inLanguage\":\"es\"},{\"@type\":\"Organization\",\"@id\":\"https:\\\/\\\/coredevx.com\\\/site\\\/#organization\",\"name\":\"Consultora y Centro de Investigacion COREDEVX SpA\",\"alternateName\":\"COREDEVX\",\"url\":\"https:\\\/\\\/coredevx.com\\\/site\\\/\",\"logo\":{\"@type\":\"ImageObject\",\"inLanguage\":\"es\",\"@id\":\"https:\\\/\\\/coredevx.com\\\/site\\\/#\\\/schema\\\/logo\\\/image\\\/\",\"url\":\"https:\\\/\\\/coredevx.com\\\/site\\\/wp-content\\\/uploads\\\/2023\\\/05\\\/COREDEVX-logo.svg\",\"contentUrl\":\"https:\\\/\\\/coredevx.com\\\/site\\\/wp-content\\\/uploads\\\/2023\\\/05\\\/COREDEVX-logo.svg\",\"width\":\"1024\",\"height\":\"1024\",\"caption\":\"Consultora y Centro de Investigacion COREDEVX SpA\"},\"image\":{\"@id\":\"https:\\\/\\\/coredevx.com\\\/site\\\/#\\\/schema\\\/logo\\\/image\\\/\"},\"sameAs\":[\"https:\\\/\\\/www.facebook.com\\\/coredevxspa\",\"https:\\\/\\\/x.com\\\/coredevx\",\"https:\\\/\\\/www.instagram.com\\\/coredevx\\\/\",\"https:\\\/\\\/www.linkedin.com\\\/company\\\/consultora-&-centro-de-investigacin-coredevx-spa\\\/?trk=prof-following-company-logo\"]}]}<\/script>\n<!-- \/ Yoast SEO Premium plugin. -->","yoast_head_json":{"title":"INSIGHTS - coreDevX","robots":{"index":"index","follow":"follow","max-snippet":"max-snippet:-1","max-image-preview":"max-image-preview:large","max-video-preview":"max-video-preview:-1"},"canonical":"https:\/\/coredevx.com\/site\/insights\/","og_locale":"es_ES","og_type":"article","og_title":"INSIGHTS","og_description":"INSIGHTS Descubre el poder de una comunidad interconectada en constante crecimiento. Fusionamos calidad de vida y tecnolog\u00eda, innovando para un futuro mejor. [&hellip;]","og_url":"https:\/\/coredevx.com\/site\/insights\/","og_site_name":"coreDevX","article_publisher":"https:\/\/www.facebook.com\/coredevxspa","article_modified_time":"2024-05-09T20:57:33+00:00","twitter_card":"summary_large_image","twitter_site":"@coredevx","twitter_misc":{"Tiempo de lectura":"1 minuto"},"schema":{"@context":"https:\/\/schema.org","@graph":[{"@type":"WebPage","@id":"https:\/\/coredevx.com\/site\/insights\/","url":"https:\/\/coredevx.com\/site\/insights\/","name":"INSIGHTS - coreDevX","isPartOf":{"@id":"https:\/\/coredevx.com\/site\/#website"},"datePublished":"2023-05-09T16:59:19+00:00","dateModified":"2024-05-09T20:57:33+00:00","breadcrumb":{"@id":"https:\/\/coredevx.com\/site\/insights\/#breadcrumb"},"inLanguage":"es","potentialAction":[{"@type":"ReadAction","target":["https:\/\/coredevx.com\/site\/insights\/"]}]},{"@type":"BreadcrumbList","@id":"https:\/\/coredevx.com\/site\/insights\/#breadcrumb","itemListElement":[{"@type":"ListItem","position":1,"name":"Portada","item":"https:\/\/coredevx.com\/site\/"},{"@type":"ListItem","position":2,"name":"INSIGHTS"}]},{"@type":"WebSite","@id":"https:\/\/coredevx.com\/site\/#website","url":"https:\/\/coredevx.com\/site\/","name":"coreDevX","description":"Consultora y Centro de Investigaci\u00f3n","publisher":{"@id":"https:\/\/coredevx.com\/site\/#organization"},"potentialAction":[{"@type":"SearchAction","target":{"@type":"EntryPoint","urlTemplate":"https:\/\/coredevx.com\/site\/?s={search_term_string}"},"query-input":{"@type":"PropertyValueSpecification","valueRequired":true,"valueName":"search_term_string"}}],"inLanguage":"es"},{"@type":"Organization","@id":"https:\/\/coredevx.com\/site\/#organization","name":"Consultora y Centro de Investigacion COREDEVX SpA","alternateName":"COREDEVX","url":"https:\/\/coredevx.com\/site\/","logo":{"@type":"ImageObject","inLanguage":"es","@id":"https:\/\/coredevx.com\/site\/#\/schema\/logo\/image\/","url":"https:\/\/coredevx.com\/site\/wp-content\/uploads\/2023\/05\/COREDEVX-logo.svg","contentUrl":"https:\/\/coredevx.com\/site\/wp-content\/uploads\/2023\/05\/COREDEVX-logo.svg","width":"1024","height":"1024","caption":"Consultora y Centro de Investigacion COREDEVX SpA"},"image":{"@id":"https:\/\/coredevx.com\/site\/#\/schema\/logo\/image\/"},"sameAs":["https:\/\/www.facebook.com\/coredevxspa","https:\/\/x.com\/coredevx","https:\/\/www.instagram.com\/coredevx\/","https:\/\/www.linkedin.com\/company\/consultora-&-centro-de-investigacin-coredevx-spa\/?trk=prof-following-company-logo"]}]}},"_links":{"self":[{"href":"https:\/\/coredevx.com\/site\/wp-json\/wp\/v2\/pages\/1559","targetHints":{"allow":["GET"]}}],"collection":[{"href":"https:\/\/coredevx.com\/site\/wp-json\/wp\/v2\/pages"}],"about":[{"href":"https:\/\/coredevx.com\/site\/wp-json\/wp\/v2\/types\/page"}],"author":[{"embeddable":true,"href":"https:\/\/coredevx.com\/site\/wp-json\/wp\/v2\/users\/4"}],"replies":[{"embeddable":true,"href":"https:\/\/coredevx.com\/site\/wp-json\/wp\/v2\/comments?post=1559"}],"version-history":[{"count":5,"href":"https:\/\/coredevx.com\/site\/wp-json\/wp\/v2\/pages\/1559\/revisions"}],"predecessor-version":[{"id":11853,"href":"https:\/\/coredevx.com\/site\/wp-json\/wp\/v2\/pages\/1559\/revisions\/11853"}],"wp:attachment":[{"href":"https:\/\/coredevx.com\/site\/wp-json\/wp\/v2\/media?parent=1559"}],"curies":[{"name":"wp","href":"https:\/\/api.w.org\/{rel}","templated":true}]}}