{"id":11170,"date":"2024-05-08T15:17:41","date_gmt":"2024-05-08T15:17:41","guid":{"rendered":"https:\/\/coredevx.com\/site\/?page_id=11170"},"modified":"2024-05-10T19:19:46","modified_gmt":"2024-05-10T19:19:46","slug":"universidad-santa-maria","status":"publish","type":"page","link":"https:\/\/coredevx.com\/site\/academy\/universidad-santa-maria\/","title":{"rendered":"Universidad Santa Mar\u00eda"},"content":{"rendered":"\t\t<div data-elementor-type=\"wp-page\" data-elementor-id=\"11170\" class=\"elementor elementor-11170\" data-elementor-post-type=\"page\">\n\t\t\t\t<div class=\"elementor-element elementor-element-20ee5bc e-flex e-con-boxed e-con e-parent\" data-id=\"20ee5bc\" data-element_type=\"container\" data-settings=\"{&quot;background_background&quot;:&quot;classic&quot;}\">\n\t\t\t\t\t<div class=\"e-con-inner\">\n\t\t<div class=\"elementor-element elementor-element-992ad80 e-con-full e-flex e-con e-child\" data-id=\"992ad80\" data-element_type=\"container\">\n\t\t\t\t<div class=\"elementor-element elementor-element-28afe52 elementor-widget__width-initial elementor-widget-mobile__width-inherit elementor-widget elementor-widget-heading\" data-id=\"28afe52\" data-element_type=\"widget\" data-widget_type=\"heading.default\">\n\t\t\t\t<div class=\"elementor-widget-container\">\n\t\t\t\t\t<h1 class=\"elementor-heading-title elementor-size-default\">Universidad T\u00e9cnica Federico Santa Mar\u00eda<\/h1>\t\t\t\t<\/div>\n\t\t\t\t<\/div>\n\t\t\t\t<div class=\"elementor-element elementor-element-1e73ec0 elementor-widget__width-initial elementor-widget-mobile__width-inherit elementor-widget elementor-widget-text-editor\" data-id=\"1e73ec0\" data-element_type=\"widget\" data-widget_type=\"text-editor.default\">\n\t\t\t\t<div class=\"elementor-widget-container\">\n\t\t\t\t\t\t\t\t\t<p>Establecemos alianzas estrat\u00e9gicas para realizar investigaciones pioneras en \u00e1reas clave de la tecnolog\u00eda.<\/p>\t\t\t\t\t\t\t\t<\/div>\n\t\t\t\t<\/div>\n\t\t\t\t<\/div>\n\t\t\t\t\t<\/div>\n\t\t\t\t<\/div>\n\t\t<div class=\"elementor-element elementor-element-7e7946d e-flex e-con-boxed e-con e-parent\" data-id=\"7e7946d\" data-element_type=\"container\">\n\t\t\t\t\t<div class=\"e-con-inner\">\n\t\t\t\t<div class=\"elementor-element elementor-element-b8c5429 elementor-widget elementor-widget-heading\" data-id=\"b8c5429\" data-element_type=\"widget\" data-widget_type=\"heading.default\">\n\t\t\t\t<div class=\"elementor-widget-container\">\n\t\t\t\t\t<h3 class=\"elementor-heading-title elementor-size-default\">Acuerdo Marco de Colaboraci\u00f3n<\/h3>\t\t\t\t<\/div>\n\t\t\t\t<\/div>\n\t\t<div class=\"elementor-element elementor-element-60fae34 e-con-full e-flex e-con e-child\" data-id=\"60fae34\" data-element_type=\"container\">\n\t\t<div class=\"elementor-element elementor-element-d1beb01 e-con-full e-flex e-con e-child\" data-id=\"d1beb01\" data-element_type=\"container\">\n\t\t\t\t<div class=\"elementor-element elementor-element-b1c0d60 elementor-widget elementor-widget-image\" data-id=\"b1c0d60\" data-element_type=\"widget\" data-widget_type=\"image.default\">\n\t\t\t\t<div class=\"elementor-widget-container\">\n\t\t\t\t\t\t\t\t\t\t\t\t\t\t\t<img fetchpriority=\"high\" decoding=\"async\" width=\"308\" height=\"208\" src=\"https:\/\/coredevx.com\/site\/wp-content\/uploads\/2024\/05\/Marca-Institucional-Vertical-02.png\" class=\"attachment-full size-full wp-image-11398\" alt=\"\" srcset=\"https:\/\/coredevx.com\/site\/wp-content\/uploads\/2024\/05\/Marca-Institucional-Vertical-02.png 308w, https:\/\/coredevx.com\/site\/wp-content\/uploads\/2024\/05\/Marca-Institucional-Vertical-02-300x203.png 300w\" sizes=\"(max-width: 308px) 100vw, 308px\" \/>\t\t\t\t\t\t\t\t\t\t\t\t\t\t\t<\/div>\n\t\t\t\t<\/div>\n\t\t\t\t<\/div>\n\t\t<div class=\"elementor-element elementor-element-2ab46c9 e-con-full e-flex e-con e-child\" data-id=\"2ab46c9\" data-element_type=\"container\">\n\t\t\t\t<div class=\"elementor-element elementor-element-e774d4f elementor-widget elementor-widget-text-editor\" data-id=\"e774d4f\" data-element_type=\"widget\" data-widget_type=\"text-editor.default\">\n\t\t\t\t<div class=\"elementor-widget-container\">\n\t\t\t\t\t\t\t\t\t<p>Con la Universidad T\u00e9cnica Federico Santa Mar\u00eda , coreDevX lleva trabajando desde el a\u00f1o 2023 en una fructifica relaci\u00f3n de mutuo beneficio, en particular en investigaciones pioneras en tecnolog\u00edas cu\u00e1nticas<\/p>\t\t\t\t\t\t\t\t<\/div>\n\t\t\t\t<\/div>\n\t\t\t\t<\/div>\n\t\t\t\t<\/div>\n\t\t\t\t\t<\/div>\n\t\t\t\t<\/div>\n\t\t<div class=\"elementor-element elementor-element-2cb63c6 e-flex e-con-boxed e-con e-parent\" data-id=\"2cb63c6\" data-element_type=\"container\">\n\t\t\t\t\t<div class=\"e-con-inner\">\n\t\t\t\t<div class=\"elementor-element elementor-element-1abeb48 elementor-widget elementor-widget-text-editor\" data-id=\"1abeb48\" data-element_type=\"widget\" data-widget_type=\"text-editor.default\">\n\t\t\t\t<div class=\"elementor-widget-container\">\n\t\t\t\t\t\t\t\t\t<p>coreDevX a dispuesto tanto el acceso a nuestro computador cu\u00e1ntico SpinQ como el acceso a nuestros simuladores cu\u00e1nticos a investigadores de la Universidad T\u00e9cnica Federico Santa Mar\u00eda a fin de avanzar distintos proyectos en ejecuci\u00f3n. A la vez estamos llevando a cabo iniciativas concretas de I+D ligado a la computaci\u00f3n cu\u00e1ntica, para lo cual brindamos nuestra experiencia e infraestructura tecnol\u00f3gica con el fin de apoyar a los equipos de la Universidad en los diversos procesos de exploraci\u00f3n e implementaci\u00f3n de sus proyectos.<\/p>\t\t\t\t\t\t\t\t<\/div>\n\t\t\t\t<\/div>\n\t\t\t\t<div class=\"elementor-element elementor-element-9964b55 elementor-widget elementor-widget-image\" data-id=\"9964b55\" data-element_type=\"widget\" data-widget_type=\"image.default\">\n\t\t\t\t<div class=\"elementor-widget-container\">\n\t\t\t\t\t\t\t\t\t\t\t\t\t\t\t<img decoding=\"async\" width=\"2560\" height=\"728\" src=\"https:\/\/coredevx.com\/site\/wp-content\/uploads\/2024\/05\/UTFSM-scaled.jpeg\" class=\"attachment-full size-full wp-image-11394\" alt=\"\" srcset=\"https:\/\/coredevx.com\/site\/wp-content\/uploads\/2024\/05\/UTFSM-scaled.jpeg 2560w, https:\/\/coredevx.com\/site\/wp-content\/uploads\/2024\/05\/UTFSM-300x85.jpeg 300w, https:\/\/coredevx.com\/site\/wp-content\/uploads\/2024\/05\/UTFSM-1024x291.jpeg 1024w, https:\/\/coredevx.com\/site\/wp-content\/uploads\/2024\/05\/UTFSM-768x218.jpeg 768w, https:\/\/coredevx.com\/site\/wp-content\/uploads\/2024\/05\/UTFSM-1536x437.jpeg 1536w, https:\/\/coredevx.com\/site\/wp-content\/uploads\/2024\/05\/UTFSM-2048x582.jpeg 2048w, https:\/\/coredevx.com\/site\/wp-content\/uploads\/2024\/05\/UTFSM-650x185.jpeg 650w\" sizes=\"(max-width: 2560px) 100vw, 2560px\" \/>\t\t\t\t\t\t\t\t\t\t\t\t\t\t\t<\/div>\n\t\t\t\t<\/div>\n\t\t\t\t<div class=\"elementor-element elementor-element-e87d06d elementor-widget elementor-widget-text-editor\" data-id=\"e87d06d\" data-element_type=\"widget\" data-widget_type=\"text-editor.default\">\n\t\t\t\t<div class=\"elementor-widget-container\">\n\t\t\t\t\t\t\t\t\t<p>Durante este\u00a02024\u00a0coreDevX\u00a0espera desarrollar proyectos de I+D en conjunto con la Universidad, donde brindaremos experiencia e infraestructura relacionada a la computaci\u00f3n cu\u00e1ntica, con el fin de que las diversas \u00e1reas de la universidad puedan avanzar en sus procesos de investigaci\u00f3n de una manera adecuada para el logro de sus objetivos ligados a la exploraci\u00f3n y transferencia tecnol\u00f3gica de soluciones cu\u00e1nticas.<\/p>\t\t\t\t\t\t\t\t<\/div>\n\t\t\t\t<\/div>\n\t\t\t\t\t<\/div>\n\t\t\t\t<\/div>\n\t\t<div class=\"elementor-element elementor-element-8bbdd74 e-flex e-con-boxed e-con e-parent\" data-id=\"8bbdd74\" data-element_type=\"container\">\n\t\t\t\t\t<div class=\"e-con-inner\">\n\t\t\t\t<div class=\"elementor-element elementor-element-9ae37b5 elementor-widget elementor-widget-heading\" data-id=\"9ae37b5\" data-element_type=\"widget\" data-widget_type=\"heading.default\">\n\t\t\t\t<div class=\"elementor-widget-container\">\n\t\t\t\t\t<h2 class=\"elementor-heading-title elementor-size-default\">Noticias relacionadas<\/h2>\t\t\t\t<\/div>\n\t\t\t\t<\/div>\n\t\t\t\t<div class=\"elementor-element elementor-element-ec443df elementor-grid-tablet-3 elementor-grid-3 elementor-grid-mobile-1 elementor-posts--thumbnail-top elementor-card-shadow-yes elementor-posts__hover-gradient elementor-widget elementor-widget-posts\" data-id=\"ec443df\" data-element_type=\"widget\" data-settings=\"{&quot;cards_columns_tablet&quot;:&quot;3&quot;,&quot;cards_columns&quot;:&quot;3&quot;,&quot;cards_columns_mobile&quot;:&quot;1&quot;,&quot;cards_row_gap&quot;:{&quot;unit&quot;:&quot;px&quot;,&quot;size&quot;:35,&quot;sizes&quot;:[]},&quot;cards_row_gap_tablet&quot;:{&quot;unit&quot;:&quot;px&quot;,&quot;size&quot;:&quot;&quot;,&quot;sizes&quot;:[]},&quot;cards_row_gap_mobile&quot;:{&quot;unit&quot;:&quot;px&quot;,&quot;size&quot;:&quot;&quot;,&quot;sizes&quot;:[]}}\" data-widget_type=\"posts.cards\">\n\t\t\t\t<div class=\"elementor-widget-container\">\n\t\t\t\t\t\t\t<div class=\"elementor-posts-container elementor-posts elementor-posts--skin-cards elementor-grid\" role=\"list\">\n\t\t\t\t<article class=\"elementor-post elementor-grid-item post-14459 post type-post status-publish format-standard has-post-thumbnail hentry category-academy\" role=\"listitem\">\n\t\t\t<div class=\"elementor-post__card\">\n\t\t\t\t<a class=\"elementor-post__thumbnail__link\" href=\"https:\/\/coredevx.com\/site\/acuerdo-de-colaboracion-uss\/\" tabindex=\"-1\" ><div class=\"elementor-post__thumbnail\"><img decoding=\"async\" width=\"300\" height=\"240\" src=\"https:\/\/coredevx.com\/site\/wp-content\/uploads\/2025\/10\/1760549662044-300x240.jpeg\" class=\"attachment-medium size-medium wp-image-14465\" alt=\"\" srcset=\"https:\/\/coredevx.com\/site\/wp-content\/uploads\/2025\/10\/1760549662044-300x240.jpeg 300w, https:\/\/coredevx.com\/site\/wp-content\/uploads\/2025\/10\/1760549662044-1024x819.jpeg 1024w, https:\/\/coredevx.com\/site\/wp-content\/uploads\/2025\/10\/1760549662044-768x614.jpeg 768w, https:\/\/coredevx.com\/site\/wp-content\/uploads\/2025\/10\/1760549662044-1536x1229.jpeg 1536w, https:\/\/coredevx.com\/site\/wp-content\/uploads\/2025\/10\/1760549662044-650x520.jpeg 650w, https:\/\/coredevx.com\/site\/wp-content\/uploads\/2025\/10\/1760549662044.jpeg 1920w\" sizes=\"(max-width: 300px) 100vw, 300px\" \/><\/div><\/a>\n\t\t\t\t<div class=\"elementor-post__badge\">Academy<\/div>\n\t\t\t\t<div class=\"elementor-post__text\">\n\t\t\t\t<h3 class=\"elementor-post__title\">\n\t\t\t<a href=\"https:\/\/coredevx.com\/site\/acuerdo-de-colaboracion-uss\/\" >\n\t\t\t\tAcuerdo de colaboraci\u00f3n Universidad San Sebasti\u00e1n\t\t\t<\/a>\n\t\t<\/h3>\n\t\t\n\t\t<a class=\"elementor-post__read-more\" href=\"https:\/\/coredevx.com\/site\/acuerdo-de-colaboracion-uss\/\" aria-label=\"M\u00e1s informaci\u00f3n sobre Acuerdo de colaboraci\u00f3n Universidad San Sebasti\u00e1n\" tabindex=\"-1\" >\n\t\t\tVer m\u00e1s \u00bb\t\t<\/a>\n\n\t\t\t\t<\/div>\n\t\t\t\t<div class=\"elementor-post__meta-data\">\n\t\t\t\t\t<span class=\"elementor-post-date\">\n\t\t\toctubre 16, 2025\t\t<\/span>\n\t\t\t\t<\/div>\n\t\t\t\t\t<\/div>\n\t\t<\/article>\n\t\t\t\t<article class=\"elementor-post elementor-grid-item post-12645 post type-post status-publish format-standard has-post-thumbnail hentry category-academy category-usach\" role=\"listitem\">\n\t\t\t<div class=\"elementor-post__card\">\n\t\t\t\t<a class=\"elementor-post__thumbnail__link\" href=\"https:\/\/coredevx.com\/site\/acuerdo-de-colaboracion-usach\/\" tabindex=\"-1\" ><div class=\"elementor-post__thumbnail\"><img loading=\"lazy\" decoding=\"async\" width=\"300\" height=\"200\" src=\"https:\/\/coredevx.com\/site\/wp-content\/uploads\/2024\/08\/usach-web-300x200.png\" class=\"attachment-medium size-medium wp-image-12648\" alt=\"\" srcset=\"https:\/\/coredevx.com\/site\/wp-content\/uploads\/2024\/08\/usach-web-300x200.png 300w, https:\/\/coredevx.com\/site\/wp-content\/uploads\/2024\/08\/usach-web-768x512.png 768w, https:\/\/coredevx.com\/site\/wp-content\/uploads\/2024\/08\/usach-web-650x433.png 650w, https:\/\/coredevx.com\/site\/wp-content\/uploads\/2024\/08\/usach-web.png 800w\" sizes=\"(max-width: 300px) 100vw, 300px\" \/><\/div><\/a>\n\t\t\t\t<div class=\"elementor-post__badge\">Academy<\/div>\n\t\t\t\t<div class=\"elementor-post__text\">\n\t\t\t\t<h3 class=\"elementor-post__title\">\n\t\t\t<a href=\"https:\/\/coredevx.com\/site\/acuerdo-de-colaboracion-usach\/\" >\n\t\t\t\tAcuerdo de colaboraci\u00f3n USACH\t\t\t<\/a>\n\t\t<\/h3>\n\t\t\n\t\t<a class=\"elementor-post__read-more\" href=\"https:\/\/coredevx.com\/site\/acuerdo-de-colaboracion-usach\/\" aria-label=\"M\u00e1s informaci\u00f3n sobre Acuerdo de colaboraci\u00f3n USACH\" tabindex=\"-1\" >\n\t\t\tVer m\u00e1s \u00bb\t\t<\/a>\n\n\t\t\t\t<\/div>\n\t\t\t\t<div class=\"elementor-post__meta-data\">\n\t\t\t\t\t<span class=\"elementor-post-date\">\n\t\t\tagosto 19, 2024\t\t<\/span>\n\t\t\t\t<\/div>\n\t\t\t\t\t<\/div>\n\t\t<\/article>\n\t\t\t\t<article class=\"elementor-post elementor-grid-item post-12620 post type-post status-publish format-standard has-post-thumbnail hentry category-academy category-ucn\" role=\"listitem\">\n\t\t\t<div class=\"elementor-post__card\">\n\t\t\t\t<a class=\"elementor-post__thumbnail__link\" href=\"https:\/\/coredevx.com\/site\/visita-comitiva-ucn\/\" tabindex=\"-1\" ><div class=\"elementor-post__thumbnail\"><img loading=\"lazy\" decoding=\"async\" width=\"300\" height=\"224\" src=\"https:\/\/coredevx.com\/site\/wp-content\/uploads\/2024\/07\/IMG_9626-e1722374854664-300x224.jpg\" class=\"attachment-medium size-medium wp-image-12621\" alt=\"\" srcset=\"https:\/\/coredevx.com\/site\/wp-content\/uploads\/2024\/07\/IMG_9626-e1722374854664-300x224.jpg 300w, https:\/\/coredevx.com\/site\/wp-content\/uploads\/2024\/07\/IMG_9626-e1722374854664-768x573.jpg 768w, https:\/\/coredevx.com\/site\/wp-content\/uploads\/2024\/07\/IMG_9626-e1722374854664-1024x765.jpg 1024w, https:\/\/coredevx.com\/site\/wp-content\/uploads\/2024\/07\/IMG_9626-e1722374854664-1536x1147.jpg 1536w, https:\/\/coredevx.com\/site\/wp-content\/uploads\/2024\/07\/IMG_9626-e1722374854664-2048x1529.jpg 2048w, https:\/\/coredevx.com\/site\/wp-content\/uploads\/2024\/07\/IMG_9626-e1722374854664-650x485.jpg 650w\" sizes=\"(max-width: 300px) 100vw, 300px\" \/><\/div><\/a>\n\t\t\t\t<div class=\"elementor-post__badge\">Academy<\/div>\n\t\t\t\t<div class=\"elementor-post__text\">\n\t\t\t\t<h3 class=\"elementor-post__title\">\n\t\t\t<a href=\"https:\/\/coredevx.com\/site\/visita-comitiva-ucn\/\" >\n\t\t\t\tVisita comitiva de la Universidad Cat\u00f3lica del Norte\t\t\t<\/a>\n\t\t<\/h3>\n\t\t\n\t\t<a class=\"elementor-post__read-more\" href=\"https:\/\/coredevx.com\/site\/visita-comitiva-ucn\/\" aria-label=\"M\u00e1s informaci\u00f3n sobre Visita comitiva de la Universidad Cat\u00f3lica del Norte\" tabindex=\"-1\" >\n\t\t\tVer m\u00e1s \u00bb\t\t<\/a>\n\n\t\t\t\t<\/div>\n\t\t\t\t<div class=\"elementor-post__meta-data\">\n\t\t\t\t\t<span class=\"elementor-post-date\">\n\t\t\tjulio 30, 2024\t\t<\/span>\n\t\t\t\t<\/div>\n\t\t\t\t\t<\/div>\n\t\t<\/article>\n\t\t\t\t<\/div>\n\t\t\n\t\t\t\t\t\t<\/div>\n\t\t\t\t<\/div>\n\t\t\t\t\t<\/div>\n\t\t\t\t<\/div>\n\t\t\t\t<\/div>\n\t\t","protected":false},"excerpt":{"rendered":"<p>Universidad T\u00e9cnica Federico Santa Mar\u00eda Establecemos alianzas estrat\u00e9gicas para realizar investigaciones pioneras en \u00e1reas clave de la tecnolog\u00eda. Acuerdo Marco de Colaboraci\u00f3n<\/p>\n","protected":false},"author":4,"featured_media":0,"parent":10618,"menu_order":0,"comment_status":"closed","ping_status":"closed","template":"","meta":{"footnotes":""},"class_list":["post-11170","page","type-page","status-publish","hentry"],"yoast_head":"<!-- This site is optimized with the Yoast SEO Premium plugin v26.6 (Yoast SEO v27.3) - https:\/\/yoast.com\/product\/yoast-seo-premium-wordpress\/ -->\n<title>Universidad Santa Mar\u00eda - coreDevX<\/title>\n<meta name=\"robots\" content=\"index, follow, max-snippet:-1, max-image-preview:large, max-video-preview:-1\" \/>\n<link rel=\"canonical\" href=\"https:\/\/coredevx.com\/site\/academy\/universidad-santa-maria\/\" \/>\n<meta property=\"og:locale\" content=\"es_ES\" \/>\n<meta property=\"og:type\" content=\"article\" \/>\n<meta property=\"og:title\" content=\"Universidad Santa Mar\u00eda\" \/>\n<meta property=\"og:description\" content=\"Universidad T\u00e9cnica Federico Santa Mar\u00eda Establecemos alianzas estrat\u00e9gicas para realizar investigaciones pioneras en \u00e1reas clave de la tecnolog\u00eda. Acuerdo Marco de Colaboraci\u00f3n\" \/>\n<meta property=\"og:url\" content=\"https:\/\/coredevx.com\/site\/academy\/universidad-santa-maria\/\" \/>\n<meta property=\"og:site_name\" content=\"coreDevX\" \/>\n<meta property=\"article:publisher\" content=\"https:\/\/www.facebook.com\/coredevxspa\" \/>\n<meta property=\"article:modified_time\" content=\"2024-05-10T19:19:46+00:00\" \/>\n<meta property=\"og:image\" content=\"https:\/\/coredevx.com\/site\/wp-content\/uploads\/2024\/05\/Marca-Institucional-Vertical-02.png\" \/>\n<meta name=\"twitter:card\" content=\"summary_large_image\" \/>\n<meta name=\"twitter:site\" content=\"@coredevx\" \/>\n<meta name=\"twitter:label1\" content=\"Tiempo de lectura\" \/>\n\t<meta name=\"twitter:data1\" content=\"3 minutos\" \/>\n<script type=\"application\/ld+json\" class=\"yoast-schema-graph\">{\"@context\":\"https:\\\/\\\/schema.org\",\"@graph\":[{\"@type\":\"WebPage\",\"@id\":\"https:\\\/\\\/coredevx.com\\\/site\\\/academy\\\/universidad-santa-maria\\\/\",\"url\":\"https:\\\/\\\/coredevx.com\\\/site\\\/academy\\\/universidad-santa-maria\\\/\",\"name\":\"Universidad Santa Mar\u00eda - coreDevX\",\"isPartOf\":{\"@id\":\"https:\\\/\\\/coredevx.com\\\/site\\\/#website\"},\"primaryImageOfPage\":{\"@id\":\"https:\\\/\\\/coredevx.com\\\/site\\\/academy\\\/universidad-santa-maria\\\/#primaryimage\"},\"image\":{\"@id\":\"https:\\\/\\\/coredevx.com\\\/site\\\/academy\\\/universidad-santa-maria\\\/#primaryimage\"},\"thumbnailUrl\":\"https:\\\/\\\/coredevx.com\\\/site\\\/wp-content\\\/uploads\\\/2024\\\/05\\\/Marca-Institucional-Vertical-02.png\",\"datePublished\":\"2024-05-08T15:17:41+00:00\",\"dateModified\":\"2024-05-10T19:19:46+00:00\",\"breadcrumb\":{\"@id\":\"https:\\\/\\\/coredevx.com\\\/site\\\/academy\\\/universidad-santa-maria\\\/#breadcrumb\"},\"inLanguage\":\"es\",\"potentialAction\":[{\"@type\":\"ReadAction\",\"target\":[\"https:\\\/\\\/coredevx.com\\\/site\\\/academy\\\/universidad-santa-maria\\\/\"]}]},{\"@type\":\"ImageObject\",\"inLanguage\":\"es\",\"@id\":\"https:\\\/\\\/coredevx.com\\\/site\\\/academy\\\/universidad-santa-maria\\\/#primaryimage\",\"url\":\"https:\\\/\\\/coredevx.com\\\/site\\\/wp-content\\\/uploads\\\/2024\\\/05\\\/Marca-Institucional-Vertical-02.png\",\"contentUrl\":\"https:\\\/\\\/coredevx.com\\\/site\\\/wp-content\\\/uploads\\\/2024\\\/05\\\/Marca-Institucional-Vertical-02.png\",\"width\":308,\"height\":208},{\"@type\":\"BreadcrumbList\",\"@id\":\"https:\\\/\\\/coredevx.com\\\/site\\\/academy\\\/universidad-santa-maria\\\/#breadcrumb\",\"itemListElement\":[{\"@type\":\"ListItem\",\"position\":1,\"name\":\"Portada\",\"item\":\"https:\\\/\\\/coredevx.com\\\/site\\\/\"},{\"@type\":\"ListItem\",\"position\":2,\"name\":\"Academy\",\"item\":\"https:\\\/\\\/coredevx.com\\\/site\\\/academy\\\/\"},{\"@type\":\"ListItem\",\"position\":3,\"name\":\"Universidad Santa Mar\u00eda\"}]},{\"@type\":\"WebSite\",\"@id\":\"https:\\\/\\\/coredevx.com\\\/site\\\/#website\",\"url\":\"https:\\\/\\\/coredevx.com\\\/site\\\/\",\"name\":\"coreDevX\",\"description\":\"Consultora y Centro de Investigaci\u00f3n\",\"publisher\":{\"@id\":\"https:\\\/\\\/coredevx.com\\\/site\\\/#organization\"},\"potentialAction\":[{\"@type\":\"SearchAction\",\"target\":{\"@type\":\"EntryPoint\",\"urlTemplate\":\"https:\\\/\\\/coredevx.com\\\/site\\\/?s={search_term_string}\"},\"query-input\":{\"@type\":\"PropertyValueSpecification\",\"valueRequired\":true,\"valueName\":\"search_term_string\"}}],\"inLanguage\":\"es\"},{\"@type\":\"Organization\",\"@id\":\"https:\\\/\\\/coredevx.com\\\/site\\\/#organization\",\"name\":\"Consultora y Centro de Investigacion COREDEVX SpA\",\"alternateName\":\"COREDEVX\",\"url\":\"https:\\\/\\\/coredevx.com\\\/site\\\/\",\"logo\":{\"@type\":\"ImageObject\",\"inLanguage\":\"es\",\"@id\":\"https:\\\/\\\/coredevx.com\\\/site\\\/#\\\/schema\\\/logo\\\/image\\\/\",\"url\":\"https:\\\/\\\/coredevx.com\\\/site\\\/wp-content\\\/uploads\\\/2023\\\/05\\\/COREDEVX-logo.svg\",\"contentUrl\":\"https:\\\/\\\/coredevx.com\\\/site\\\/wp-content\\\/uploads\\\/2023\\\/05\\\/COREDEVX-logo.svg\",\"width\":\"1024\",\"height\":\"1024\",\"caption\":\"Consultora y Centro de Investigacion COREDEVX SpA\"},\"image\":{\"@id\":\"https:\\\/\\\/coredevx.com\\\/site\\\/#\\\/schema\\\/logo\\\/image\\\/\"},\"sameAs\":[\"https:\\\/\\\/www.facebook.com\\\/coredevxspa\",\"https:\\\/\\\/x.com\\\/coredevx\",\"https:\\\/\\\/www.instagram.com\\\/coredevx\\\/\",\"https:\\\/\\\/www.linkedin.com\\\/company\\\/consultora-&-centro-de-investigacin-coredevx-spa\\\/?trk=prof-following-company-logo\"]}]}<\/script>\n<!-- \/ Yoast SEO Premium plugin. -->","yoast_head_json":{"title":"Universidad Santa Mar\u00eda - coreDevX","robots":{"index":"index","follow":"follow","max-snippet":"max-snippet:-1","max-image-preview":"max-image-preview:large","max-video-preview":"max-video-preview:-1"},"canonical":"https:\/\/coredevx.com\/site\/academy\/universidad-santa-maria\/","og_locale":"es_ES","og_type":"article","og_title":"Universidad Santa Mar\u00eda","og_description":"Universidad T\u00e9cnica Federico Santa Mar\u00eda Establecemos alianzas estrat\u00e9gicas para realizar investigaciones pioneras en \u00e1reas clave de la tecnolog\u00eda. Acuerdo Marco de Colaboraci\u00f3n","og_url":"https:\/\/coredevx.com\/site\/academy\/universidad-santa-maria\/","og_site_name":"coreDevX","article_publisher":"https:\/\/www.facebook.com\/coredevxspa","article_modified_time":"2024-05-10T19:19:46+00:00","og_image":[{"url":"https:\/\/coredevx.com\/site\/wp-content\/uploads\/2024\/05\/Marca-Institucional-Vertical-02.png","type":"","width":"","height":""}],"twitter_card":"summary_large_image","twitter_site":"@coredevx","twitter_misc":{"Tiempo de lectura":"3 minutos"},"schema":{"@context":"https:\/\/schema.org","@graph":[{"@type":"WebPage","@id":"https:\/\/coredevx.com\/site\/academy\/universidad-santa-maria\/","url":"https:\/\/coredevx.com\/site\/academy\/universidad-santa-maria\/","name":"Universidad Santa Mar\u00eda - coreDevX","isPartOf":{"@id":"https:\/\/coredevx.com\/site\/#website"},"primaryImageOfPage":{"@id":"https:\/\/coredevx.com\/site\/academy\/universidad-santa-maria\/#primaryimage"},"image":{"@id":"https:\/\/coredevx.com\/site\/academy\/universidad-santa-maria\/#primaryimage"},"thumbnailUrl":"https:\/\/coredevx.com\/site\/wp-content\/uploads\/2024\/05\/Marca-Institucional-Vertical-02.png","datePublished":"2024-05-08T15:17:41+00:00","dateModified":"2024-05-10T19:19:46+00:00","breadcrumb":{"@id":"https:\/\/coredevx.com\/site\/academy\/universidad-santa-maria\/#breadcrumb"},"inLanguage":"es","potentialAction":[{"@type":"ReadAction","target":["https:\/\/coredevx.com\/site\/academy\/universidad-santa-maria\/"]}]},{"@type":"ImageObject","inLanguage":"es","@id":"https:\/\/coredevx.com\/site\/academy\/universidad-santa-maria\/#primaryimage","url":"https:\/\/coredevx.com\/site\/wp-content\/uploads\/2024\/05\/Marca-Institucional-Vertical-02.png","contentUrl":"https:\/\/coredevx.com\/site\/wp-content\/uploads\/2024\/05\/Marca-Institucional-Vertical-02.png","width":308,"height":208},{"@type":"BreadcrumbList","@id":"https:\/\/coredevx.com\/site\/academy\/universidad-santa-maria\/#breadcrumb","itemListElement":[{"@type":"ListItem","position":1,"name":"Portada","item":"https:\/\/coredevx.com\/site\/"},{"@type":"ListItem","position":2,"name":"Academy","item":"https:\/\/coredevx.com\/site\/academy\/"},{"@type":"ListItem","position":3,"name":"Universidad Santa Mar\u00eda"}]},{"@type":"WebSite","@id":"https:\/\/coredevx.com\/site\/#website","url":"https:\/\/coredevx.com\/site\/","name":"coreDevX","description":"Consultora y Centro de Investigaci\u00f3n","publisher":{"@id":"https:\/\/coredevx.com\/site\/#organization"},"potentialAction":[{"@type":"SearchAction","target":{"@type":"EntryPoint","urlTemplate":"https:\/\/coredevx.com\/site\/?s={search_term_string}"},"query-input":{"@type":"PropertyValueSpecification","valueRequired":true,"valueName":"search_term_string"}}],"inLanguage":"es"},{"@type":"Organization","@id":"https:\/\/coredevx.com\/site\/#organization","name":"Consultora y Centro de Investigacion COREDEVX SpA","alternateName":"COREDEVX","url":"https:\/\/coredevx.com\/site\/","logo":{"@type":"ImageObject","inLanguage":"es","@id":"https:\/\/coredevx.com\/site\/#\/schema\/logo\/image\/","url":"https:\/\/coredevx.com\/site\/wp-content\/uploads\/2023\/05\/COREDEVX-logo.svg","contentUrl":"https:\/\/coredevx.com\/site\/wp-content\/uploads\/2023\/05\/COREDEVX-logo.svg","width":"1024","height":"1024","caption":"Consultora y Centro de Investigacion COREDEVX SpA"},"image":{"@id":"https:\/\/coredevx.com\/site\/#\/schema\/logo\/image\/"},"sameAs":["https:\/\/www.facebook.com\/coredevxspa","https:\/\/x.com\/coredevx","https:\/\/www.instagram.com\/coredevx\/","https:\/\/www.linkedin.com\/company\/consultora-&-centro-de-investigacin-coredevx-spa\/?trk=prof-following-company-logo"]}]}},"_links":{"self":[{"href":"https:\/\/coredevx.com\/site\/wp-json\/wp\/v2\/pages\/11170","targetHints":{"allow":["GET"]}}],"collection":[{"href":"https:\/\/coredevx.com\/site\/wp-json\/wp\/v2\/pages"}],"about":[{"href":"https:\/\/coredevx.com\/site\/wp-json\/wp\/v2\/types\/page"}],"author":[{"embeddable":true,"href":"https:\/\/coredevx.com\/site\/wp-json\/wp\/v2\/users\/4"}],"replies":[{"embeddable":true,"href":"https:\/\/coredevx.com\/site\/wp-json\/wp\/v2\/comments?post=11170"}],"version-history":[{"count":5,"href":"https:\/\/coredevx.com\/site\/wp-json\/wp\/v2\/pages\/11170\/revisions"}],"predecessor-version":[{"id":12005,"href":"https:\/\/coredevx.com\/site\/wp-json\/wp\/v2\/pages\/11170\/revisions\/12005"}],"up":[{"embeddable":true,"href":"https:\/\/coredevx.com\/site\/wp-json\/wp\/v2\/pages\/10618"}],"wp:attachment":[{"href":"https:\/\/coredevx.com\/site\/wp-json\/wp\/v2\/media?parent=11170"}],"curies":[{"name":"wp","href":"https:\/\/api.w.org\/{rel}","templated":true}]}}