{"id":11168,"date":"2024-05-08T15:16:57","date_gmt":"2024-05-08T15:16:57","guid":{"rendered":"https:\/\/coredevx.com\/site\/?page_id=11168"},"modified":"2024-09-13T19:02:41","modified_gmt":"2024-09-13T19:02:41","slug":"universidad-catolica-del-norte","status":"publish","type":"page","link":"https:\/\/coredevx.com\/site\/academy\/universidad-catolica-del-norte\/","title":{"rendered":"Universidad Cat\u00f3lica del Norte"},"content":{"rendered":"\t\t<div data-elementor-type=\"wp-page\" data-elementor-id=\"11168\" class=\"elementor elementor-11168\" data-elementor-post-type=\"page\">\n\t\t\t\t<div class=\"elementor-element elementor-element-a49609f e-flex e-con-boxed e-con e-parent\" data-id=\"a49609f\" data-element_type=\"container\" data-settings=\"{&quot;background_background&quot;:&quot;classic&quot;}\">\n\t\t\t\t\t<div class=\"e-con-inner\">\n\t\t<div class=\"elementor-element elementor-element-998a92d e-con-full e-flex e-con e-child\" data-id=\"998a92d\" data-element_type=\"container\">\n\t\t\t\t<div class=\"elementor-element elementor-element-ee8b15a elementor-widget__width-initial elementor-widget-mobile__width-inherit elementor-widget elementor-widget-heading\" data-id=\"ee8b15a\" data-element_type=\"widget\" data-widget_type=\"heading.default\">\n\t\t\t\t<div class=\"elementor-widget-container\">\n\t\t\t\t\t<h1 class=\"elementor-heading-title elementor-size-default\">Universidad Cat\u00f3lica del Norte<\/h1>\t\t\t\t<\/div>\n\t\t\t\t<\/div>\n\t\t\t\t<div class=\"elementor-element elementor-element-94453d2 elementor-widget__width-initial elementor-widget-mobile__width-inherit elementor-widget elementor-widget-text-editor\" data-id=\"94453d2\" data-element_type=\"widget\" data-widget_type=\"text-editor.default\">\n\t\t\t\t<div class=\"elementor-widget-container\">\n\t\t\t\t\t\t\t\t\t<p>Establecemos alianzas estrat\u00e9gicas para realizar investigaciones pioneras en \u00e1reas clave de la tecnolog\u00eda.<\/p>\t\t\t\t\t\t\t\t<\/div>\n\t\t\t\t<\/div>\n\t\t\t\t<\/div>\n\t\t\t\t\t<\/div>\n\t\t\t\t<\/div>\n\t\t<div class=\"elementor-element elementor-element-e86e82e e-flex e-con-boxed e-con e-parent\" data-id=\"e86e82e\" data-element_type=\"container\">\n\t\t\t\t\t<div class=\"e-con-inner\">\n\t\t\t\t<div class=\"elementor-element elementor-element-a562932 elementor-widget elementor-widget-heading\" data-id=\"a562932\" data-element_type=\"widget\" data-widget_type=\"heading.default\">\n\t\t\t\t<div class=\"elementor-widget-container\">\n\t\t\t\t\t<h3 class=\"elementor-heading-title elementor-size-default\">Memor\u00e1ndum de entendimiento e investigaciones espec\u00edficas.<\/h3>\t\t\t\t<\/div>\n\t\t\t\t<\/div>\n\t\t<div class=\"elementor-element elementor-element-ba4ea8d e-con-full e-flex e-con e-child\" data-id=\"ba4ea8d\" data-element_type=\"container\">\n\t\t<div class=\"elementor-element elementor-element-01c23da e-con-full e-flex e-con e-child\" data-id=\"01c23da\" data-element_type=\"container\">\n\t\t\t\t<div class=\"elementor-element elementor-element-da838c1 elementor-widget elementor-widget-image\" data-id=\"da838c1\" data-element_type=\"widget\" data-widget_type=\"image.default\">\n\t\t\t\t<div class=\"elementor-widget-container\">\n\t\t\t\t\t\t\t\t\t\t\t\t\t\t\t<img fetchpriority=\"high\" decoding=\"async\" width=\"1373\" height=\"318\" src=\"https:\/\/coredevx.com\/site\/wp-content\/uploads\/2024\/05\/Isologo-UCN-2018-1.png\" class=\"attachment-full size-full wp-image-11386\" alt=\"\" srcset=\"https:\/\/coredevx.com\/site\/wp-content\/uploads\/2024\/05\/Isologo-UCN-2018-1.png 1373w, https:\/\/coredevx.com\/site\/wp-content\/uploads\/2024\/05\/Isologo-UCN-2018-1-300x69.png 300w, https:\/\/coredevx.com\/site\/wp-content\/uploads\/2024\/05\/Isologo-UCN-2018-1-1024x237.png 1024w, https:\/\/coredevx.com\/site\/wp-content\/uploads\/2024\/05\/Isologo-UCN-2018-1-768x178.png 768w, https:\/\/coredevx.com\/site\/wp-content\/uploads\/2024\/05\/Isologo-UCN-2018-1-650x151.png 650w\" sizes=\"(max-width: 1373px) 100vw, 1373px\" \/>\t\t\t\t\t\t\t\t\t\t\t\t\t\t\t<\/div>\n\t\t\t\t<\/div>\n\t\t\t\t<\/div>\n\t\t<div class=\"elementor-element elementor-element-a3dff75 e-con-full e-flex e-con e-child\" data-id=\"a3dff75\" data-element_type=\"container\">\n\t\t\t\t<div class=\"elementor-element elementor-element-c1ed2cc elementor-widget elementor-widget-text-editor\" data-id=\"c1ed2cc\" data-element_type=\"widget\" data-widget_type=\"text-editor.default\">\n\t\t\t\t<div class=\"elementor-widget-container\">\n\t\t\t\t\t\t\t\t\t<p>En conjunto con la UCN estamos desarrollando una serie de iniciativas de cooperaci\u00f3n en \u00e1mbitos tales como Inteligencia Artificial, Computaci\u00f3n Cu\u00e1ntica y Rob\u00f3tica Aut\u00f3noma.<\/p>\t\t\t\t\t\t\t\t<\/div>\n\t\t\t\t<\/div>\n\t\t\t\t<\/div>\n\t\t\t\t<\/div>\n\t\t\t\t\t<\/div>\n\t\t\t\t<\/div>\n\t\t<div class=\"elementor-element elementor-element-102b81e e-flex e-con-boxed e-con e-parent\" data-id=\"102b81e\" data-element_type=\"container\">\n\t\t\t\t\t<div class=\"e-con-inner\">\n\t\t\t\t<div class=\"elementor-element elementor-element-cbe2c8a elementor-widget elementor-widget-text-editor\" data-id=\"cbe2c8a\" data-element_type=\"widget\" data-widget_type=\"text-editor.default\">\n\t\t\t\t<div class=\"elementor-widget-container\">\n\t\t\t\t\t\t\t\t\t<p>Actualmente coreDevX y la UCN tienen un Memor\u00e1ndum de Entendimiento en temas de inform\u00e1tica avanzada, el cual esta al servicio de su comunidad acad\u00e9mica para que esta explore soluciones a los diversos desaf\u00edos del sector minero y energ\u00e9tico mediante el uso de tecnolog\u00edas tales como la Inteligencia Artificial, Computaci\u00f3n Cu\u00e1ntica y Rob\u00f3tica.<\/p>\t\t\t\t\t\t\t\t<\/div>\n\t\t\t\t<\/div>\n\t\t\t\t<div class=\"elementor-element elementor-element-90b9760 elementor-widget elementor-widget-image\" data-id=\"90b9760\" data-element_type=\"widget\" data-widget_type=\"image.default\">\n\t\t\t\t<div class=\"elementor-widget-container\">\n\t\t\t\t\t\t\t\t\t\t\t\t\t\t\t<img decoding=\"async\" width=\"1610\" height=\"524\" src=\"https:\/\/coredevx.com\/site\/wp-content\/uploads\/2024\/05\/catolica-del-norte.jpg\" class=\"attachment-full size-full wp-image-11385\" alt=\"\" srcset=\"https:\/\/coredevx.com\/site\/wp-content\/uploads\/2024\/05\/catolica-del-norte.jpg 1610w, https:\/\/coredevx.com\/site\/wp-content\/uploads\/2024\/05\/catolica-del-norte-300x98.jpg 300w, https:\/\/coredevx.com\/site\/wp-content\/uploads\/2024\/05\/catolica-del-norte-1024x333.jpg 1024w, https:\/\/coredevx.com\/site\/wp-content\/uploads\/2024\/05\/catolica-del-norte-768x250.jpg 768w, https:\/\/coredevx.com\/site\/wp-content\/uploads\/2024\/05\/catolica-del-norte-1536x500.jpg 1536w, https:\/\/coredevx.com\/site\/wp-content\/uploads\/2024\/05\/catolica-del-norte-650x212.jpg 650w\" sizes=\"(max-width: 1610px) 100vw, 1610px\" \/>\t\t\t\t\t\t\t\t\t\t\t\t\t\t\t<\/div>\n\t\t\t\t<\/div>\n\t\t\t\t<div class=\"elementor-element elementor-element-a081abd elementor-widget elementor-widget-text-editor\" data-id=\"a081abd\" data-element_type=\"widget\" data-widget_type=\"text-editor.default\">\n\t\t\t\t<div class=\"elementor-widget-container\">\n\t\t\t\t\t\t\t\t\t<p>Con una fuerte relaci\u00f3n presencial, coreDevX ha participado en distintas instancias de difusi\u00f3n tecnol\u00f3gica en la sede de Antofagasta de la UCN durante este 2024. A la vez estamos avanzando en iniciativas concretas de I+D, para lo cual brindamos nuestra experiencia e infraestructura tecnol\u00f3gica con el fin de apoyar a los equipos de la Universidad en los diversos procesos de exploraci\u00f3n e implementaci\u00f3n de sus proyectos.<\/p>\t\t\t\t\t\t\t\t<\/div>\n\t\t\t\t<\/div>\n\t\t\t\t\t<\/div>\n\t\t\t\t<\/div>\n\t\t<div class=\"elementor-element elementor-element-71e3354 e-flex e-con-boxed e-con e-parent\" data-id=\"71e3354\" data-element_type=\"container\">\n\t\t\t\t\t<div class=\"e-con-inner\">\n\t\t\t\t<div class=\"elementor-element elementor-element-727a329 elementor-widget elementor-widget-heading\" data-id=\"727a329\" data-element_type=\"widget\" data-widget_type=\"heading.default\">\n\t\t\t\t<div class=\"elementor-widget-container\">\n\t\t\t\t\t<h2 class=\"elementor-heading-title elementor-size-default\">Noticias relacionadas<\/h2>\t\t\t\t<\/div>\n\t\t\t\t<\/div>\n\t\t\t\t<div class=\"elementor-element elementor-element-b085776 elementor-grid-tablet-3 elementor-grid-3 elementor-grid-mobile-1 elementor-posts--thumbnail-top elementor-card-shadow-yes elementor-posts__hover-gradient elementor-widget elementor-widget-posts\" data-id=\"b085776\" data-element_type=\"widget\" data-settings=\"{&quot;cards_columns_tablet&quot;:&quot;3&quot;,&quot;cards_columns&quot;:&quot;3&quot;,&quot;cards_columns_mobile&quot;:&quot;1&quot;,&quot;cards_row_gap&quot;:{&quot;unit&quot;:&quot;px&quot;,&quot;size&quot;:35,&quot;sizes&quot;:[]},&quot;cards_row_gap_tablet&quot;:{&quot;unit&quot;:&quot;px&quot;,&quot;size&quot;:&quot;&quot;,&quot;sizes&quot;:[]},&quot;cards_row_gap_mobile&quot;:{&quot;unit&quot;:&quot;px&quot;,&quot;size&quot;:&quot;&quot;,&quot;sizes&quot;:[]}}\" data-widget_type=\"posts.cards\">\n\t\t\t\t<div class=\"elementor-widget-container\">\n\t\t\t\t\t\t\t<div class=\"elementor-posts-container elementor-posts elementor-posts--skin-cards elementor-grid\" role=\"list\">\n\t\t\t\t<article class=\"elementor-post elementor-grid-item post-14459 post type-post status-publish format-standard has-post-thumbnail hentry category-academy\" role=\"listitem\">\n\t\t\t<div class=\"elementor-post__card\">\n\t\t\t\t<a class=\"elementor-post__thumbnail__link\" href=\"https:\/\/coredevx.com\/site\/acuerdo-de-colaboracion-uss\/\" tabindex=\"-1\" ><div class=\"elementor-post__thumbnail\"><img decoding=\"async\" width=\"300\" height=\"240\" src=\"https:\/\/coredevx.com\/site\/wp-content\/uploads\/2025\/10\/1760549662044-300x240.jpeg\" class=\"attachment-medium size-medium wp-image-14465\" alt=\"\" srcset=\"https:\/\/coredevx.com\/site\/wp-content\/uploads\/2025\/10\/1760549662044-300x240.jpeg 300w, https:\/\/coredevx.com\/site\/wp-content\/uploads\/2025\/10\/1760549662044-1024x819.jpeg 1024w, https:\/\/coredevx.com\/site\/wp-content\/uploads\/2025\/10\/1760549662044-768x614.jpeg 768w, https:\/\/coredevx.com\/site\/wp-content\/uploads\/2025\/10\/1760549662044-1536x1229.jpeg 1536w, https:\/\/coredevx.com\/site\/wp-content\/uploads\/2025\/10\/1760549662044-650x520.jpeg 650w, https:\/\/coredevx.com\/site\/wp-content\/uploads\/2025\/10\/1760549662044.jpeg 1920w\" sizes=\"(max-width: 300px) 100vw, 300px\" \/><\/div><\/a>\n\t\t\t\t<div class=\"elementor-post__badge\">Academy<\/div>\n\t\t\t\t<div class=\"elementor-post__text\">\n\t\t\t\t<h3 class=\"elementor-post__title\">\n\t\t\t<a href=\"https:\/\/coredevx.com\/site\/acuerdo-de-colaboracion-uss\/\" >\n\t\t\t\tAcuerdo de colaboraci\u00f3n Universidad San Sebasti\u00e1n\t\t\t<\/a>\n\t\t<\/h3>\n\t\t\n\t\t<a class=\"elementor-post__read-more\" href=\"https:\/\/coredevx.com\/site\/acuerdo-de-colaboracion-uss\/\" aria-label=\"M\u00e1s informaci\u00f3n sobre Acuerdo de colaboraci\u00f3n Universidad San Sebasti\u00e1n\" tabindex=\"-1\" >\n\t\t\tVer m\u00e1s \u00bb\t\t<\/a>\n\n\t\t\t\t<\/div>\n\t\t\t\t<div class=\"elementor-post__meta-data\">\n\t\t\t\t\t<span class=\"elementor-post-date\">\n\t\t\toctubre 16, 2025\t\t<\/span>\n\t\t\t\t<\/div>\n\t\t\t\t\t<\/div>\n\t\t<\/article>\n\t\t\t\t<article class=\"elementor-post elementor-grid-item post-12645 post type-post status-publish format-standard has-post-thumbnail hentry category-academy category-usach\" role=\"listitem\">\n\t\t\t<div class=\"elementor-post__card\">\n\t\t\t\t<a class=\"elementor-post__thumbnail__link\" href=\"https:\/\/coredevx.com\/site\/acuerdo-de-colaboracion-usach\/\" tabindex=\"-1\" ><div class=\"elementor-post__thumbnail\"><img loading=\"lazy\" decoding=\"async\" width=\"300\" height=\"200\" src=\"https:\/\/coredevx.com\/site\/wp-content\/uploads\/2024\/08\/usach-web-300x200.png\" class=\"attachment-medium size-medium wp-image-12648\" alt=\"\" srcset=\"https:\/\/coredevx.com\/site\/wp-content\/uploads\/2024\/08\/usach-web-300x200.png 300w, https:\/\/coredevx.com\/site\/wp-content\/uploads\/2024\/08\/usach-web-768x512.png 768w, https:\/\/coredevx.com\/site\/wp-content\/uploads\/2024\/08\/usach-web-650x433.png 650w, https:\/\/coredevx.com\/site\/wp-content\/uploads\/2024\/08\/usach-web.png 800w\" sizes=\"(max-width: 300px) 100vw, 300px\" \/><\/div><\/a>\n\t\t\t\t<div class=\"elementor-post__badge\">Academy<\/div>\n\t\t\t\t<div class=\"elementor-post__text\">\n\t\t\t\t<h3 class=\"elementor-post__title\">\n\t\t\t<a href=\"https:\/\/coredevx.com\/site\/acuerdo-de-colaboracion-usach\/\" >\n\t\t\t\tAcuerdo de colaboraci\u00f3n USACH\t\t\t<\/a>\n\t\t<\/h3>\n\t\t\n\t\t<a class=\"elementor-post__read-more\" href=\"https:\/\/coredevx.com\/site\/acuerdo-de-colaboracion-usach\/\" aria-label=\"M\u00e1s informaci\u00f3n sobre Acuerdo de colaboraci\u00f3n USACH\" tabindex=\"-1\" >\n\t\t\tVer m\u00e1s \u00bb\t\t<\/a>\n\n\t\t\t\t<\/div>\n\t\t\t\t<div class=\"elementor-post__meta-data\">\n\t\t\t\t\t<span class=\"elementor-post-date\">\n\t\t\tagosto 19, 2024\t\t<\/span>\n\t\t\t\t<\/div>\n\t\t\t\t\t<\/div>\n\t\t<\/article>\n\t\t\t\t<article class=\"elementor-post elementor-grid-item post-12620 post type-post status-publish format-standard has-post-thumbnail hentry category-academy category-ucn\" role=\"listitem\">\n\t\t\t<div class=\"elementor-post__card\">\n\t\t\t\t<a class=\"elementor-post__thumbnail__link\" href=\"https:\/\/coredevx.com\/site\/visita-comitiva-ucn\/\" tabindex=\"-1\" ><div class=\"elementor-post__thumbnail\"><img loading=\"lazy\" decoding=\"async\" width=\"300\" height=\"224\" src=\"https:\/\/coredevx.com\/site\/wp-content\/uploads\/2024\/07\/IMG_9626-e1722374854664-300x224.jpg\" class=\"attachment-medium size-medium wp-image-12621\" alt=\"\" srcset=\"https:\/\/coredevx.com\/site\/wp-content\/uploads\/2024\/07\/IMG_9626-e1722374854664-300x224.jpg 300w, https:\/\/coredevx.com\/site\/wp-content\/uploads\/2024\/07\/IMG_9626-e1722374854664-768x573.jpg 768w, https:\/\/coredevx.com\/site\/wp-content\/uploads\/2024\/07\/IMG_9626-e1722374854664-1024x765.jpg 1024w, https:\/\/coredevx.com\/site\/wp-content\/uploads\/2024\/07\/IMG_9626-e1722374854664-1536x1147.jpg 1536w, https:\/\/coredevx.com\/site\/wp-content\/uploads\/2024\/07\/IMG_9626-e1722374854664-2048x1529.jpg 2048w, https:\/\/coredevx.com\/site\/wp-content\/uploads\/2024\/07\/IMG_9626-e1722374854664-650x485.jpg 650w\" sizes=\"(max-width: 300px) 100vw, 300px\" \/><\/div><\/a>\n\t\t\t\t<div class=\"elementor-post__badge\">Academy<\/div>\n\t\t\t\t<div class=\"elementor-post__text\">\n\t\t\t\t<h3 class=\"elementor-post__title\">\n\t\t\t<a href=\"https:\/\/coredevx.com\/site\/visita-comitiva-ucn\/\" >\n\t\t\t\tVisita comitiva de la Universidad Cat\u00f3lica del Norte\t\t\t<\/a>\n\t\t<\/h3>\n\t\t\n\t\t<a class=\"elementor-post__read-more\" href=\"https:\/\/coredevx.com\/site\/visita-comitiva-ucn\/\" aria-label=\"M\u00e1s informaci\u00f3n sobre Visita comitiva de la Universidad Cat\u00f3lica del Norte\" tabindex=\"-1\" >\n\t\t\tVer m\u00e1s \u00bb\t\t<\/a>\n\n\t\t\t\t<\/div>\n\t\t\t\t<div class=\"elementor-post__meta-data\">\n\t\t\t\t\t<span class=\"elementor-post-date\">\n\t\t\tjulio 30, 2024\t\t<\/span>\n\t\t\t\t<\/div>\n\t\t\t\t\t<\/div>\n\t\t<\/article>\n\t\t\t\t<\/div>\n\t\t\n\t\t\t\t\t\t<\/div>\n\t\t\t\t<\/div>\n\t\t\t\t\t<\/div>\n\t\t\t\t<\/div>\n\t\t\t\t<\/div>\n\t\t","protected":false},"excerpt":{"rendered":"<p>Establecemos alianzas estrat\u00e9gicas para realizar investigaciones pioneras en \u00e1reas clave de la tecnolog\u00eda. Memor\u00e1ndum de entendimiento e investigaciones espec\u00edficas. En conjunto con<\/p>\n","protected":false},"author":4,"featured_media":0,"parent":10618,"menu_order":0,"comment_status":"closed","ping_status":"closed","template":"","meta":{"footnotes":""},"class_list":["post-11168","page","type-page","status-publish","hentry"],"yoast_head":"<!-- This site is optimized with the Yoast SEO Premium plugin v26.6 (Yoast SEO v27.3) - https:\/\/yoast.com\/product\/yoast-seo-premium-wordpress\/ -->\n<title>Universidad Cat\u00f3lica del Norte - coreDevX<\/title>\n<meta name=\"robots\" content=\"index, follow, max-snippet:-1, max-image-preview:large, max-video-preview:-1\" \/>\n<link rel=\"canonical\" href=\"https:\/\/coredevx.com\/site\/academy\/universidad-catolica-del-norte\/\" \/>\n<meta property=\"og:locale\" content=\"es_ES\" \/>\n<meta property=\"og:type\" content=\"article\" \/>\n<meta property=\"og:title\" content=\"Universidad Cat\u00f3lica del Norte\" \/>\n<meta property=\"og:description\" content=\"Establecemos alianzas estrat\u00e9gicas para realizar investigaciones pioneras en \u00e1reas clave de la tecnolog\u00eda. Memor\u00e1ndum de entendimiento e investigaciones espec\u00edficas. En conjunto con\" \/>\n<meta property=\"og:url\" content=\"https:\/\/coredevx.com\/site\/academy\/universidad-catolica-del-norte\/\" \/>\n<meta property=\"og:site_name\" content=\"coreDevX\" \/>\n<meta property=\"article:publisher\" content=\"https:\/\/www.facebook.com\/coredevxspa\" \/>\n<meta property=\"article:modified_time\" content=\"2024-09-13T19:02:41+00:00\" \/>\n<meta property=\"og:image\" content=\"https:\/\/coredevx.com\/site\/wp-content\/uploads\/2024\/05\/Isologo-UCN-2018-1.png\" \/>\n<meta name=\"twitter:card\" content=\"summary_large_image\" \/>\n<meta name=\"twitter:site\" content=\"@coredevx\" \/>\n<meta name=\"twitter:label1\" content=\"Tiempo de lectura\" \/>\n\t<meta name=\"twitter:data1\" content=\"2 minutos\" \/>\n<script type=\"application\/ld+json\" class=\"yoast-schema-graph\">{\"@context\":\"https:\\\/\\\/schema.org\",\"@graph\":[{\"@type\":\"WebPage\",\"@id\":\"https:\\\/\\\/coredevx.com\\\/site\\\/academy\\\/universidad-catolica-del-norte\\\/\",\"url\":\"https:\\\/\\\/coredevx.com\\\/site\\\/academy\\\/universidad-catolica-del-norte\\\/\",\"name\":\"Universidad Cat\u00f3lica del Norte - coreDevX\",\"isPartOf\":{\"@id\":\"https:\\\/\\\/coredevx.com\\\/site\\\/#website\"},\"primaryImageOfPage\":{\"@id\":\"https:\\\/\\\/coredevx.com\\\/site\\\/academy\\\/universidad-catolica-del-norte\\\/#primaryimage\"},\"image\":{\"@id\":\"https:\\\/\\\/coredevx.com\\\/site\\\/academy\\\/universidad-catolica-del-norte\\\/#primaryimage\"},\"thumbnailUrl\":\"https:\\\/\\\/coredevx.com\\\/site\\\/wp-content\\\/uploads\\\/2024\\\/05\\\/Isologo-UCN-2018-1.png\",\"datePublished\":\"2024-05-08T15:16:57+00:00\",\"dateModified\":\"2024-09-13T19:02:41+00:00\",\"breadcrumb\":{\"@id\":\"https:\\\/\\\/coredevx.com\\\/site\\\/academy\\\/universidad-catolica-del-norte\\\/#breadcrumb\"},\"inLanguage\":\"es\",\"potentialAction\":[{\"@type\":\"ReadAction\",\"target\":[\"https:\\\/\\\/coredevx.com\\\/site\\\/academy\\\/universidad-catolica-del-norte\\\/\"]}]},{\"@type\":\"ImageObject\",\"inLanguage\":\"es\",\"@id\":\"https:\\\/\\\/coredevx.com\\\/site\\\/academy\\\/universidad-catolica-del-norte\\\/#primaryimage\",\"url\":\"https:\\\/\\\/coredevx.com\\\/site\\\/wp-content\\\/uploads\\\/2024\\\/05\\\/Isologo-UCN-2018-1.png\",\"contentUrl\":\"https:\\\/\\\/coredevx.com\\\/site\\\/wp-content\\\/uploads\\\/2024\\\/05\\\/Isologo-UCN-2018-1.png\",\"width\":1373,\"height\":318},{\"@type\":\"BreadcrumbList\",\"@id\":\"https:\\\/\\\/coredevx.com\\\/site\\\/academy\\\/universidad-catolica-del-norte\\\/#breadcrumb\",\"itemListElement\":[{\"@type\":\"ListItem\",\"position\":1,\"name\":\"Portada\",\"item\":\"https:\\\/\\\/coredevx.com\\\/site\\\/\"},{\"@type\":\"ListItem\",\"position\":2,\"name\":\"Academy\",\"item\":\"https:\\\/\\\/coredevx.com\\\/site\\\/academy\\\/\"},{\"@type\":\"ListItem\",\"position\":3,\"name\":\"Universidad Cat\u00f3lica del Norte\"}]},{\"@type\":\"WebSite\",\"@id\":\"https:\\\/\\\/coredevx.com\\\/site\\\/#website\",\"url\":\"https:\\\/\\\/coredevx.com\\\/site\\\/\",\"name\":\"coreDevX\",\"description\":\"Consultora y Centro de Investigaci\u00f3n\",\"publisher\":{\"@id\":\"https:\\\/\\\/coredevx.com\\\/site\\\/#organization\"},\"potentialAction\":[{\"@type\":\"SearchAction\",\"target\":{\"@type\":\"EntryPoint\",\"urlTemplate\":\"https:\\\/\\\/coredevx.com\\\/site\\\/?s={search_term_string}\"},\"query-input\":{\"@type\":\"PropertyValueSpecification\",\"valueRequired\":true,\"valueName\":\"search_term_string\"}}],\"inLanguage\":\"es\"},{\"@type\":\"Organization\",\"@id\":\"https:\\\/\\\/coredevx.com\\\/site\\\/#organization\",\"name\":\"Consultora y Centro de Investigacion COREDEVX SpA\",\"alternateName\":\"COREDEVX\",\"url\":\"https:\\\/\\\/coredevx.com\\\/site\\\/\",\"logo\":{\"@type\":\"ImageObject\",\"inLanguage\":\"es\",\"@id\":\"https:\\\/\\\/coredevx.com\\\/site\\\/#\\\/schema\\\/logo\\\/image\\\/\",\"url\":\"https:\\\/\\\/coredevx.com\\\/site\\\/wp-content\\\/uploads\\\/2023\\\/05\\\/COREDEVX-logo.svg\",\"contentUrl\":\"https:\\\/\\\/coredevx.com\\\/site\\\/wp-content\\\/uploads\\\/2023\\\/05\\\/COREDEVX-logo.svg\",\"width\":\"1024\",\"height\":\"1024\",\"caption\":\"Consultora y Centro de Investigacion COREDEVX SpA\"},\"image\":{\"@id\":\"https:\\\/\\\/coredevx.com\\\/site\\\/#\\\/schema\\\/logo\\\/image\\\/\"},\"sameAs\":[\"https:\\\/\\\/www.facebook.com\\\/coredevxspa\",\"https:\\\/\\\/x.com\\\/coredevx\",\"https:\\\/\\\/www.instagram.com\\\/coredevx\\\/\",\"https:\\\/\\\/www.linkedin.com\\\/company\\\/consultora-&-centro-de-investigacin-coredevx-spa\\\/?trk=prof-following-company-logo\"]}]}<\/script>\n<!-- \/ Yoast SEO Premium plugin. -->","yoast_head_json":{"title":"Universidad Cat\u00f3lica del Norte - coreDevX","robots":{"index":"index","follow":"follow","max-snippet":"max-snippet:-1","max-image-preview":"max-image-preview:large","max-video-preview":"max-video-preview:-1"},"canonical":"https:\/\/coredevx.com\/site\/academy\/universidad-catolica-del-norte\/","og_locale":"es_ES","og_type":"article","og_title":"Universidad Cat\u00f3lica del Norte","og_description":"Establecemos alianzas estrat\u00e9gicas para realizar investigaciones pioneras en \u00e1reas clave de la tecnolog\u00eda. Memor\u00e1ndum de entendimiento e investigaciones espec\u00edficas. En conjunto con","og_url":"https:\/\/coredevx.com\/site\/academy\/universidad-catolica-del-norte\/","og_site_name":"coreDevX","article_publisher":"https:\/\/www.facebook.com\/coredevxspa","article_modified_time":"2024-09-13T19:02:41+00:00","og_image":[{"url":"https:\/\/coredevx.com\/site\/wp-content\/uploads\/2024\/05\/Isologo-UCN-2018-1.png","type":"","width":"","height":""}],"twitter_card":"summary_large_image","twitter_site":"@coredevx","twitter_misc":{"Tiempo de lectura":"2 minutos"},"schema":{"@context":"https:\/\/schema.org","@graph":[{"@type":"WebPage","@id":"https:\/\/coredevx.com\/site\/academy\/universidad-catolica-del-norte\/","url":"https:\/\/coredevx.com\/site\/academy\/universidad-catolica-del-norte\/","name":"Universidad Cat\u00f3lica del Norte - coreDevX","isPartOf":{"@id":"https:\/\/coredevx.com\/site\/#website"},"primaryImageOfPage":{"@id":"https:\/\/coredevx.com\/site\/academy\/universidad-catolica-del-norte\/#primaryimage"},"image":{"@id":"https:\/\/coredevx.com\/site\/academy\/universidad-catolica-del-norte\/#primaryimage"},"thumbnailUrl":"https:\/\/coredevx.com\/site\/wp-content\/uploads\/2024\/05\/Isologo-UCN-2018-1.png","datePublished":"2024-05-08T15:16:57+00:00","dateModified":"2024-09-13T19:02:41+00:00","breadcrumb":{"@id":"https:\/\/coredevx.com\/site\/academy\/universidad-catolica-del-norte\/#breadcrumb"},"inLanguage":"es","potentialAction":[{"@type":"ReadAction","target":["https:\/\/coredevx.com\/site\/academy\/universidad-catolica-del-norte\/"]}]},{"@type":"ImageObject","inLanguage":"es","@id":"https:\/\/coredevx.com\/site\/academy\/universidad-catolica-del-norte\/#primaryimage","url":"https:\/\/coredevx.com\/site\/wp-content\/uploads\/2024\/05\/Isologo-UCN-2018-1.png","contentUrl":"https:\/\/coredevx.com\/site\/wp-content\/uploads\/2024\/05\/Isologo-UCN-2018-1.png","width":1373,"height":318},{"@type":"BreadcrumbList","@id":"https:\/\/coredevx.com\/site\/academy\/universidad-catolica-del-norte\/#breadcrumb","itemListElement":[{"@type":"ListItem","position":1,"name":"Portada","item":"https:\/\/coredevx.com\/site\/"},{"@type":"ListItem","position":2,"name":"Academy","item":"https:\/\/coredevx.com\/site\/academy\/"},{"@type":"ListItem","position":3,"name":"Universidad Cat\u00f3lica del Norte"}]},{"@type":"WebSite","@id":"https:\/\/coredevx.com\/site\/#website","url":"https:\/\/coredevx.com\/site\/","name":"coreDevX","description":"Consultora y Centro de Investigaci\u00f3n","publisher":{"@id":"https:\/\/coredevx.com\/site\/#organization"},"potentialAction":[{"@type":"SearchAction","target":{"@type":"EntryPoint","urlTemplate":"https:\/\/coredevx.com\/site\/?s={search_term_string}"},"query-input":{"@type":"PropertyValueSpecification","valueRequired":true,"valueName":"search_term_string"}}],"inLanguage":"es"},{"@type":"Organization","@id":"https:\/\/coredevx.com\/site\/#organization","name":"Consultora y Centro de Investigacion COREDEVX SpA","alternateName":"COREDEVX","url":"https:\/\/coredevx.com\/site\/","logo":{"@type":"ImageObject","inLanguage":"es","@id":"https:\/\/coredevx.com\/site\/#\/schema\/logo\/image\/","url":"https:\/\/coredevx.com\/site\/wp-content\/uploads\/2023\/05\/COREDEVX-logo.svg","contentUrl":"https:\/\/coredevx.com\/site\/wp-content\/uploads\/2023\/05\/COREDEVX-logo.svg","width":"1024","height":"1024","caption":"Consultora y Centro de Investigacion COREDEVX SpA"},"image":{"@id":"https:\/\/coredevx.com\/site\/#\/schema\/logo\/image\/"},"sameAs":["https:\/\/www.facebook.com\/coredevxspa","https:\/\/x.com\/coredevx","https:\/\/www.instagram.com\/coredevx\/","https:\/\/www.linkedin.com\/company\/consultora-&-centro-de-investigacin-coredevx-spa\/?trk=prof-following-company-logo"]}]}},"_links":{"self":[{"href":"https:\/\/coredevx.com\/site\/wp-json\/wp\/v2\/pages\/11168","targetHints":{"allow":["GET"]}}],"collection":[{"href":"https:\/\/coredevx.com\/site\/wp-json\/wp\/v2\/pages"}],"about":[{"href":"https:\/\/coredevx.com\/site\/wp-json\/wp\/v2\/types\/page"}],"author":[{"embeddable":true,"href":"https:\/\/coredevx.com\/site\/wp-json\/wp\/v2\/users\/4"}],"replies":[{"embeddable":true,"href":"https:\/\/coredevx.com\/site\/wp-json\/wp\/v2\/comments?post=11168"}],"version-history":[{"count":7,"href":"https:\/\/coredevx.com\/site\/wp-json\/wp\/v2\/pages\/11168\/revisions"}],"predecessor-version":[{"id":12850,"href":"https:\/\/coredevx.com\/site\/wp-json\/wp\/v2\/pages\/11168\/revisions\/12850"}],"up":[{"embeddable":true,"href":"https:\/\/coredevx.com\/site\/wp-json\/wp\/v2\/pages\/10618"}],"wp:attachment":[{"href":"https:\/\/coredevx.com\/site\/wp-json\/wp\/v2\/media?parent=11168"}],"curies":[{"name":"wp","href":"https:\/\/api.w.org\/{rel}","templated":true}]}}