{"id":10938,"date":"2024-05-07T16:00:02","date_gmt":"2024-05-07T16:00:02","guid":{"rendered":"https:\/\/coredevx.com\/site\/?page_id=10938"},"modified":"2024-06-25T16:56:03","modified_gmt":"2024-06-25T16:56:03","slug":"kqia","status":"publish","type":"page","link":"https:\/\/coredevx.com\/site\/coredevx-labs\/kqia\/","title":{"rendered":"KQIA"},"content":{"rendered":"\t\t<div data-elementor-type=\"wp-page\" data-elementor-id=\"10938\" class=\"elementor elementor-10938\" data-elementor-post-type=\"page\">\n\t\t\t\t<div class=\"elementor-element elementor-element-885b60d e-flex e-con-boxed e-con e-parent\" data-id=\"885b60d\" data-element_type=\"container\" data-e-type=\"container\" data-settings=\"{&quot;background_background&quot;:&quot;classic&quot;}\">\n\t\t\t\t\t<div class=\"e-con-inner\">\n\t\t<div class=\"elementor-element elementor-element-ab3aea0 e-con-full e-flex e-con e-child\" data-id=\"ab3aea0\" data-element_type=\"container\" data-e-type=\"container\">\n\t\t\t\t<div class=\"elementor-element elementor-element-cdfc31d elementor-widget__width-initial elementor-widget-mobile__width-inherit elementor-widget elementor-widget-heading\" data-id=\"cdfc31d\" data-element_type=\"widget\" data-e-type=\"widget\" data-widget_type=\"heading.default\">\n\t\t\t\t<div class=\"elementor-widget-container\">\n\t\t\t\t\t<h1 class=\"elementor-heading-title elementor-size-default\">KQIA<\/h1>\t\t\t\t<\/div>\n\t\t\t\t<\/div>\n\t\t\t\t<div class=\"elementor-element elementor-element-db4b15c elementor-widget__width-initial elementor-widget-mobile__width-inherit elementor-widget elementor-widget-text-editor\" data-id=\"db4b15c\" data-element_type=\"widget\" data-e-type=\"widget\" data-widget_type=\"text-editor.default\">\n\t\t\t\t<div class=\"elementor-widget-container\">\n\t\t\t\t\t\t\t\t\t<p>Establecemos alianzas estrat\u00e9gicas para realizar investigaciones pioneras en \u00e1reas clave de la tecnolog\u00eda.<\/p>\t\t\t\t\t\t\t\t<\/div>\n\t\t\t\t<\/div>\n\t\t\t\t<\/div>\n\t\t\t\t\t<\/div>\n\t\t\t\t<\/div>\n\t\t<div class=\"elementor-element elementor-element-5c9c28d e-flex e-con-boxed e-con e-parent\" data-id=\"5c9c28d\" data-element_type=\"container\" data-e-type=\"container\">\n\t\t\t\t\t<div class=\"e-con-inner\">\n\t\t\t\t<div class=\"elementor-element elementor-element-dec7fb9 elementor-widget elementor-widget-heading\" data-id=\"dec7fb9\" data-element_type=\"widget\" data-e-type=\"widget\" data-widget_type=\"heading.default\">\n\t\t\t\t<div class=\"elementor-widget-container\">\n\t\t\t\t\t<h3 class=\"elementor-heading-title elementor-size-default\">Somos miembro especial de KQIA<\/h3>\t\t\t\t<\/div>\n\t\t\t\t<\/div>\n\t\t<div class=\"elementor-element elementor-element-7443b1e e-con-full e-flex e-con e-child\" data-id=\"7443b1e\" data-element_type=\"container\" data-e-type=\"container\">\n\t\t<div class=\"elementor-element elementor-element-dbe374e e-con-full e-flex e-con e-child\" data-id=\"dbe374e\" data-element_type=\"container\" data-e-type=\"container\">\n\t\t\t\t<div class=\"elementor-element elementor-element-a6fc4e1 elementor-widget elementor-widget-image\" data-id=\"a6fc4e1\" data-element_type=\"widget\" data-e-type=\"widget\" data-widget_type=\"image.default\">\n\t\t\t\t<div class=\"elementor-widget-container\">\n\t\t\t\t\t\t\t\t\t\t\t\t\t\t\t\t<a href=\"https:\/\/quantuminkorea.org\/industry-alliance\/\">\n\t\t\t\t\t\t\t<img fetchpriority=\"high\" decoding=\"async\" width=\"22929\" height=\"5809\" src=\"https:\/\/coredevx.com\/site\/wp-content\/uploads\/2024\/05\/KQIA-logo-1.png\" class=\"attachment-full size-full wp-image-11422\" alt=\"\" srcset=\"https:\/\/coredevx.com\/site\/wp-content\/uploads\/2024\/05\/KQIA-logo-1.png 22929w, https:\/\/coredevx.com\/site\/wp-content\/uploads\/2024\/05\/KQIA-logo-1-300x76.png 300w, https:\/\/coredevx.com\/site\/wp-content\/uploads\/2024\/05\/KQIA-logo-1-1024x259.png 1024w, https:\/\/coredevx.com\/site\/wp-content\/uploads\/2024\/05\/KQIA-logo-1-768x195.png 768w, https:\/\/coredevx.com\/site\/wp-content\/uploads\/2024\/05\/KQIA-logo-1-1536x389.png 1536w, https:\/\/coredevx.com\/site\/wp-content\/uploads\/2024\/05\/KQIA-logo-1-2048x519.png 2048w, https:\/\/coredevx.com\/site\/wp-content\/uploads\/2024\/05\/KQIA-logo-1-650x165.png 650w\" sizes=\"(max-width: 22929px) 100vw, 22929px\" \/>\t\t\t\t\t\t\t\t<\/a>\n\t\t\t\t\t\t\t\t\t\t\t\t\t\t\t<\/div>\n\t\t\t\t<\/div>\n\t\t\t\t<\/div>\n\t\t<div class=\"elementor-element elementor-element-e4302f3 e-con-full e-flex e-con e-child\" data-id=\"e4302f3\" data-element_type=\"container\" data-e-type=\"container\">\n\t\t\t\t<div class=\"elementor-element elementor-element-b8066df elementor-widget elementor-widget-text-editor\" data-id=\"b8066df\" data-element_type=\"widget\" data-e-type=\"widget\" data-widget_type=\"text-editor.default\">\n\t\t\t\t<div class=\"elementor-widget-container\">\n\t\t\t\t\t\t\t\t\t<p>En abril de 2024, coreDevX se uni\u00f3 a la Asociaci\u00f3n de la Industria Cu\u00e1ntica de Corea (KQIA), un colectivo de empresas coreanas e internacionales dedicadas a promover y compartir conocimientos globales dentro del sector cu\u00e1ntico.<\/p>\t\t\t\t\t\t\t\t<\/div>\n\t\t\t\t<\/div>\n\t\t\t\t<\/div>\n\t\t\t\t<\/div>\n\t\t\t\t\t<\/div>\n\t\t\t\t<\/div>\n\t\t<div class=\"elementor-element elementor-element-8f569f5 e-flex e-con-boxed e-con e-parent\" data-id=\"8f569f5\" data-element_type=\"container\" data-e-type=\"container\">\n\t\t\t\t\t<div class=\"e-con-inner\">\n\t\t\t\t<div class=\"elementor-element elementor-element-a5b5cc4 elementor-widget elementor-widget-text-editor\" data-id=\"a5b5cc4\" data-element_type=\"widget\" data-e-type=\"widget\" data-widget_type=\"text-editor.default\">\n\t\t\t\t<div class=\"elementor-widget-container\">\n\t\t\t\t\t\t\t\t\t<p>Creada en septiembre de 2022, la Asociaci\u00f3n de la Industria Cu\u00e1ntica de Corea (KQIA) se centra en impulsar la industrializaci\u00f3n de la ciencia y las tecnolog\u00edas cu\u00e1nticas. Con una membres\u00eda de m\u00e1s de 60 empresas globales, la asociaci\u00f3n est\u00e1 profundamente comprometida con fomentar el desarrollo de hardware, software y otras tecnolog\u00edas pertinentes. Su objetivo general es estimular la innovaci\u00f3n tecnol\u00f3gica, fortalecer el ecosistema industrial y elevar la competitividad tecnol\u00f3gica de Corea del Sur, haciendo as\u00ed contribuciones significativas al inter\u00e9s p\u00fablico de la naci\u00f3n.<br><\/p>\t\t\t\t\t\t\t\t<\/div>\n\t\t\t\t<\/div>\n\t\t\t\t<div class=\"elementor-element elementor-element-1a4c826 elementor-widget elementor-widget-image\" data-id=\"1a4c826\" data-element_type=\"widget\" data-e-type=\"widget\" data-widget_type=\"image.default\">\n\t\t\t\t<div class=\"elementor-widget-container\">\n\t\t\t\t\t\t\t\t\t\t\t\t\t\t\t<img decoding=\"async\" width=\"1200\" height=\"400\" src=\"https:\/\/coredevx.com\/site\/wp-content\/uploads\/2024\/05\/seoul-korea-glance.jpg\" class=\"attachment-full size-full wp-image-11415\" alt=\"\" srcset=\"https:\/\/coredevx.com\/site\/wp-content\/uploads\/2024\/05\/seoul-korea-glance.jpg 1200w, https:\/\/coredevx.com\/site\/wp-content\/uploads\/2024\/05\/seoul-korea-glance-300x100.jpg 300w, https:\/\/coredevx.com\/site\/wp-content\/uploads\/2024\/05\/seoul-korea-glance-1024x341.jpg 1024w, https:\/\/coredevx.com\/site\/wp-content\/uploads\/2024\/05\/seoul-korea-glance-768x256.jpg 768w, https:\/\/coredevx.com\/site\/wp-content\/uploads\/2024\/05\/seoul-korea-glance-650x217.jpg 650w\" sizes=\"(max-width: 1200px) 100vw, 1200px\" \/>\t\t\t\t\t\t\t\t\t\t\t\t\t\t\t<\/div>\n\t\t\t\t<\/div>\n\t\t\t\t<div class=\"elementor-element elementor-element-5134fdd elementor-widget elementor-widget-text-editor\" data-id=\"5134fdd\" data-element_type=\"widget\" data-e-type=\"widget\" data-widget_type=\"text-editor.default\">\n\t\t\t\t<div class=\"elementor-widget-container\">\n\t\t\t\t\t\t\t\t\t<p>En su calidad de miembro de KQIA, coreDevX refuerza su compromiso de compartir conocimiento y promueve activamente la investigaci\u00f3n nacional e internacional en tecnolog\u00edas cu\u00e1nticas.<br><\/p>\t\t\t\t\t\t\t\t<\/div>\n\t\t\t\t<\/div>\n\t\t\t\t\t<\/div>\n\t\t\t\t<\/div>\n\t\t<div class=\"elementor-element elementor-element-c5a7e05 e-flex e-con-boxed e-con e-parent\" data-id=\"c5a7e05\" data-element_type=\"container\" data-e-type=\"container\">\n\t\t\t\t\t<div class=\"e-con-inner\">\n\t\t\t\t<div class=\"elementor-element elementor-element-e70b7a1 elementor-widget elementor-widget-heading\" data-id=\"e70b7a1\" data-element_type=\"widget\" data-e-type=\"widget\" data-widget_type=\"heading.default\">\n\t\t\t\t<div class=\"elementor-widget-container\">\n\t\t\t\t\t<h2 class=\"elementor-heading-title elementor-size-default\">Noticias relacionadas<\/h2>\t\t\t\t<\/div>\n\t\t\t\t<\/div>\n\t\t\t\t<div class=\"elementor-element elementor-element-9913017 elementor-grid-tablet-3 elementor-grid-3 elementor-grid-mobile-1 elementor-posts--thumbnail-top elementor-card-shadow-yes elementor-posts__hover-gradient elementor-widget elementor-widget-posts\" data-id=\"9913017\" data-element_type=\"widget\" data-e-type=\"widget\" data-settings=\"{&quot;cards_columns_tablet&quot;:&quot;3&quot;,&quot;cards_columns&quot;:&quot;3&quot;,&quot;cards_columns_mobile&quot;:&quot;1&quot;,&quot;cards_row_gap&quot;:{&quot;unit&quot;:&quot;px&quot;,&quot;size&quot;:35,&quot;sizes&quot;:[]},&quot;cards_row_gap_tablet&quot;:{&quot;unit&quot;:&quot;px&quot;,&quot;size&quot;:&quot;&quot;,&quot;sizes&quot;:[]},&quot;cards_row_gap_mobile&quot;:{&quot;unit&quot;:&quot;px&quot;,&quot;size&quot;:&quot;&quot;,&quot;sizes&quot;:[]}}\" data-widget_type=\"posts.cards\">\n\t\t\t\t<div class=\"elementor-widget-container\">\n\t\t\t\t\t\t\t<div class=\"elementor-posts-container elementor-posts elementor-posts--skin-cards elementor-grid\" role=\"list\">\n\t\t\t\t<article class=\"elementor-post elementor-grid-item post-14459 post type-post status-publish format-standard has-post-thumbnail hentry category-academy\" role=\"listitem\">\n\t\t\t<div class=\"elementor-post__card\">\n\t\t\t\t<a class=\"elementor-post__thumbnail__link\" href=\"https:\/\/coredevx.com\/site\/acuerdo-de-colaboracion-uss\/\" tabindex=\"-1\" ><div class=\"elementor-post__thumbnail\"><img decoding=\"async\" width=\"300\" height=\"240\" src=\"https:\/\/coredevx.com\/site\/wp-content\/uploads\/2025\/10\/1760549662044-300x240.jpeg\" class=\"attachment-medium size-medium wp-image-14465\" alt=\"\" srcset=\"https:\/\/coredevx.com\/site\/wp-content\/uploads\/2025\/10\/1760549662044-300x240.jpeg 300w, https:\/\/coredevx.com\/site\/wp-content\/uploads\/2025\/10\/1760549662044-1024x819.jpeg 1024w, https:\/\/coredevx.com\/site\/wp-content\/uploads\/2025\/10\/1760549662044-768x614.jpeg 768w, https:\/\/coredevx.com\/site\/wp-content\/uploads\/2025\/10\/1760549662044-1536x1229.jpeg 1536w, https:\/\/coredevx.com\/site\/wp-content\/uploads\/2025\/10\/1760549662044-650x520.jpeg 650w, https:\/\/coredevx.com\/site\/wp-content\/uploads\/2025\/10\/1760549662044.jpeg 1920w\" sizes=\"(max-width: 300px) 100vw, 300px\" \/><\/div><\/a>\n\t\t\t\t<div class=\"elementor-post__badge\">Academy<\/div>\n\t\t\t\t<div class=\"elementor-post__text\">\n\t\t\t\t<h3 class=\"elementor-post__title\">\n\t\t\t<a href=\"https:\/\/coredevx.com\/site\/acuerdo-de-colaboracion-uss\/\" >\n\t\t\t\tAcuerdo de colaboraci\u00f3n Universidad San Sebasti\u00e1n\t\t\t<\/a>\n\t\t<\/h3>\n\t\t\n\t\t<a class=\"elementor-post__read-more\" href=\"https:\/\/coredevx.com\/site\/acuerdo-de-colaboracion-uss\/\" aria-label=\"M\u00e1s informaci\u00f3n sobre Acuerdo de colaboraci\u00f3n Universidad San Sebasti\u00e1n\" tabindex=\"-1\" >\n\t\t\tVer m\u00e1s \u00bb\t\t<\/a>\n\n\t\t\t\t<\/div>\n\t\t\t\t<div class=\"elementor-post__meta-data\">\n\t\t\t\t\t<span class=\"elementor-post-date\">\n\t\t\toctubre 16, 2025\t\t<\/span>\n\t\t\t\t<\/div>\n\t\t\t\t\t<\/div>\n\t\t<\/article>\n\t\t\t\t<article class=\"elementor-post elementor-grid-item post-12645 post type-post status-publish format-standard has-post-thumbnail hentry category-academy category-usach\" role=\"listitem\">\n\t\t\t<div class=\"elementor-post__card\">\n\t\t\t\t<a class=\"elementor-post__thumbnail__link\" href=\"https:\/\/coredevx.com\/site\/acuerdo-de-colaboracion-usach\/\" tabindex=\"-1\" ><div class=\"elementor-post__thumbnail\"><img loading=\"lazy\" decoding=\"async\" width=\"300\" height=\"200\" src=\"https:\/\/coredevx.com\/site\/wp-content\/uploads\/2024\/08\/usach-web-300x200.png\" class=\"attachment-medium size-medium wp-image-12648\" alt=\"\" srcset=\"https:\/\/coredevx.com\/site\/wp-content\/uploads\/2024\/08\/usach-web-300x200.png 300w, https:\/\/coredevx.com\/site\/wp-content\/uploads\/2024\/08\/usach-web-768x512.png 768w, https:\/\/coredevx.com\/site\/wp-content\/uploads\/2024\/08\/usach-web-650x433.png 650w, https:\/\/coredevx.com\/site\/wp-content\/uploads\/2024\/08\/usach-web.png 800w\" sizes=\"(max-width: 300px) 100vw, 300px\" \/><\/div><\/a>\n\t\t\t\t<div class=\"elementor-post__badge\">Academy<\/div>\n\t\t\t\t<div class=\"elementor-post__text\">\n\t\t\t\t<h3 class=\"elementor-post__title\">\n\t\t\t<a href=\"https:\/\/coredevx.com\/site\/acuerdo-de-colaboracion-usach\/\" >\n\t\t\t\tAcuerdo de colaboraci\u00f3n USACH\t\t\t<\/a>\n\t\t<\/h3>\n\t\t\n\t\t<a class=\"elementor-post__read-more\" href=\"https:\/\/coredevx.com\/site\/acuerdo-de-colaboracion-usach\/\" aria-label=\"M\u00e1s informaci\u00f3n sobre Acuerdo de colaboraci\u00f3n USACH\" tabindex=\"-1\" >\n\t\t\tVer m\u00e1s \u00bb\t\t<\/a>\n\n\t\t\t\t<\/div>\n\t\t\t\t<div class=\"elementor-post__meta-data\">\n\t\t\t\t\t<span class=\"elementor-post-date\">\n\t\t\tagosto 19, 2024\t\t<\/span>\n\t\t\t\t<\/div>\n\t\t\t\t\t<\/div>\n\t\t<\/article>\n\t\t\t\t<article class=\"elementor-post elementor-grid-item post-12620 post type-post status-publish format-standard has-post-thumbnail hentry category-academy category-ucn\" role=\"listitem\">\n\t\t\t<div class=\"elementor-post__card\">\n\t\t\t\t<a class=\"elementor-post__thumbnail__link\" href=\"https:\/\/coredevx.com\/site\/visita-comitiva-ucn\/\" tabindex=\"-1\" ><div class=\"elementor-post__thumbnail\"><img loading=\"lazy\" decoding=\"async\" width=\"300\" height=\"224\" src=\"https:\/\/coredevx.com\/site\/wp-content\/uploads\/2024\/07\/IMG_9626-e1722374854664-300x224.jpg\" class=\"attachment-medium size-medium wp-image-12621\" alt=\"\" srcset=\"https:\/\/coredevx.com\/site\/wp-content\/uploads\/2024\/07\/IMG_9626-e1722374854664-300x224.jpg 300w, https:\/\/coredevx.com\/site\/wp-content\/uploads\/2024\/07\/IMG_9626-e1722374854664-768x573.jpg 768w, https:\/\/coredevx.com\/site\/wp-content\/uploads\/2024\/07\/IMG_9626-e1722374854664-1024x765.jpg 1024w, https:\/\/coredevx.com\/site\/wp-content\/uploads\/2024\/07\/IMG_9626-e1722374854664-1536x1147.jpg 1536w, https:\/\/coredevx.com\/site\/wp-content\/uploads\/2024\/07\/IMG_9626-e1722374854664-2048x1529.jpg 2048w, https:\/\/coredevx.com\/site\/wp-content\/uploads\/2024\/07\/IMG_9626-e1722374854664-650x485.jpg 650w\" sizes=\"(max-width: 300px) 100vw, 300px\" \/><\/div><\/a>\n\t\t\t\t<div class=\"elementor-post__badge\">Academy<\/div>\n\t\t\t\t<div class=\"elementor-post__text\">\n\t\t\t\t<h3 class=\"elementor-post__title\">\n\t\t\t<a href=\"https:\/\/coredevx.com\/site\/visita-comitiva-ucn\/\" >\n\t\t\t\tVisita comitiva de la Universidad Cat\u00f3lica del Norte\t\t\t<\/a>\n\t\t<\/h3>\n\t\t\n\t\t<a class=\"elementor-post__read-more\" href=\"https:\/\/coredevx.com\/site\/visita-comitiva-ucn\/\" aria-label=\"M\u00e1s informaci\u00f3n sobre Visita comitiva de la Universidad Cat\u00f3lica del Norte\" tabindex=\"-1\" >\n\t\t\tVer m\u00e1s \u00bb\t\t<\/a>\n\n\t\t\t\t<\/div>\n\t\t\t\t<div class=\"elementor-post__meta-data\">\n\t\t\t\t\t<span class=\"elementor-post-date\">\n\t\t\tjulio 30, 2024\t\t<\/span>\n\t\t\t\t<\/div>\n\t\t\t\t\t<\/div>\n\t\t<\/article>\n\t\t\t\t<\/div>\n\t\t\n\t\t\t\t\t\t<\/div>\n\t\t\t\t<\/div>\n\t\t\t\t\t<\/div>\n\t\t\t\t<\/div>\n\t\t\t\t<\/div>\n\t\t","protected":false},"excerpt":{"rendered":"<p>Establecemos alianzas estrat\u00e9gicas para realizar investigaciones pioneras en \u00e1reas clave de la tecnolog\u00eda. Somos miembro especial de KQIA En abril de 2024,<\/p>\n","protected":false},"author":4,"featured_media":0,"parent":1476,"menu_order":0,"comment_status":"closed","ping_status":"closed","template":"","meta":{"footnotes":""},"class_list":["post-10938","page","type-page","status-publish","hentry"],"yoast_head":"<!-- This site is optimized with the Yoast SEO Premium plugin v27.4 (Yoast SEO v27.4) - https:\/\/yoast.com\/product\/yoast-seo-premium-wordpress\/ -->\n<title>KQIA - coreDevX<\/title>\n<meta name=\"robots\" content=\"index, follow, max-snippet:-1, max-image-preview:large, max-video-preview:-1\" \/>\n<link rel=\"canonical\" href=\"https:\/\/coredevx.com\/site\/coredevx-labs\/kqia\/\" \/>\n<meta property=\"og:locale\" content=\"es_ES\" \/>\n<meta property=\"og:type\" content=\"article\" \/>\n<meta property=\"og:title\" content=\"KQIA\" \/>\n<meta property=\"og:description\" content=\"Establecemos alianzas estrat\u00e9gicas para realizar investigaciones pioneras en \u00e1reas clave de la tecnolog\u00eda. Somos miembro especial de KQIA En abril de 2024,\" \/>\n<meta property=\"og:url\" content=\"https:\/\/coredevx.com\/site\/coredevx-labs\/kqia\/\" \/>\n<meta property=\"og:site_name\" content=\"coreDevX\" \/>\n<meta property=\"article:publisher\" content=\"https:\/\/www.facebook.com\/coredevxspa\" \/>\n<meta property=\"article:modified_time\" content=\"2024-06-25T16:56:03+00:00\" \/>\n<meta property=\"og:image\" content=\"https:\/\/coredevx.com\/site\/wp-content\/uploads\/2024\/05\/KQIA-logo-1.png\" \/>\n<meta name=\"twitter:card\" content=\"summary_large_image\" \/>\n<meta name=\"twitter:site\" content=\"@coredevx\" \/>\n<meta name=\"twitter:label1\" content=\"Tiempo de lectura\" \/>\n\t<meta name=\"twitter:data1\" content=\"2 minutos\" \/>\n<script type=\"application\/ld+json\" class=\"yoast-schema-graph\">{\"@context\":\"https:\\\/\\\/schema.org\",\"@graph\":[{\"@type\":\"WebPage\",\"@id\":\"https:\\\/\\\/coredevx.com\\\/site\\\/coredevx-labs\\\/kqia\\\/\",\"url\":\"https:\\\/\\\/coredevx.com\\\/site\\\/coredevx-labs\\\/kqia\\\/\",\"name\":\"KQIA - coreDevX\",\"isPartOf\":{\"@id\":\"https:\\\/\\\/coredevx.com\\\/site\\\/#website\"},\"primaryImageOfPage\":{\"@id\":\"https:\\\/\\\/coredevx.com\\\/site\\\/coredevx-labs\\\/kqia\\\/#primaryimage\"},\"image\":{\"@id\":\"https:\\\/\\\/coredevx.com\\\/site\\\/coredevx-labs\\\/kqia\\\/#primaryimage\"},\"thumbnailUrl\":\"https:\\\/\\\/coredevx.com\\\/site\\\/wp-content\\\/uploads\\\/2024\\\/05\\\/KQIA-logo-1.png\",\"datePublished\":\"2024-05-07T16:00:02+00:00\",\"dateModified\":\"2024-06-25T16:56:03+00:00\",\"breadcrumb\":{\"@id\":\"https:\\\/\\\/coredevx.com\\\/site\\\/coredevx-labs\\\/kqia\\\/#breadcrumb\"},\"inLanguage\":\"es\",\"potentialAction\":[{\"@type\":\"ReadAction\",\"target\":[\"https:\\\/\\\/coredevx.com\\\/site\\\/coredevx-labs\\\/kqia\\\/\"]}]},{\"@type\":\"ImageObject\",\"inLanguage\":\"es\",\"@id\":\"https:\\\/\\\/coredevx.com\\\/site\\\/coredevx-labs\\\/kqia\\\/#primaryimage\",\"url\":\"https:\\\/\\\/coredevx.com\\\/site\\\/wp-content\\\/uploads\\\/2024\\\/05\\\/KQIA-logo-1.png\",\"contentUrl\":\"https:\\\/\\\/coredevx.com\\\/site\\\/wp-content\\\/uploads\\\/2024\\\/05\\\/KQIA-logo-1.png\",\"width\":22929,\"height\":5809},{\"@type\":\"BreadcrumbList\",\"@id\":\"https:\\\/\\\/coredevx.com\\\/site\\\/coredevx-labs\\\/kqia\\\/#breadcrumb\",\"itemListElement\":[{\"@type\":\"ListItem\",\"position\":1,\"name\":\"Portada\",\"item\":\"https:\\\/\\\/coredevx.com\\\/site\\\/\"},{\"@type\":\"ListItem\",\"position\":2,\"name\":\"Coredevx LABS\",\"item\":\"https:\\\/\\\/coredevx.com\\\/site\\\/coredevx-labs\\\/\"},{\"@type\":\"ListItem\",\"position\":3,\"name\":\"KQIA\"}]},{\"@type\":\"WebSite\",\"@id\":\"https:\\\/\\\/coredevx.com\\\/site\\\/#website\",\"url\":\"https:\\\/\\\/coredevx.com\\\/site\\\/\",\"name\":\"coreDevX\",\"description\":\"Consultora y Centro de Investigaci\u00f3n\",\"publisher\":{\"@id\":\"https:\\\/\\\/coredevx.com\\\/site\\\/#organization\"},\"potentialAction\":[{\"@type\":\"SearchAction\",\"target\":{\"@type\":\"EntryPoint\",\"urlTemplate\":\"https:\\\/\\\/coredevx.com\\\/site\\\/?s={search_term_string}\"},\"query-input\":{\"@type\":\"PropertyValueSpecification\",\"valueRequired\":true,\"valueName\":\"search_term_string\"}}],\"inLanguage\":\"es\"},{\"@type\":\"Organization\",\"@id\":\"https:\\\/\\\/coredevx.com\\\/site\\\/#organization\",\"name\":\"Consultora y Centro de Investigacion COREDEVX SpA\",\"alternateName\":\"COREDEVX\",\"url\":\"https:\\\/\\\/coredevx.com\\\/site\\\/\",\"logo\":{\"@type\":\"ImageObject\",\"inLanguage\":\"es\",\"@id\":\"https:\\\/\\\/coredevx.com\\\/site\\\/#\\\/schema\\\/logo\\\/image\\\/\",\"url\":\"https:\\\/\\\/coredevx.com\\\/site\\\/wp-content\\\/uploads\\\/2023\\\/05\\\/COREDEVX-logo.svg\",\"contentUrl\":\"https:\\\/\\\/coredevx.com\\\/site\\\/wp-content\\\/uploads\\\/2023\\\/05\\\/COREDEVX-logo.svg\",\"width\":\"1024\",\"height\":\"1024\",\"caption\":\"Consultora y Centro de Investigacion COREDEVX SpA\"},\"image\":{\"@id\":\"https:\\\/\\\/coredevx.com\\\/site\\\/#\\\/schema\\\/logo\\\/image\\\/\"},\"sameAs\":[\"https:\\\/\\\/www.facebook.com\\\/coredevxspa\",\"https:\\\/\\\/x.com\\\/coredevx\",\"https:\\\/\\\/www.instagram.com\\\/coredevx\\\/\",\"https:\\\/\\\/www.linkedin.com\\\/company\\\/consultora-&-centro-de-investigacin-coredevx-spa\\\/?trk=prof-following-company-logo\"]}]}<\/script>\n<!-- \/ Yoast SEO Premium plugin. -->","yoast_head_json":{"title":"KQIA - coreDevX","robots":{"index":"index","follow":"follow","max-snippet":"max-snippet:-1","max-image-preview":"max-image-preview:large","max-video-preview":"max-video-preview:-1"},"canonical":"https:\/\/coredevx.com\/site\/coredevx-labs\/kqia\/","og_locale":"es_ES","og_type":"article","og_title":"KQIA","og_description":"Establecemos alianzas estrat\u00e9gicas para realizar investigaciones pioneras en \u00e1reas clave de la tecnolog\u00eda. Somos miembro especial de KQIA En abril de 2024,","og_url":"https:\/\/coredevx.com\/site\/coredevx-labs\/kqia\/","og_site_name":"coreDevX","article_publisher":"https:\/\/www.facebook.com\/coredevxspa","article_modified_time":"2024-06-25T16:56:03+00:00","og_image":[{"url":"https:\/\/coredevx.com\/site\/wp-content\/uploads\/2024\/05\/KQIA-logo-1.png","type":"","width":"","height":""}],"twitter_card":"summary_large_image","twitter_site":"@coredevx","twitter_misc":{"Tiempo de lectura":"2 minutos"},"schema":{"@context":"https:\/\/schema.org","@graph":[{"@type":"WebPage","@id":"https:\/\/coredevx.com\/site\/coredevx-labs\/kqia\/","url":"https:\/\/coredevx.com\/site\/coredevx-labs\/kqia\/","name":"KQIA - coreDevX","isPartOf":{"@id":"https:\/\/coredevx.com\/site\/#website"},"primaryImageOfPage":{"@id":"https:\/\/coredevx.com\/site\/coredevx-labs\/kqia\/#primaryimage"},"image":{"@id":"https:\/\/coredevx.com\/site\/coredevx-labs\/kqia\/#primaryimage"},"thumbnailUrl":"https:\/\/coredevx.com\/site\/wp-content\/uploads\/2024\/05\/KQIA-logo-1.png","datePublished":"2024-05-07T16:00:02+00:00","dateModified":"2024-06-25T16:56:03+00:00","breadcrumb":{"@id":"https:\/\/coredevx.com\/site\/coredevx-labs\/kqia\/#breadcrumb"},"inLanguage":"es","potentialAction":[{"@type":"ReadAction","target":["https:\/\/coredevx.com\/site\/coredevx-labs\/kqia\/"]}]},{"@type":"ImageObject","inLanguage":"es","@id":"https:\/\/coredevx.com\/site\/coredevx-labs\/kqia\/#primaryimage","url":"https:\/\/coredevx.com\/site\/wp-content\/uploads\/2024\/05\/KQIA-logo-1.png","contentUrl":"https:\/\/coredevx.com\/site\/wp-content\/uploads\/2024\/05\/KQIA-logo-1.png","width":22929,"height":5809},{"@type":"BreadcrumbList","@id":"https:\/\/coredevx.com\/site\/coredevx-labs\/kqia\/#breadcrumb","itemListElement":[{"@type":"ListItem","position":1,"name":"Portada","item":"https:\/\/coredevx.com\/site\/"},{"@type":"ListItem","position":2,"name":"Coredevx LABS","item":"https:\/\/coredevx.com\/site\/coredevx-labs\/"},{"@type":"ListItem","position":3,"name":"KQIA"}]},{"@type":"WebSite","@id":"https:\/\/coredevx.com\/site\/#website","url":"https:\/\/coredevx.com\/site\/","name":"coreDevX","description":"Consultora y Centro de Investigaci\u00f3n","publisher":{"@id":"https:\/\/coredevx.com\/site\/#organization"},"potentialAction":[{"@type":"SearchAction","target":{"@type":"EntryPoint","urlTemplate":"https:\/\/coredevx.com\/site\/?s={search_term_string}"},"query-input":{"@type":"PropertyValueSpecification","valueRequired":true,"valueName":"search_term_string"}}],"inLanguage":"es"},{"@type":"Organization","@id":"https:\/\/coredevx.com\/site\/#organization","name":"Consultora y Centro de Investigacion COREDEVX SpA","alternateName":"COREDEVX","url":"https:\/\/coredevx.com\/site\/","logo":{"@type":"ImageObject","inLanguage":"es","@id":"https:\/\/coredevx.com\/site\/#\/schema\/logo\/image\/","url":"https:\/\/coredevx.com\/site\/wp-content\/uploads\/2023\/05\/COREDEVX-logo.svg","contentUrl":"https:\/\/coredevx.com\/site\/wp-content\/uploads\/2023\/05\/COREDEVX-logo.svg","width":"1024","height":"1024","caption":"Consultora y Centro de Investigacion COREDEVX SpA"},"image":{"@id":"https:\/\/coredevx.com\/site\/#\/schema\/logo\/image\/"},"sameAs":["https:\/\/www.facebook.com\/coredevxspa","https:\/\/x.com\/coredevx","https:\/\/www.instagram.com\/coredevx\/","https:\/\/www.linkedin.com\/company\/consultora-&-centro-de-investigacin-coredevx-spa\/?trk=prof-following-company-logo"]}]}},"_links":{"self":[{"href":"https:\/\/coredevx.com\/site\/wp-json\/wp\/v2\/pages\/10938","targetHints":{"allow":["GET"]}}],"collection":[{"href":"https:\/\/coredevx.com\/site\/wp-json\/wp\/v2\/pages"}],"about":[{"href":"https:\/\/coredevx.com\/site\/wp-json\/wp\/v2\/types\/page"}],"author":[{"embeddable":true,"href":"https:\/\/coredevx.com\/site\/wp-json\/wp\/v2\/users\/4"}],"replies":[{"embeddable":true,"href":"https:\/\/coredevx.com\/site\/wp-json\/wp\/v2\/comments?post=10938"}],"version-history":[{"count":5,"href":"https:\/\/coredevx.com\/site\/wp-json\/wp\/v2\/pages\/10938\/revisions"}],"predecessor-version":[{"id":12553,"href":"https:\/\/coredevx.com\/site\/wp-json\/wp\/v2\/pages\/10938\/revisions\/12553"}],"up":[{"embeddable":true,"href":"https:\/\/coredevx.com\/site\/wp-json\/wp\/v2\/pages\/1476"}],"wp:attachment":[{"href":"https:\/\/coredevx.com\/site\/wp-json\/wp\/v2\/media?parent=10938"}],"curies":[{"name":"wp","href":"https:\/\/api.w.org\/{rel}","templated":true}]}}