{"id":10685,"date":"2024-05-03T23:19:53","date_gmt":"2024-05-03T23:19:53","guid":{"rendered":"https:\/\/coredevx.com\/site\/?page_id=10685"},"modified":"2024-05-10T19:11:25","modified_gmt":"2024-05-10T19:11:25","slug":"universidad-de-los-andes","status":"publish","type":"page","link":"https:\/\/coredevx.com\/site\/academy\/universidad-de-los-andes\/","title":{"rendered":"Universidad de los Andes"},"content":{"rendered":"\t\t<div data-elementor-type=\"wp-page\" data-elementor-id=\"10685\" class=\"elementor elementor-10685\" data-elementor-post-type=\"page\">\n\t\t\t\t<div class=\"elementor-element elementor-element-8d91ea1 e-flex e-con-boxed e-con e-parent\" data-id=\"8d91ea1\" data-element_type=\"container\" data-settings=\"{&quot;background_background&quot;:&quot;classic&quot;}\">\n\t\t\t\t\t<div class=\"e-con-inner\">\n\t\t<div class=\"elementor-element elementor-element-50ef2f3 e-con-full e-flex e-con e-child\" data-id=\"50ef2f3\" data-element_type=\"container\">\n\t\t\t\t<div class=\"elementor-element elementor-element-45e6113 elementor-widget__width-initial elementor-widget-mobile__width-inherit ep-parallax-effects-yes elementor-widget elementor-widget-heading\" data-id=\"45e6113\" data-element_type=\"widget\" data-settings=\"{&quot;ep_parallax_effects_show&quot;:&quot;yes&quot;,&quot;ep_parallax_effects_rotate_start&quot;:{&quot;unit&quot;:&quot;px&quot;,&quot;size&quot;:&quot;&quot;,&quot;sizes&quot;:[]},&quot;ep_parallax_effects_rotate_end&quot;:{&quot;unit&quot;:&quot;px&quot;,&quot;size&quot;:&quot;&quot;,&quot;sizes&quot;:[]},&quot;ep_parallax_effects_scale_start&quot;:{&quot;unit&quot;:&quot;px&quot;,&quot;size&quot;:1,&quot;sizes&quot;:[]},&quot;ep_parallax_effects_scale_end&quot;:{&quot;unit&quot;:&quot;px&quot;,&quot;size&quot;:1,&quot;sizes&quot;:[]},&quot;ep_parallax_effects_hue_value&quot;:{&quot;unit&quot;:&quot;px&quot;,&quot;size&quot;:&quot;&quot;,&quot;sizes&quot;:[]},&quot;ep_parallax_effects_sepia_value&quot;:{&quot;unit&quot;:&quot;px&quot;,&quot;size&quot;:1,&quot;sizes&quot;:[]},&quot;ep_parallax_effects_easing_value&quot;:{&quot;unit&quot;:&quot;px&quot;,&quot;size&quot;:1,&quot;sizes&quot;:[]},&quot;ep_parallax_effects_target&quot;:&quot;self&quot;}\" data-widget_type=\"heading.default\">\n\t\t\t\t<div class=\"elementor-widget-container\">\n\t\t\t\t\t<h1 class=\"elementor-heading-title elementor-size-default\">Universidad de los Andes<\/h1>\t\t\t\t<\/div>\n\t\t\t\t<\/div>\n\t\t\t\t<div class=\"elementor-element elementor-element-96d63bc elementor-widget__width-initial elementor-widget-mobile__width-inherit elementor-widget elementor-widget-text-editor\" data-id=\"96d63bc\" data-element_type=\"widget\" data-widget_type=\"text-editor.default\">\n\t\t\t\t<div class=\"elementor-widget-container\">\n\t\t\t\t\t\t\t\t\t<p>Establecemos alianzas estrat\u00e9gicas para realizar investigaciones pioneras en \u00e1reas clave de la tecnolog\u00eda.<\/p>\t\t\t\t\t\t\t\t<\/div>\n\t\t\t\t<\/div>\n\t\t\t\t<\/div>\n\t\t\t\t\t<\/div>\n\t\t\t\t<\/div>\n\t\t<div class=\"elementor-element elementor-element-c1f7cf9 e-flex e-con-boxed e-con e-parent\" data-id=\"c1f7cf9\" data-element_type=\"container\">\n\t\t\t\t\t<div class=\"e-con-inner\">\n\t\t\t\t<div class=\"elementor-element elementor-element-ec6eb18 elementor-widget elementor-widget-heading\" data-id=\"ec6eb18\" data-element_type=\"widget\" data-widget_type=\"heading.default\">\n\t\t\t\t<div class=\"elementor-widget-container\">\n\t\t\t\t\t<h3 class=\"elementor-heading-title elementor-size-default\">Convenio Marco de Colaboraci\u00f3n<\/h3>\t\t\t\t<\/div>\n\t\t\t\t<\/div>\n\t\t<div class=\"elementor-element elementor-element-eabbeb8 e-con-full e-flex e-con e-child\" data-id=\"eabbeb8\" data-element_type=\"container\">\n\t\t<div class=\"elementor-element elementor-element-0cd4ca1 e-con-full e-flex e-con e-child\" data-id=\"0cd4ca1\" data-element_type=\"container\">\n\t\t\t\t<div class=\"elementor-element elementor-element-d8fa307 elementor-widget elementor-widget-image\" data-id=\"d8fa307\" data-element_type=\"widget\" data-widget_type=\"image.default\">\n\t\t\t\t<div class=\"elementor-widget-container\">\n\t\t\t\t\t\t\t\t\t\t\t\t\t\t\t<img fetchpriority=\"high\" decoding=\"async\" width=\"605\" height=\"289\" src=\"https:\/\/coredevx.com\/site\/wp-content\/uploads\/2024\/05\/UANDES_CoreDevX.jpg\" class=\"attachment-full size-full wp-image-10690\" alt=\"\" srcset=\"https:\/\/coredevx.com\/site\/wp-content\/uploads\/2024\/05\/UANDES_CoreDevX.jpg 605w, https:\/\/coredevx.com\/site\/wp-content\/uploads\/2024\/05\/UANDES_CoreDevX-300x143.jpg 300w\" sizes=\"(max-width: 605px) 100vw, 605px\" \/>\t\t\t\t\t\t\t\t\t\t\t\t\t\t\t<\/div>\n\t\t\t\t<\/div>\n\t\t\t\t<\/div>\n\t\t<div class=\"elementor-element elementor-element-353d35c e-con-full e-flex e-con e-child\" data-id=\"353d35c\" data-element_type=\"container\">\n\t\t\t\t<div class=\"elementor-element elementor-element-8ab186c elementor-widget elementor-widget-text-editor\" data-id=\"8ab186c\" data-element_type=\"widget\" data-widget_type=\"text-editor.default\">\n\t\t\t\t<div class=\"elementor-widget-container\">\n\t\t\t\t\t\t\t\t\t<p>Universidad de los Andes, en conjunto con coreDevX est\u00e1 desarrollando diversas iniciativas enfocadas a tecnolog\u00edas de punta, como Datascience, Inteligencia Artificial, Quantum Computing, Impresi\u00f3n 3D, entre otras.<\/p>\t\t\t\t\t\t\t\t<\/div>\n\t\t\t\t<\/div>\n\t\t\t\t<\/div>\n\t\t\t\t<\/div>\n\t\t\t\t\t<\/div>\n\t\t\t\t<\/div>\n\t\t<div class=\"elementor-element elementor-element-05dab6f e-flex e-con-boxed e-con e-parent\" data-id=\"05dab6f\" data-element_type=\"container\">\n\t\t\t\t\t<div class=\"e-con-inner\">\n\t\t\t\t<div class=\"elementor-element elementor-element-1382cdc elementor-widget elementor-widget-text-editor\" data-id=\"1382cdc\" data-element_type=\"widget\" data-widget_type=\"text-editor.default\">\n\t\t\t\t<div class=\"elementor-widget-container\">\n\t\t\t\t\t\t\t\t\t<p>Dentro de las actividades iniciales desarrolladas en conjunto se destacan las ligadas a la participaci\u00f3n de especialistas de coreDevX en seminarios, clases y charlas dictadas a la comunidad acad\u00e9mica de la Universidad de los Andes, abordando temas de alta relevancia tecnol\u00f3gica como es el caso de Datascience, Inteligencia Artificial, Quantum Computing e Impresi\u00f3n 3D.<\/p>\t\t\t\t\t\t\t\t<\/div>\n\t\t\t\t<\/div>\n\t\t\t\t<div class=\"elementor-element elementor-element-42029ea elementor-widget elementor-widget-image\" data-id=\"42029ea\" data-element_type=\"widget\" data-widget_type=\"image.default\">\n\t\t\t\t<div class=\"elementor-widget-container\">\n\t\t\t\t\t\t\t\t\t\t\t\t\t\t\t<img decoding=\"async\" width=\"1610\" height=\"524\" src=\"https:\/\/coredevx.com\/site\/wp-content\/uploads\/2024\/05\/UANDES-foto_CoreDevX.jpg\" class=\"attachment-full size-full wp-image-10694\" alt=\"\" srcset=\"https:\/\/coredevx.com\/site\/wp-content\/uploads\/2024\/05\/UANDES-foto_CoreDevX.jpg 1610w, https:\/\/coredevx.com\/site\/wp-content\/uploads\/2024\/05\/UANDES-foto_CoreDevX-300x98.jpg 300w, https:\/\/coredevx.com\/site\/wp-content\/uploads\/2024\/05\/UANDES-foto_CoreDevX-1024x333.jpg 1024w, https:\/\/coredevx.com\/site\/wp-content\/uploads\/2024\/05\/UANDES-foto_CoreDevX-768x250.jpg 768w, https:\/\/coredevx.com\/site\/wp-content\/uploads\/2024\/05\/UANDES-foto_CoreDevX-1536x500.jpg 1536w, https:\/\/coredevx.com\/site\/wp-content\/uploads\/2024\/05\/UANDES-foto_CoreDevX-650x212.jpg 650w\" sizes=\"(max-width: 1610px) 100vw, 1610px\" \/>\t\t\t\t\t\t\t\t\t\t\t\t\t\t\t<\/div>\n\t\t\t\t<\/div>\n\t\t\t\t<div class=\"elementor-element elementor-element-4028ea2 elementor-widget elementor-widget-text-editor\" data-id=\"4028ea2\" data-element_type=\"widget\" data-widget_type=\"text-editor.default\">\n\t\t\t\t<div class=\"elementor-widget-container\">\n\t\t\t\t\t\t\t\t\t<p>Durante mayo del 2024 ayudamos en la estrategia e implementaci\u00f3n del OpenLab UANDES, el cual es un espacio dispuesto por la Universidad con el fin de fomentar la colaboraci\u00f3n e innovaci\u00f3n tecnol\u00f3gica. coreDevX coopero con la estrategia e implementaci\u00f3n tecnol\u00f3gica de este espacio, brindando dispositivos de \u00faltima l\u00ednea tales como impresoras 3D, Esc\u00e1ner 3D y Lentes de Realidad Aumentada, a fin de entregar a los alumnos, docentes e investigadores un laboratorio abierto enfocado al \u00e9xito de sus proyectos.<\/p>\t\t\t\t\t\t\t\t<\/div>\n\t\t\t\t<\/div>\n\t\t\t\t\t<\/div>\n\t\t\t\t<\/div>\n\t\t<div class=\"elementor-element elementor-element-c606836 e-flex e-con-boxed e-con e-parent\" data-id=\"c606836\" data-element_type=\"container\">\n\t\t\t\t\t<div class=\"e-con-inner\">\n\t\t\t\t<div class=\"elementor-element elementor-element-ee00cae elementor-widget elementor-widget-heading\" data-id=\"ee00cae\" data-element_type=\"widget\" data-widget_type=\"heading.default\">\n\t\t\t\t<div class=\"elementor-widget-container\">\n\t\t\t\t\t<h2 class=\"elementor-heading-title elementor-size-default\">Noticias relacionadas<\/h2>\t\t\t\t<\/div>\n\t\t\t\t<\/div>\n\t\t\t\t<div class=\"elementor-element elementor-element-04a6d85 elementor-grid-tablet-3 elementor-grid-3 elementor-grid-mobile-1 elementor-posts--thumbnail-top elementor-card-shadow-yes elementor-posts__hover-gradient elementor-widget elementor-widget-posts\" data-id=\"04a6d85\" data-element_type=\"widget\" data-settings=\"{&quot;cards_columns_tablet&quot;:&quot;3&quot;,&quot;cards_columns&quot;:&quot;3&quot;,&quot;cards_columns_mobile&quot;:&quot;1&quot;,&quot;cards_row_gap&quot;:{&quot;unit&quot;:&quot;px&quot;,&quot;size&quot;:35,&quot;sizes&quot;:[]},&quot;cards_row_gap_tablet&quot;:{&quot;unit&quot;:&quot;px&quot;,&quot;size&quot;:&quot;&quot;,&quot;sizes&quot;:[]},&quot;cards_row_gap_mobile&quot;:{&quot;unit&quot;:&quot;px&quot;,&quot;size&quot;:&quot;&quot;,&quot;sizes&quot;:[]}}\" data-widget_type=\"posts.cards\">\n\t\t\t\t<div class=\"elementor-widget-container\">\n\t\t\t\t\t\t\t<div class=\"elementor-posts-container elementor-posts elementor-posts--skin-cards elementor-grid\" role=\"list\">\n\t\t\t\t<article class=\"elementor-post elementor-grid-item post-14459 post type-post status-publish format-standard has-post-thumbnail hentry category-academy\" role=\"listitem\">\n\t\t\t<div class=\"elementor-post__card\">\n\t\t\t\t<a class=\"elementor-post__thumbnail__link\" href=\"https:\/\/coredevx.com\/site\/acuerdo-de-colaboracion-uss\/\" tabindex=\"-1\" ><div class=\"elementor-post__thumbnail\"><img decoding=\"async\" width=\"300\" height=\"240\" src=\"https:\/\/coredevx.com\/site\/wp-content\/uploads\/2025\/10\/1760549662044-300x240.jpeg\" class=\"attachment-medium size-medium wp-image-14465\" alt=\"\" srcset=\"https:\/\/coredevx.com\/site\/wp-content\/uploads\/2025\/10\/1760549662044-300x240.jpeg 300w, https:\/\/coredevx.com\/site\/wp-content\/uploads\/2025\/10\/1760549662044-1024x819.jpeg 1024w, https:\/\/coredevx.com\/site\/wp-content\/uploads\/2025\/10\/1760549662044-768x614.jpeg 768w, https:\/\/coredevx.com\/site\/wp-content\/uploads\/2025\/10\/1760549662044-1536x1229.jpeg 1536w, https:\/\/coredevx.com\/site\/wp-content\/uploads\/2025\/10\/1760549662044-650x520.jpeg 650w, https:\/\/coredevx.com\/site\/wp-content\/uploads\/2025\/10\/1760549662044.jpeg 1920w\" sizes=\"(max-width: 300px) 100vw, 300px\" \/><\/div><\/a>\n\t\t\t\t<div class=\"elementor-post__badge\">Academy<\/div>\n\t\t\t\t<div class=\"elementor-post__text\">\n\t\t\t\t<h3 class=\"elementor-post__title\">\n\t\t\t<a href=\"https:\/\/coredevx.com\/site\/acuerdo-de-colaboracion-uss\/\" >\n\t\t\t\tAcuerdo de colaboraci\u00f3n Universidad San Sebasti\u00e1n\t\t\t<\/a>\n\t\t<\/h3>\n\t\t\n\t\t<a class=\"elementor-post__read-more\" href=\"https:\/\/coredevx.com\/site\/acuerdo-de-colaboracion-uss\/\" aria-label=\"M\u00e1s informaci\u00f3n sobre Acuerdo de colaboraci\u00f3n Universidad San Sebasti\u00e1n\" tabindex=\"-1\" >\n\t\t\tVer m\u00e1s \u00bb\t\t<\/a>\n\n\t\t\t\t<\/div>\n\t\t\t\t<div class=\"elementor-post__meta-data\">\n\t\t\t\t\t<span class=\"elementor-post-date\">\n\t\t\toctubre 16, 2025\t\t<\/span>\n\t\t\t\t<\/div>\n\t\t\t\t\t<\/div>\n\t\t<\/article>\n\t\t\t\t<article class=\"elementor-post elementor-grid-item post-12645 post type-post status-publish format-standard has-post-thumbnail hentry category-academy category-usach\" role=\"listitem\">\n\t\t\t<div class=\"elementor-post__card\">\n\t\t\t\t<a class=\"elementor-post__thumbnail__link\" href=\"https:\/\/coredevx.com\/site\/acuerdo-de-colaboracion-usach\/\" tabindex=\"-1\" ><div class=\"elementor-post__thumbnail\"><img loading=\"lazy\" decoding=\"async\" width=\"300\" height=\"200\" src=\"https:\/\/coredevx.com\/site\/wp-content\/uploads\/2024\/08\/usach-web-300x200.png\" class=\"attachment-medium size-medium wp-image-12648\" alt=\"\" srcset=\"https:\/\/coredevx.com\/site\/wp-content\/uploads\/2024\/08\/usach-web-300x200.png 300w, https:\/\/coredevx.com\/site\/wp-content\/uploads\/2024\/08\/usach-web-768x512.png 768w, https:\/\/coredevx.com\/site\/wp-content\/uploads\/2024\/08\/usach-web-650x433.png 650w, https:\/\/coredevx.com\/site\/wp-content\/uploads\/2024\/08\/usach-web.png 800w\" sizes=\"(max-width: 300px) 100vw, 300px\" \/><\/div><\/a>\n\t\t\t\t<div class=\"elementor-post__badge\">Academy<\/div>\n\t\t\t\t<div class=\"elementor-post__text\">\n\t\t\t\t<h3 class=\"elementor-post__title\">\n\t\t\t<a href=\"https:\/\/coredevx.com\/site\/acuerdo-de-colaboracion-usach\/\" >\n\t\t\t\tAcuerdo de colaboraci\u00f3n USACH\t\t\t<\/a>\n\t\t<\/h3>\n\t\t\n\t\t<a class=\"elementor-post__read-more\" href=\"https:\/\/coredevx.com\/site\/acuerdo-de-colaboracion-usach\/\" aria-label=\"M\u00e1s informaci\u00f3n sobre Acuerdo de colaboraci\u00f3n USACH\" tabindex=\"-1\" >\n\t\t\tVer m\u00e1s \u00bb\t\t<\/a>\n\n\t\t\t\t<\/div>\n\t\t\t\t<div class=\"elementor-post__meta-data\">\n\t\t\t\t\t<span class=\"elementor-post-date\">\n\t\t\tagosto 19, 2024\t\t<\/span>\n\t\t\t\t<\/div>\n\t\t\t\t\t<\/div>\n\t\t<\/article>\n\t\t\t\t<article class=\"elementor-post elementor-grid-item post-12620 post type-post status-publish format-standard has-post-thumbnail hentry category-academy category-ucn\" role=\"listitem\">\n\t\t\t<div class=\"elementor-post__card\">\n\t\t\t\t<a class=\"elementor-post__thumbnail__link\" href=\"https:\/\/coredevx.com\/site\/visita-comitiva-ucn\/\" tabindex=\"-1\" ><div class=\"elementor-post__thumbnail\"><img loading=\"lazy\" decoding=\"async\" width=\"300\" height=\"224\" src=\"https:\/\/coredevx.com\/site\/wp-content\/uploads\/2024\/07\/IMG_9626-e1722374854664-300x224.jpg\" class=\"attachment-medium size-medium wp-image-12621\" alt=\"\" srcset=\"https:\/\/coredevx.com\/site\/wp-content\/uploads\/2024\/07\/IMG_9626-e1722374854664-300x224.jpg 300w, https:\/\/coredevx.com\/site\/wp-content\/uploads\/2024\/07\/IMG_9626-e1722374854664-768x573.jpg 768w, https:\/\/coredevx.com\/site\/wp-content\/uploads\/2024\/07\/IMG_9626-e1722374854664-1024x765.jpg 1024w, https:\/\/coredevx.com\/site\/wp-content\/uploads\/2024\/07\/IMG_9626-e1722374854664-1536x1147.jpg 1536w, https:\/\/coredevx.com\/site\/wp-content\/uploads\/2024\/07\/IMG_9626-e1722374854664-2048x1529.jpg 2048w, https:\/\/coredevx.com\/site\/wp-content\/uploads\/2024\/07\/IMG_9626-e1722374854664-650x485.jpg 650w\" sizes=\"(max-width: 300px) 100vw, 300px\" \/><\/div><\/a>\n\t\t\t\t<div class=\"elementor-post__badge\">Academy<\/div>\n\t\t\t\t<div class=\"elementor-post__text\">\n\t\t\t\t<h3 class=\"elementor-post__title\">\n\t\t\t<a href=\"https:\/\/coredevx.com\/site\/visita-comitiva-ucn\/\" >\n\t\t\t\tVisita comitiva de la Universidad Cat\u00f3lica del Norte\t\t\t<\/a>\n\t\t<\/h3>\n\t\t\n\t\t<a class=\"elementor-post__read-more\" href=\"https:\/\/coredevx.com\/site\/visita-comitiva-ucn\/\" aria-label=\"M\u00e1s informaci\u00f3n sobre Visita comitiva de la Universidad Cat\u00f3lica del Norte\" tabindex=\"-1\" >\n\t\t\tVer m\u00e1s \u00bb\t\t<\/a>\n\n\t\t\t\t<\/div>\n\t\t\t\t<div class=\"elementor-post__meta-data\">\n\t\t\t\t\t<span class=\"elementor-post-date\">\n\t\t\tjulio 30, 2024\t\t<\/span>\n\t\t\t\t<\/div>\n\t\t\t\t\t<\/div>\n\t\t<\/article>\n\t\t\t\t<\/div>\n\t\t\n\t\t\t\t\t\t<\/div>\n\t\t\t\t<\/div>\n\t\t\t\t\t<\/div>\n\t\t\t\t<\/div>\n\t\t\t\t<\/div>\n\t\t","protected":false},"excerpt":{"rendered":"<p>Establecemos alianzas estrat\u00e9gicas para realizar investigaciones pioneras en \u00e1reas clave de la tecnolog\u00eda. Convenio Marco de Colaboraci\u00f3n Universidad de los Andes, en<\/p>\n","protected":false},"author":4,"featured_media":0,"parent":10618,"menu_order":0,"comment_status":"closed","ping_status":"closed","template":"","meta":{"footnotes":""},"class_list":["post-10685","page","type-page","status-publish","hentry"],"yoast_head":"<!-- This site is optimized with the Yoast SEO Premium plugin v26.6 (Yoast SEO v27.3) - https:\/\/yoast.com\/product\/yoast-seo-premium-wordpress\/ -->\n<title>Universidad de los Andes - coreDevX<\/title>\n<meta name=\"robots\" content=\"index, follow, max-snippet:-1, max-image-preview:large, max-video-preview:-1\" \/>\n<link rel=\"canonical\" href=\"https:\/\/coredevx.com\/site\/academy\/universidad-de-los-andes\/\" \/>\n<meta property=\"og:locale\" content=\"es_ES\" \/>\n<meta property=\"og:type\" content=\"article\" \/>\n<meta property=\"og:title\" content=\"Universidad de los Andes\" \/>\n<meta property=\"og:description\" content=\"Establecemos alianzas estrat\u00e9gicas para realizar investigaciones pioneras en \u00e1reas clave de la tecnolog\u00eda. Convenio Marco de Colaboraci\u00f3n Universidad de los Andes, en\" \/>\n<meta property=\"og:url\" content=\"https:\/\/coredevx.com\/site\/academy\/universidad-de-los-andes\/\" \/>\n<meta property=\"og:site_name\" content=\"coreDevX\" \/>\n<meta property=\"article:publisher\" content=\"https:\/\/www.facebook.com\/coredevxspa\" \/>\n<meta property=\"article:modified_time\" content=\"2024-05-10T19:11:25+00:00\" \/>\n<meta property=\"og:image\" content=\"https:\/\/coredevx.com\/site\/wp-content\/uploads\/2024\/05\/UANDES_CoreDevX.jpg\" \/>\n<meta name=\"twitter:card\" content=\"summary_large_image\" \/>\n<meta name=\"twitter:site\" content=\"@coredevx\" \/>\n<meta name=\"twitter:label1\" content=\"Tiempo de lectura\" \/>\n\t<meta name=\"twitter:data1\" content=\"2 minutos\" \/>\n<script type=\"application\/ld+json\" class=\"yoast-schema-graph\">{\"@context\":\"https:\\\/\\\/schema.org\",\"@graph\":[{\"@type\":\"WebPage\",\"@id\":\"https:\\\/\\\/coredevx.com\\\/site\\\/academy\\\/universidad-de-los-andes\\\/\",\"url\":\"https:\\\/\\\/coredevx.com\\\/site\\\/academy\\\/universidad-de-los-andes\\\/\",\"name\":\"Universidad de los Andes - coreDevX\",\"isPartOf\":{\"@id\":\"https:\\\/\\\/coredevx.com\\\/site\\\/#website\"},\"primaryImageOfPage\":{\"@id\":\"https:\\\/\\\/coredevx.com\\\/site\\\/academy\\\/universidad-de-los-andes\\\/#primaryimage\"},\"image\":{\"@id\":\"https:\\\/\\\/coredevx.com\\\/site\\\/academy\\\/universidad-de-los-andes\\\/#primaryimage\"},\"thumbnailUrl\":\"https:\\\/\\\/coredevx.com\\\/site\\\/wp-content\\\/uploads\\\/2024\\\/05\\\/UANDES_CoreDevX.jpg\",\"datePublished\":\"2024-05-03T23:19:53+00:00\",\"dateModified\":\"2024-05-10T19:11:25+00:00\",\"breadcrumb\":{\"@id\":\"https:\\\/\\\/coredevx.com\\\/site\\\/academy\\\/universidad-de-los-andes\\\/#breadcrumb\"},\"inLanguage\":\"es\",\"potentialAction\":[{\"@type\":\"ReadAction\",\"target\":[\"https:\\\/\\\/coredevx.com\\\/site\\\/academy\\\/universidad-de-los-andes\\\/\"]}]},{\"@type\":\"ImageObject\",\"inLanguage\":\"es\",\"@id\":\"https:\\\/\\\/coredevx.com\\\/site\\\/academy\\\/universidad-de-los-andes\\\/#primaryimage\",\"url\":\"https:\\\/\\\/coredevx.com\\\/site\\\/wp-content\\\/uploads\\\/2024\\\/05\\\/UANDES_CoreDevX.jpg\",\"contentUrl\":\"https:\\\/\\\/coredevx.com\\\/site\\\/wp-content\\\/uploads\\\/2024\\\/05\\\/UANDES_CoreDevX.jpg\",\"width\":605,\"height\":289},{\"@type\":\"BreadcrumbList\",\"@id\":\"https:\\\/\\\/coredevx.com\\\/site\\\/academy\\\/universidad-de-los-andes\\\/#breadcrumb\",\"itemListElement\":[{\"@type\":\"ListItem\",\"position\":1,\"name\":\"Portada\",\"item\":\"https:\\\/\\\/coredevx.com\\\/site\\\/\"},{\"@type\":\"ListItem\",\"position\":2,\"name\":\"Academy\",\"item\":\"https:\\\/\\\/coredevx.com\\\/site\\\/academy\\\/\"},{\"@type\":\"ListItem\",\"position\":3,\"name\":\"Universidad de los Andes\"}]},{\"@type\":\"WebSite\",\"@id\":\"https:\\\/\\\/coredevx.com\\\/site\\\/#website\",\"url\":\"https:\\\/\\\/coredevx.com\\\/site\\\/\",\"name\":\"coreDevX\",\"description\":\"Consultora y Centro de Investigaci\u00f3n\",\"publisher\":{\"@id\":\"https:\\\/\\\/coredevx.com\\\/site\\\/#organization\"},\"potentialAction\":[{\"@type\":\"SearchAction\",\"target\":{\"@type\":\"EntryPoint\",\"urlTemplate\":\"https:\\\/\\\/coredevx.com\\\/site\\\/?s={search_term_string}\"},\"query-input\":{\"@type\":\"PropertyValueSpecification\",\"valueRequired\":true,\"valueName\":\"search_term_string\"}}],\"inLanguage\":\"es\"},{\"@type\":\"Organization\",\"@id\":\"https:\\\/\\\/coredevx.com\\\/site\\\/#organization\",\"name\":\"Consultora y Centro de Investigacion COREDEVX SpA\",\"alternateName\":\"COREDEVX\",\"url\":\"https:\\\/\\\/coredevx.com\\\/site\\\/\",\"logo\":{\"@type\":\"ImageObject\",\"inLanguage\":\"es\",\"@id\":\"https:\\\/\\\/coredevx.com\\\/site\\\/#\\\/schema\\\/logo\\\/image\\\/\",\"url\":\"https:\\\/\\\/coredevx.com\\\/site\\\/wp-content\\\/uploads\\\/2023\\\/05\\\/COREDEVX-logo.svg\",\"contentUrl\":\"https:\\\/\\\/coredevx.com\\\/site\\\/wp-content\\\/uploads\\\/2023\\\/05\\\/COREDEVX-logo.svg\",\"width\":\"1024\",\"height\":\"1024\",\"caption\":\"Consultora y Centro de Investigacion COREDEVX SpA\"},\"image\":{\"@id\":\"https:\\\/\\\/coredevx.com\\\/site\\\/#\\\/schema\\\/logo\\\/image\\\/\"},\"sameAs\":[\"https:\\\/\\\/www.facebook.com\\\/coredevxspa\",\"https:\\\/\\\/x.com\\\/coredevx\",\"https:\\\/\\\/www.instagram.com\\\/coredevx\\\/\",\"https:\\\/\\\/www.linkedin.com\\\/company\\\/consultora-&-centro-de-investigacin-coredevx-spa\\\/?trk=prof-following-company-logo\"]}]}<\/script>\n<!-- \/ Yoast SEO Premium plugin. -->","yoast_head_json":{"title":"Universidad de los Andes - coreDevX","robots":{"index":"index","follow":"follow","max-snippet":"max-snippet:-1","max-image-preview":"max-image-preview:large","max-video-preview":"max-video-preview:-1"},"canonical":"https:\/\/coredevx.com\/site\/academy\/universidad-de-los-andes\/","og_locale":"es_ES","og_type":"article","og_title":"Universidad de los Andes","og_description":"Establecemos alianzas estrat\u00e9gicas para realizar investigaciones pioneras en \u00e1reas clave de la tecnolog\u00eda. Convenio Marco de Colaboraci\u00f3n Universidad de los Andes, en","og_url":"https:\/\/coredevx.com\/site\/academy\/universidad-de-los-andes\/","og_site_name":"coreDevX","article_publisher":"https:\/\/www.facebook.com\/coredevxspa","article_modified_time":"2024-05-10T19:11:25+00:00","og_image":[{"url":"https:\/\/coredevx.com\/site\/wp-content\/uploads\/2024\/05\/UANDES_CoreDevX.jpg","type":"","width":"","height":""}],"twitter_card":"summary_large_image","twitter_site":"@coredevx","twitter_misc":{"Tiempo de lectura":"2 minutos"},"schema":{"@context":"https:\/\/schema.org","@graph":[{"@type":"WebPage","@id":"https:\/\/coredevx.com\/site\/academy\/universidad-de-los-andes\/","url":"https:\/\/coredevx.com\/site\/academy\/universidad-de-los-andes\/","name":"Universidad de los Andes - coreDevX","isPartOf":{"@id":"https:\/\/coredevx.com\/site\/#website"},"primaryImageOfPage":{"@id":"https:\/\/coredevx.com\/site\/academy\/universidad-de-los-andes\/#primaryimage"},"image":{"@id":"https:\/\/coredevx.com\/site\/academy\/universidad-de-los-andes\/#primaryimage"},"thumbnailUrl":"https:\/\/coredevx.com\/site\/wp-content\/uploads\/2024\/05\/UANDES_CoreDevX.jpg","datePublished":"2024-05-03T23:19:53+00:00","dateModified":"2024-05-10T19:11:25+00:00","breadcrumb":{"@id":"https:\/\/coredevx.com\/site\/academy\/universidad-de-los-andes\/#breadcrumb"},"inLanguage":"es","potentialAction":[{"@type":"ReadAction","target":["https:\/\/coredevx.com\/site\/academy\/universidad-de-los-andes\/"]}]},{"@type":"ImageObject","inLanguage":"es","@id":"https:\/\/coredevx.com\/site\/academy\/universidad-de-los-andes\/#primaryimage","url":"https:\/\/coredevx.com\/site\/wp-content\/uploads\/2024\/05\/UANDES_CoreDevX.jpg","contentUrl":"https:\/\/coredevx.com\/site\/wp-content\/uploads\/2024\/05\/UANDES_CoreDevX.jpg","width":605,"height":289},{"@type":"BreadcrumbList","@id":"https:\/\/coredevx.com\/site\/academy\/universidad-de-los-andes\/#breadcrumb","itemListElement":[{"@type":"ListItem","position":1,"name":"Portada","item":"https:\/\/coredevx.com\/site\/"},{"@type":"ListItem","position":2,"name":"Academy","item":"https:\/\/coredevx.com\/site\/academy\/"},{"@type":"ListItem","position":3,"name":"Universidad de los Andes"}]},{"@type":"WebSite","@id":"https:\/\/coredevx.com\/site\/#website","url":"https:\/\/coredevx.com\/site\/","name":"coreDevX","description":"Consultora y Centro de Investigaci\u00f3n","publisher":{"@id":"https:\/\/coredevx.com\/site\/#organization"},"potentialAction":[{"@type":"SearchAction","target":{"@type":"EntryPoint","urlTemplate":"https:\/\/coredevx.com\/site\/?s={search_term_string}"},"query-input":{"@type":"PropertyValueSpecification","valueRequired":true,"valueName":"search_term_string"}}],"inLanguage":"es"},{"@type":"Organization","@id":"https:\/\/coredevx.com\/site\/#organization","name":"Consultora y Centro de Investigacion COREDEVX SpA","alternateName":"COREDEVX","url":"https:\/\/coredevx.com\/site\/","logo":{"@type":"ImageObject","inLanguage":"es","@id":"https:\/\/coredevx.com\/site\/#\/schema\/logo\/image\/","url":"https:\/\/coredevx.com\/site\/wp-content\/uploads\/2023\/05\/COREDEVX-logo.svg","contentUrl":"https:\/\/coredevx.com\/site\/wp-content\/uploads\/2023\/05\/COREDEVX-logo.svg","width":"1024","height":"1024","caption":"Consultora y Centro de Investigacion COREDEVX SpA"},"image":{"@id":"https:\/\/coredevx.com\/site\/#\/schema\/logo\/image\/"},"sameAs":["https:\/\/www.facebook.com\/coredevxspa","https:\/\/x.com\/coredevx","https:\/\/www.instagram.com\/coredevx\/","https:\/\/www.linkedin.com\/company\/consultora-&-centro-de-investigacin-coredevx-spa\/?trk=prof-following-company-logo"]}]}},"_links":{"self":[{"href":"https:\/\/coredevx.com\/site\/wp-json\/wp\/v2\/pages\/10685","targetHints":{"allow":["GET"]}}],"collection":[{"href":"https:\/\/coredevx.com\/site\/wp-json\/wp\/v2\/pages"}],"about":[{"href":"https:\/\/coredevx.com\/site\/wp-json\/wp\/v2\/types\/page"}],"author":[{"embeddable":true,"href":"https:\/\/coredevx.com\/site\/wp-json\/wp\/v2\/users\/4"}],"replies":[{"embeddable":true,"href":"https:\/\/coredevx.com\/site\/wp-json\/wp\/v2\/comments?post=10685"}],"version-history":[{"count":5,"href":"https:\/\/coredevx.com\/site\/wp-json\/wp\/v2\/pages\/10685\/revisions"}],"predecessor-version":[{"id":11999,"href":"https:\/\/coredevx.com\/site\/wp-json\/wp\/v2\/pages\/10685\/revisions\/11999"}],"up":[{"embeddable":true,"href":"https:\/\/coredevx.com\/site\/wp-json\/wp\/v2\/pages\/10618"}],"wp:attachment":[{"href":"https:\/\/coredevx.com\/site\/wp-json\/wp\/v2\/media?parent=10685"}],"curies":[{"name":"wp","href":"https:\/\/api.w.org\/{rel}","templated":true}]}}